{"id":998,"date":"2013-04-20T18:43:45","date_gmt":"2013-04-20T16:43:45","guid":{"rendered":"http:\/\/helensjoholm.nu\/_eng\/?page_id=998"},"modified":"2013-09-18T20:50:45","modified_gmt":"2013-09-18T18:50:45","slug":"various-2011","status":"publish","type":"page","link":"https:\/\/helensjoholm.nu\/_eng\/press-clips\/various-2011\/","title":{"rendered":"Various 2011"},"content":{"rendered":"<table style=\"width: 675px;\" border=\"1\" cellspacing=\"3\" cellpadding=\"3\">\n<tbody>\n<tr valign=\"top\">\n<td><strong>111214<\/strong><\/td>\n<td><a title=\"Finally premiere for Helen Sj\u00f6holm in Simon and the Oaks\" href=\"https:\/\/helensjoholm.nu\/_eng\/press-clips\/various-2011\/finally-premiere-for-helen-sjoholm-in-simon-and-the-oaks\/\">NVP &#8211; Finally premiere for Helen Sj\u00f6holm in Simon and the Oaks<\/a><\/td>\n<\/tr>\n<tr valign=\"top\">\n<td><strong>111201<\/strong><\/td>\n<td><a title=\"It will be busy\" href=\"https:\/\/helensjoholm.nu\/_eng\/press-clips\/various-2011\/it-will-be-busy\/\">Expressen &#8211; It will be busy<\/a><\/td>\n<\/tr>\n<tr valign=\"top\">\n<td><strong>111024<\/strong><\/td>\n<td><a title=\"Helen Sj\u00f6holm received scholarship\" href=\"https:\/\/helensjoholm.nu\/_eng\/press-clips\/various-2011\/helen-sjoholm-received-scholarship\/\">Dagbladet &#8211; Helen Sj\u00f6holm received scholarship<\/a><\/td>\n<\/tr>\n<tr valign=\"top\">\n<td><strong>111024<\/strong><\/td>\n<td><a title=\"Sj\u00f6holm sings for Slink In\" href=\"https:\/\/helensjoholm.nu\/_eng\/press-clips\/various-2011\/sjoholm-sings-for-slink-in\/\">Sundsvalls Tidning &#8211; Sj\u00f6holm sings for Slink In<\/a><\/td>\n<\/tr>\n<tr valign=\"top\">\n<td><strong>111021<\/strong><\/td>\n<td><a title=\"Single will be released for the benefit of Slink In\" href=\"https:\/\/helensjoholm.nu\/_eng\/press-clips\/various-2011\/single-will-be-released\/\">Dagbladet &#8211; Single will be released for the benefit of Slink In<\/a><\/td>\n<\/tr>\n<tr valign=\"top\">\n<td><strong>110729<\/strong><\/td>\n<td><a title=\"BAO behind the scenes\" href=\"https:\/\/helensjoholm.nu\/_eng\/press-clips\/various-2011\/bao-behind-the-scenes\/\">Aftonbladet &#8211; BAO behind the scenes<\/a><\/td>\n<\/tr>\n<tr valign=\"top\">\n<td><strong>110701<\/strong><\/td>\n<td><a title=\"Helen Sj\u00f6holm brings Wadenius and \u00d6stergren to Orust\" href=\"https:\/\/helensjoholm.nu\/_eng\/press-clips\/various-2011\/helen-sjoholm-brings-wadenius-and-ostergren-to-orust\/\">Bohusl\u00e4nningen &#8211; Helen Sj\u00f6holm brings Wadenius and \u00d6stergren to Orust<\/a><\/td>\n<\/tr>\n<tr valign=\"top\">\n<td><strong>110410<\/strong><\/td>\n<td><a title=\"Blood, sweat and laughter\" href=\"https:\/\/helensjoholm.nu\/_eng\/press-clips\/various-2011\/blood-sweat-and-laughter\/\">Aftonbladet &#8211; Blood, sweat and laughter<\/a><\/td>\n<\/tr>\n<tr valign=\"top\">\n<td><strong>110401<\/strong><\/td>\n<td><a title=\"Helen listens to her feelings\" href=\"https:\/\/helensjoholm.nu\/_eng\/press-clips\/various-2011\/helen-listens-to-her-feelings\/\">Sm\u00e5landsposten &#8211; Helen listens to her feelings<\/a><\/td>\n<\/tr>\n<tr valign=\"top\">\n<td width=\"130\"><strong>110329<\/strong><\/td>\n<td width=\"517\"><a title=\"She thanks ABBA-Benny for her career\" href=\"https:\/\/helensjoholm.nu\/_eng\/press-clips\/various-2011\/she-thanks-abba-benny-for-her-career\/\">Dalarnas Tidningar &#8211; She thanks ABBA-Benny for her career<\/a><\/td>\n<\/tr>\n<tr valign=\"top\">\n<td><strong>110320<\/strong><\/td>\n<td><a title=\"Oviken  church was sold out when Mikael Rahm invited to tooth soiree\" href=\"https:\/\/helensjoholm.nu\/_eng\/press-clips\/various-2011\/oviken-church-was-sold-out-when-mikael-rahm-invited-to-tooth-soiree\/\">LTZ &#8211; Oviken\u00a0 church was sold out when Mikael Rahm invited to tooth soiree<\/a><\/td>\n<\/tr>\n<tr valign=\"top\">\n<td><strong>110211<\/strong><\/td>\n<td><a title=\"I was amazed when I started listening\" href=\"https:\/\/helensjoholm.nu\/_eng\/press-clips\/various-2011\/i-was-amazed-when-i-started-listening\/\">NWT &#8211; I was amazed when I started listening<\/a><\/td>\n<\/tr>\n<\/tbody>\n<\/table>\n<hr \/>\n<p><a title=\"Press clips\" href=\"https:\/\/helensjoholm.nu\/_eng\/press-clips\/\">Back<\/a><\/p>\n","protected":false},"excerpt":{"rendered":"<p>111214 NVP &#8211; Finally premiere for Helen Sj\u00f6holm in Simon and the Oaks 111201 Expressen &#8211; It will be busy 111024 Dagbladet &#8211; Helen Sj\u00f6holm <a class=\"more-link\" href=\"https:\/\/helensjoholm.nu\/_eng\/press-clips\/various-2011\/\">Read More &#8230;<\/a><\/p>\n","protected":false},"author":1,"featured_media":0,"parent":152,"menu_order":0,"comment_status":"closed","ping_status":"open","template":"","meta":{"ngg_post_thumbnail":0,"footnotes":""},"class_list":["post-998","page","type-page","status-publish","hentry"],"aioseo_notices":[],"_links":{"self":[{"href":"https:\/\/helensjoholm.nu\/_eng\/wp-json\/wp\/v2\/pages\/998","targetHints":{"allow":["GET"]}}],"collection":[{"href":"https:\/\/helensjoholm.nu\/_eng\/wp-json\/wp\/v2\/pages"}],"about":[{"href":"https:\/\/helensjoholm.nu\/_eng\/wp-json\/wp\/v2\/types\/page"}],"author":[{"embeddable":true,"href":"https:\/\/helensjoholm.nu\/_eng\/wp-json\/wp\/v2\/users\/1"}],"replies":[{"embeddable":true,"href":"https:\/\/helensjoholm.nu\/_eng\/wp-json\/wp\/v2\/comments?post=998"}],"version-history":[{"count":0,"href":"https:\/\/helensjoholm.nu\/_eng\/wp-json\/wp\/v2\/pages\/998\/revisions"}],"up":[{"embeddable":true,"href":"https:\/\/helensjoholm.nu\/_eng\/wp-json\/wp\/v2\/pages\/152"}],"wp:attachment":[{"href":"https:\/\/helensjoholm.nu\/_eng\/wp-json\/wp\/v2\/media?parent=998"}],"curies":[{"name":"wp","href":"https:\/\/api.w.org\/{rel}","templated":true}]}}