{"id":976,"date":"2013-04-20T16:40:48","date_gmt":"2013-04-20T14:40:48","guid":{"rendered":"http:\/\/helensjoholm.nu\/_eng\/?page_id=976"},"modified":"2022-03-13T19:22:43","modified_gmt":"2022-03-13T17:22:43","slug":"everything-a-good-show-should-have","status":"publish","type":"page","link":"https:\/\/helensjoholm.nu\/_eng\/press-clips\/reviews-2011\/everything-a-good-show-should-have\/","title":{"rendered":"Everything a good show should have"},"content":{"rendered":"<p><strong>Strengn\u00e4s Tidning 110729<\/strong><\/p>\n<p>By: MALIN ENGLUND<\/p>\n<p><strong>CONCERT <\/strong><br \/>\n<strong>Benny Andersson Band <\/strong><br \/>\n<strong>Gripsholm Castle, Mariefred<\/strong><\/p>\n<p>Benny Andersson Band with Helen Sj\u00f6holm and Tommy K\u00f6rberg in the lead offered a dazzling dance entertainment when they last night visited Gripsholm Castle in Mariefred. During the summer the seventeen-member band will be doing eight gigs around Sweden and Mariefred is the penultimate stop in the tour.<\/p>\n<p>It\u00b4s the third time they are back in Gripsholm, last time was two years ago, and it isn\u00b4t hard to figure out why. The environment on the small isle is indescribably beautiful, especially on a summer evening like this. The grand stage is surrounded on the right side by the old brick castle and on the left side by the sparkling water and a blazing sunset.<\/p>\n<p>NEARLY FIVE THOUSAND PEOPLE crowded on the grass on blankets and camping chairs, and even a bunch of boats are bobbing in the water. In front of the stage they have built a large dance floor that is decorated with colored lights. It feels like being in a people&#8217;s park idyll.<\/p>\n<p>The band enters the stage according to schedule and opens immediately with a waltz, and it does not take long before the dance floor is full of people. But the real atmosphere appears when Helen Sj\u00f6holm and Tommy K\u00f6rberg enter the stage a few minutes later. They are truly amazing the whole evening, both together and separately. Sj\u00f6holm is incredibly energetic, and makes dance moves in the very first song. K\u00f6rberg makes a strong and memorable version of Jussi Bjorling&#8217;s &#8220;M\u00e5nstr\u00e5lar klara&#8221; and Sj\u00f6holm sings with her warm and vibrant voice &#8220;K\u00e4ra syster&#8221;, which is one of the songs from the new album, &#8220;O Klang och Jubeltid&#8221;. Other musical highlights during the evening are &#8220;Nu m\u00e5r jag mycket b\u00e4ttre&#8221;, \u201dVilar glad. I din famn&#8221;, &#8220;Det \u00e4r vi \u00e4nd\u00e5&#8221; and &#8220;Du \u00e4r min man&#8221;.<\/p>\n<p>Listening to Benny Andersson Band is like being on the borderline between the traditional and the modern, and I think that is precisely why audiences flock to Gripsholm Castle. There is something for everyone in the music.<\/p>\n<p>The nearly four-hour show has everything a good show should include: a powerful scene building, entertaining small talk between songs, amazing vocals, and above all genuine musical joy. This is the summer&#8217;s best concert in all categories.<\/p>\n<p><a title=\"Reviews 2011\" href=\"https:\/\/helensjoholm.nu\/_eng\/press-clips\/reviews-2011\/\">Back<\/a><\/p>\n","protected":false},"excerpt":{"rendered":"<p>Strengn\u00e4s Tidning 110729 By: MALIN ENGLUND CONCERT Benny Andersson Band Gripsholm Castle, Mariefred Benny Andersson Band with Helen Sj\u00f6holm and Tommy K\u00f6rberg in the lead <a class=\"more-link\" href=\"https:\/\/helensjoholm.nu\/_eng\/press-clips\/reviews-2011\/everything-a-good-show-should-have\/\">Read More &#8230;<\/a><\/p>\n","protected":false},"author":1,"featured_media":0,"parent":946,"menu_order":0,"comment_status":"closed","ping_status":"closed","template":"","meta":{"ngg_post_thumbnail":0,"footnotes":""},"class_list":["post-976","page","type-page","status-publish","hentry"],"aioseo_notices":[],"_links":{"self":[{"href":"https:\/\/helensjoholm.nu\/_eng\/wp-json\/wp\/v2\/pages\/976","targetHints":{"allow":["GET"]}}],"collection":[{"href":"https:\/\/helensjoholm.nu\/_eng\/wp-json\/wp\/v2\/pages"}],"about":[{"href":"https:\/\/helensjoholm.nu\/_eng\/wp-json\/wp\/v2\/types\/page"}],"author":[{"embeddable":true,"href":"https:\/\/helensjoholm.nu\/_eng\/wp-json\/wp\/v2\/users\/1"}],"replies":[{"embeddable":true,"href":"https:\/\/helensjoholm.nu\/_eng\/wp-json\/wp\/v2\/comments?post=976"}],"version-history":[{"count":0,"href":"https:\/\/helensjoholm.nu\/_eng\/wp-json\/wp\/v2\/pages\/976\/revisions"}],"up":[{"embeddable":true,"href":"https:\/\/helensjoholm.nu\/_eng\/wp-json\/wp\/v2\/pages\/946"}],"wp:attachment":[{"href":"https:\/\/helensjoholm.nu\/_eng\/wp-json\/wp\/v2\/media?parent=976"}],"curies":[{"name":"wp","href":"https:\/\/api.w.org\/{rel}","templated":true}]}}