{"id":963,"date":"2013-04-20T14:35:52","date_gmt":"2013-04-20T12:35:52","guid":{"rendered":"http:\/\/helensjoholm.nu\/_eng\/?page_id=963"},"modified":"2022-03-15T15:58:25","modified_gmt":"2022-03-15T13:58:25","slug":"helen-sjoholm-impresses","status":"publish","type":"page","link":"https:\/\/helensjoholm.nu\/_eng\/press-clips\/reviews-2011\/helen-sjoholm-impresses\/","title":{"rendered":"Helen Sj\u00f6holm impresses"},"content":{"rendered":"<p><strong>Norrbottens-Kuriren 111001<\/strong><\/p>\n<p>By: BOEL SKARIN<\/p>\n<p>Helen Sj\u00f6holm can handle all genres and has a fascinating power in her voice, Kuriren critic Boel Skarin notes after Friday evening&#8217;s concert at Kulturens Hus (House of Culture).<\/p>\n<p>Main Hall of Kulturens Hus in Lule\u00e5 is sold out to the very last seat when Lulea Chamber Choir, conducted by Monica Wasberg, begins tonight&#8217;s concert with the Irish folk song The Bog Down in the Valley, and then continue with the much calmer Havet l\u00e5ter p\u00e5 ett s\u00e4rskilt s\u00e4tt (Sea sounds in a special way) by Barbro Lindgren, maybe most associated with children&#8217;s books.<\/p>\n<p>Barbro Lindgren has also given rise to the next song L\u00e4ngst inne i mitt huvud (Deep inside my head). Here, Helen Sj\u00f6holm and her usual accompanist, pianist Martin \u00d6stergren, enter the stage and backed by the choir go ahead with Cornelis\u2019 En stund p\u00e5 jorden (A moment on earth).<\/p>\n<p>Sj\u00f6holm has a charisma that reaches into the concert hall&#8217;s every nook and she guides her audience through all the genres in the most obvious and humorous way like only she can. Her light-hearted and happy small talk between songs creates natural inputs in the songs and she finds it a bit harsh that even the last time she sang with Lulea Chamber Choir, she was knocked up.<\/p>\n<p>Some of Olle Adolphson&#8217;s brilliant compositions follow, including Signerat Karlsson, evig v\u00e5r (Signed Karlsson, unending spring) which Helen performs in a duet with Martin \u00d6stergren. It\u00b4s followed by the everyday romantic Siv och Gunne. The two following songs are sung by the choir, but Helen and Martin never leave the stage, but sit down behind the grand piano.<\/p>\n<p>Tomas Andersson Wiij has written Swedish lyrics to a number of Billy Joel songs, which last year became an album and from that album Helen sings Kvinnan f\u00f6r dig (She&#8217;s Always A Woman), showing hereby that it really doesn\u00b4t matter what she performs. All music is her own, whether it\u00b4s an old \u201dsnapsvisa\u201d (dram song) or the slightly newer Come give me love by the G\u00e4rdestad brothers.<\/p>\n<p>Helen Sj\u00f6holm can handle all genres and has a fascinating power in her voice. Her natural way of singing, of course, refined and educated, in combination with her theatrical presence, makes the concert to an optimal listening experience. There simply seems to be no weak spots in her voice.<\/p>\n<p>Sj\u00f6holm, \u00d6stergren and Lulea Chamber Choir are a highly successful combination and the melodious choir gives a nice and good-sounding setting to the soloist.<\/p>\n<p>However, there are moments when the song selection seems a little bit too traditional, but when Helen, laughing, exclaims: &#8220;We\u2019re just doing the old songs!&#8221;, you realize that quality is timeless, and instead enjoy a moment of a very nice interpretation of Horgal\u00e5ten.<\/p>\n<p>Then I have to leave Kulturens Hus because of going to press reasons.<\/p>\n<hr>\n<p><strong>FACTS &nbsp;<\/strong><br \/>\nWe\u00b4ll meet again!<br \/>\nMain Hall, House of Culture.<br \/>\nFriday 30\/9-11 at 19:00.<br \/>\nCast: Helen Sj\u00f6holm, Lule\u00e5 Chamber Choir under the direction of Monica Wasberg.<br \/>\nMusicians: Martin Ostergren.<\/p>\n<hr>\n<p><a title=\"Reviews 2011\" href=\"https:\/\/helensjoholm.nu\/_eng\/press-clips\/reviews-2011\/\">Back<\/a><\/p>\n","protected":false},"excerpt":{"rendered":"<p>Norrbottens-Kuriren 111001 By: BOEL SKARIN Helen Sj\u00f6holm can handle all genres and has a fascinating power in her voice, Kuriren critic Boel Skarin notes after <a class=\"more-link\" href=\"https:\/\/helensjoholm.nu\/_eng\/press-clips\/reviews-2011\/helen-sjoholm-impresses\/\">Read More &#8230;<\/a><\/p>\n","protected":false},"author":1,"featured_media":0,"parent":946,"menu_order":0,"comment_status":"closed","ping_status":"closed","template":"","meta":{"ngg_post_thumbnail":0,"footnotes":""},"class_list":["post-963","page","type-page","status-publish","hentry"],"aioseo_notices":[],"_links":{"self":[{"href":"https:\/\/helensjoholm.nu\/_eng\/wp-json\/wp\/v2\/pages\/963","targetHints":{"allow":["GET"]}}],"collection":[{"href":"https:\/\/helensjoholm.nu\/_eng\/wp-json\/wp\/v2\/pages"}],"about":[{"href":"https:\/\/helensjoholm.nu\/_eng\/wp-json\/wp\/v2\/types\/page"}],"author":[{"embeddable":true,"href":"https:\/\/helensjoholm.nu\/_eng\/wp-json\/wp\/v2\/users\/1"}],"replies":[{"embeddable":true,"href":"https:\/\/helensjoholm.nu\/_eng\/wp-json\/wp\/v2\/comments?post=963"}],"version-history":[{"count":0,"href":"https:\/\/helensjoholm.nu\/_eng\/wp-json\/wp\/v2\/pages\/963\/revisions"}],"up":[{"embeddable":true,"href":"https:\/\/helensjoholm.nu\/_eng\/wp-json\/wp\/v2\/pages\/946"}],"wp:attachment":[{"href":"https:\/\/helensjoholm.nu\/_eng\/wp-json\/wp\/v2\/media?parent=963"}],"curies":[{"name":"wp","href":"https:\/\/api.w.org\/{rel}","templated":true}]}}