{"id":95,"date":"2013-04-10T19:23:47","date_gmt":"2013-04-10T17:23:47","guid":{"rendered":"http:\/\/helensjoholm.nu\/_eng\/?page_id=95"},"modified":"2024-12-26T14:28:15","modified_gmt":"2024-12-26T12:28:15","slug":"bao","status":"publish","type":"page","link":"https:\/\/helensjoholm.nu\/_eng\/bao\/","title":{"rendered":"BAO"},"content":{"rendered":"<div style=\"width: 510px\" class=\"wp-caption alignnone\"><img loading=\"lazy\" decoding=\"async\" title=\"Photo och \u00a9 Thore Rodelius\" src=\"https:\/\/helensjoholm.nu\/_eng\/wp-content\/gallery\/biografi\/bao_500.jpg\" alt=\"Photo och \u00a9 Thore Rodelius\" width=\"500\" height=\"304\"><p class=\"wp-caption-text\">Photo och \u00a9 Thore Rodelius<\/p><\/div>\n<p><strong>BAO was formed in early 2001<\/strong> in connection with the recording of the first album; <em>Benny Anderssons Orkester<\/em>, on which the hit song <em>V\u00e5r sista dans<\/em>, also released as a single, is one of the songs.<\/p>\n<p><strong>BAO consists of:<br \/>\n<\/strong>Benny Andersson \u2013 conductor, accordion, piano, synclavier<br \/>\nLeif G\u00f6ras, Olle Moraeus, Perra Moraeus, Kalle Moraeus, Nicke G\u00f6the; ie Orsa Spelm\u00e4n \u2013 mainly string instruments but also guitarr, mandolin and some wind instruments<br \/>\nG\u00f6ran Arnberg \u2013 pump organ<br \/>\nJanne Bengtson \u2013 flute, piccolo, distal horn, baritone sax<br \/>\nP\u00e4r Grebacken &#8211; saxophone, clarinet, recorder, piccolo<br \/>\nJogga Ernlund \u2013 bass<br \/>\nCalle Jacobsson \u2013 tuba, valve trombone<br \/>\nLeif Lindvall \u2013 trumpet and cornet<br \/>\nLars Rudolfsson \u2013 accordion<br \/>\nJ\u00f6rgen Stenberg \u2013 drums and percussion<br \/>\nHelen Sj\u00f6holm and Tommy K\u00f6rberg \u2013 vocals<\/p>\n<p><strong>In the summer of 2004<\/strong> BAO released their second album; <em>BAO!<\/em> which has sold platinum and includes, among other songs, <em>Du \u00e4r min man<\/em>, with vocals by Helen, a song that stayed in the Swedish charts for 278 weeks!<\/p>\n<p><strong>The summer of 2006<\/strong> BAO released a live album called <em>BAO p\u00e5 turn\u00e9<\/em>, which features Helen and Tommy singing <em>Det \u00e4r vi \u00e4nd\u00e5<\/em>. The album acquired a gold disc.<\/p>\n<p>BAO released <em>BAO 3<\/em>, which earned them their forth gold disc, in the summer of 2007. On the album Tommy sings <em>Fait accomplit<\/em> and together with Helen <em>Nu m\u00e5r jag mycket b\u00e4ttre<\/em>.<\/p>\n<p>The album <em>Story of a heart<\/em> was released on June 24 2009, with BAO calling themselves BAB; Benny Andersson\u2019s Band. The album consists of previously released melodies and songs translated into English for establishment on the foreign market. The title track, <em>Story of a heart<\/em>, was also released as a single in Swedish; <em>Sommaren du fick<\/em>.<\/p>\n<p>Over the years BAO has had several songs on the Swedish charts:<\/p>\n<ul>\n<li><em>V\u00e5r sista dans<\/em> (2001-2002)<\/li>\n<li><em>L\u00e4tt som en sommarfj\u00e4ril<\/em> (2002)<\/li>\n<li><em>Cirkus Finemang<\/em> (2002)<\/li>\n<li><em>Vals ombord<\/em> (2002)<\/li>\n<li><em>Du \u00e4r min man<\/em> (2004-2009)<\/li>\n<li><em>Det \u00e4r vi \u00e4nd\u00e5<\/em> (2006-2007)<\/li>\n<li><em>Fait accomplit<\/em> (2007-2008)<\/li>\n<li><em>Nu m\u00e5r jag mycket b\u00e4ttre<\/em> (2008)<\/li>\n<li><em>Sommaren du fick<\/em> (2009)<\/li>\n<li><em>En dag i s\u00e4nder<\/em> (2011-2013)<\/li>\n<li><em>En natt i K\u00f6penhamn<\/em> (2016-2017)<\/li>\n<\/ul>\n<p>BAO has also won a number of Grammis:<\/p>\n<ul>\n<li><strong>2005<\/strong> This year&#8217;s pop \/ dance band (BAO!)<\/li>\n<li><strong>2007<\/strong> This year&#8217;s pop \/ dance band&nbsp; (BAO p\u00e5 turn\u00e9)<\/li>\n<li><strong>2008<\/strong> This year&#8217;s pop \/ dance band&nbsp; (BAO 3)<\/li>\n<li><strong>2012<\/strong> This year&#8217;s dance band (<em>O Klang och jubeltid<\/em>)<\/li>\n<\/ul>\n<p>Under the concept of \u201ca concert with dance\u201d for which purpose BAO brings a dance floor, several tours have been performed. These concerts turn into evenings in the spirit of a classical people\u2019s park where summer-makers can dance under the stars all night long or sit and enjoy a picnic in the grass!<\/p>\n<p><strong>On June 15 2011<\/strong> BAO\u2019s album <em>O klang och jubeltid<\/em> was released. It was preceded by <em>K\u00e4ra syster<\/em>, a single released in mid-May for download and in a limited number of physical discs. Even&nbsp;<em>Allt syns n\u00e4r man \u00e4r naken<\/em> was released as a downloadable single.<br \/>\nJuly 21-30 BAO was out on a highly acclaimed summer tour.<\/p>\n<p><strong>In November 2012<\/strong> the Christmas CD <em>Tomten har \u00e5kt hem<\/em> was released, and a week later<br \/>\n<em>BAO in BOX<\/em>, containing BAO&#8217;s music collected on six CDs, including the Christmas album,<br \/>\ntwo DVDs, the lyrics, etc.&nbsp;The summer of 2013 BAO did another highly acclaimed summer tour.<\/p>\n<p><strong>On June 10, 2016<\/strong>, the CD <em>Mitt hj\u00e4rta klappar f\u00f6r dig<\/em> was released,&nbsp;and just before the single<br \/>\n<em>En natt i K\u00f6penhamn<\/em>. During the summer BAO went for another tour.<\/p>\n<p><strong>On June 14, 2019<\/strong>, the album <em>B\u00e4sta l\u00e5tarna<\/em> was released, which contained two newly written songs &#8211; <i>Lyckan kommer, lyckan g\u00e5r<\/i> and <em>Om du var jag<\/em> with music by Benny Andersson and lyrics by Bj\u00f6rn Ulvaeus and nine of BAO&#8217;s previous hits.<\/p>\n<p>In addition, BAO was again on a much-anticipated summer tour where they visited 8 venues around Sweden.<\/p>\n<p><strong>In 2021<\/strong>, the single <em>One man one woman<\/em> was released.<\/p>\n<p><strong>On June 11, 2024<\/strong>, the concert <em>An evening at&nbsp;Cirkus<\/em> was given, which was also shown on Swedish Television the same fall, and on September 27, the full-length album <em>Alla kan dansa (Everyone can dance)<\/em> was released.<\/p>\n<p style=\"text-align: center;\"><img loading=\"lazy\" decoding=\"async\" class=\"aligncenter\" title=\"Tommy K\u00f6rberg &amp; Helen Sj\u00f6holm\" src=\"https:\/\/helensjoholm.nu\/_eng\/wp-content\/gallery\/biografi\/helen12_pernillawahlman.jpg\" alt=\"Tommy K\u00f6rberg &amp; Helen Sj\u00f6holm\" width=\"390\" height=\"249\"><\/p>\n<p>&nbsp;<\/p>\n","protected":false},"excerpt":{"rendered":"<p>BAO was formed in early 2001 in connection with the recording of the first album; Benny Anderssons Orkester, on which the hit song V\u00e5r sista <a class=\"more-link\" href=\"https:\/\/helensjoholm.nu\/_eng\/bao\/\">Read More &#8230;<\/a><\/p>\n","protected":false},"author":1,"featured_media":0,"parent":0,"menu_order":0,"comment_status":"closed","ping_status":"open","template":"","meta":{"ngg_post_thumbnail":0,"footnotes":""},"class_list":["post-95","page","type-page","status-publish","hentry"],"aioseo_notices":[],"_links":{"self":[{"href":"https:\/\/helensjoholm.nu\/_eng\/wp-json\/wp\/v2\/pages\/95","targetHints":{"allow":["GET"]}}],"collection":[{"href":"https:\/\/helensjoholm.nu\/_eng\/wp-json\/wp\/v2\/pages"}],"about":[{"href":"https:\/\/helensjoholm.nu\/_eng\/wp-json\/wp\/v2\/types\/page"}],"author":[{"embeddable":true,"href":"https:\/\/helensjoholm.nu\/_eng\/wp-json\/wp\/v2\/users\/1"}],"replies":[{"embeddable":true,"href":"https:\/\/helensjoholm.nu\/_eng\/wp-json\/wp\/v2\/comments?post=95"}],"version-history":[{"count":2,"href":"https:\/\/helensjoholm.nu\/_eng\/wp-json\/wp\/v2\/pages\/95\/revisions"}],"predecessor-version":[{"id":14545,"href":"https:\/\/helensjoholm.nu\/_eng\/wp-json\/wp\/v2\/pages\/95\/revisions\/14545"}],"wp:attachment":[{"href":"https:\/\/helensjoholm.nu\/_eng\/wp-json\/wp\/v2\/media?parent=95"}],"curies":[{"name":"wp","href":"https:\/\/api.w.org\/{rel}","templated":true}]}}