{"id":94,"date":"2020-04-06T20:00:01","date_gmt":"2020-04-06T18:00:01","guid":{"rendered":"http:\/\/helensjoholm.nu\/_eng\/?page_id=94"},"modified":"2026-05-17T11:10:46","modified_gmt":"2026-05-17T09:10:46","slug":"calendar","status":"publish","type":"page","link":"https:\/\/helensjoholm.nu\/_eng\/calendar\/","title":{"rendered":"Calendar"},"content":{"rendered":"<p><img loading=\"lazy\" decoding=\"async\" title=\"Calendar\" src=\"https:\/\/helensjoholm.nu\/_eng\/wp-content\/gallery\/kalender\/kalender_475_blanot.jpg\" alt=\"Calendar\" width=\"475\" height=\"156\"><\/p>\n<table style=\"height: 118px;\">\n<tbody>\n<tr style=\"height: 59px;\">\n<td style=\"width: 80px; height: 59px;\"><strong>260310\u2013260531<\/strong><\/td>\n<td style=\"height: 59px; width: 1275px;\">\n<p><a href=\"https:\/\/helensjoholm.nu\/_eng\/2026\/01\/06\/narmast-sorjande-closest-mourner\/\">Closest mourner \u2013 Soup Theater, Stockholm City Theater, Stockholm<\/a><\/p>\n<hr>\n<\/td>\n<\/tr>\n<tr style=\"height: 59px;\">\n<td style=\"width: 80px; height: 58px;\"><strong>260606<\/strong><\/td>\n<td style=\"height: 58px; width: 1275px;\">\n<p style=\"text-align: left;\"><a title=\"Rodga S\u00e4teri\" href=\"https:\/\/helensjoholm.nu\/_eng\/2026\/04\/18\/rodga-sateri\/\">Concert with Martin \u00d6stergren \u2013 Rodga S\u00e4teri, Norrk\u00f6ping<\/a><\/p>\n<hr>\n<\/td>\n<\/tr>\n<tr style=\"height: 59px;\">\n<td style=\"width: 80px; height: 58px;\"><strong>260607<\/strong><\/td>\n<td style=\"height: 58px; width: 1275px;\">\n<p style=\"text-align: left;\"><a title=\"Smedjan\" href=\"https:\/\/helensjoholm.nu\/_eng\/2026\/03\/08\/smedjan\/\">Concert with Martin \u00d6stergren \u2013 Smedjan, Stj\u00e4rnsund<\/a><\/p>\n<hr>\n<\/td>\n<\/tr>\n<tr style=\"height: 59px;\">\n<td style=\"width: 80px; height: 58px;\"><strong>260815<\/strong><\/td>\n<td style=\"height: 58px; width: 1275px;\">\n<p><a title=\"Concert in N\u00e4s\u00e5ker\" href=\"https:\/\/helensjoholm.nu\/_eng\/2026\/03\/07\/concert-in-nasaker\/\">Concert \u2013 N\u00e4s\u00e5ker<\/a><\/p>\n<hr>\n<\/td>\n<\/tr>\n<tr style=\"height: 59px;\">\n<td style=\"width: 80px; height: 58px;\"><strong>261001<\/strong><\/td>\n<td style=\"height: 58px; width: 1275px;\">\n<p><a title=\"Autumn concerts with Rickard Nilsson\" href=\"https:\/\/helensjoholm.nu\/_eng\/2026\/03\/06\/autumn-concert-with-rickard-nilsson\/\">Autumn concert with Rickard Nilsson \u2013&nbsp; S\u00f6derhamn Theatre<\/a><\/p>\n<hr>\n<\/td>\n<\/tr>\n<tr style=\"height: 59px;\">\n<td style=\"width: 80px; height: 58px;\"><strong>261002\u2013261003<\/strong><\/td>\n<td style=\"height: 58px; width: 1275px;\">\n<p><a title=\"Autumn concerts with Rickard Nilsson\" href=\"https:\/\/helensjoholm.nu\/_eng\/2026\/03\/06\/autumn-concert-with-rickard-nilsson\/\">Autumn concert with Rickard Nilsson \u2013 Klockarg\u00e5rden, T\u00e4llberg<\/a><\/p>\n<hr>\n<\/td>\n<\/tr>\n<tr style=\"height: 59px;\">\n<td style=\"width: 80px; height: 58px;\"><strong>261009<\/strong><\/td>\n<td style=\"height: 58px; width: 1275px;\">\n<p><a title=\"Autumn concerts with Rickard Nilsson\" href=\"https:\/\/helensjoholm.nu\/_eng\/2026\/03\/06\/autumn-concert-with-rickard-nilsson\/\">Autumn concert with Rickard Nilsson \u2013 Ystad Theatre<\/a><\/p>\n<hr>\n<\/td>\n<\/tr>\n<tr style=\"height: 59px;\">\n<td style=\"width: 80px; height: 58px;\"><strong>261010<\/strong><\/td>\n<td style=\"height: 58px; width: 1275px;\">\n<p><a title=\"Autumn concerts with Rickard Nilsson\" href=\"https:\/\/helensjoholm.nu\/_eng\/2026\/03\/06\/autumn-concert-with-rickard-nilsson\/\">Autumn concert with Rickard Nilsson \u2013 H\u00e4ssleholm Culture House<\/a><\/p>\n<hr>\n<\/td>\n<\/tr>\n<\/tbody>\n<\/table>\n<p>&nbsp;<\/p>\n","protected":false},"excerpt":{"rendered":"<p>260310\u2013260531 Closest mourner \u2013 Soup Theater, Stockholm City Theater, Stockholm 260606 Concert with Martin \u00d6stergren \u2013 Rodga S\u00e4teri, Norrk\u00f6ping 260607 Concert with Martin \u00d6stergren \u2013 <a class=\"more-link\" href=\"https:\/\/helensjoholm.nu\/_eng\/calendar\/\">Read More &#8230;<\/a><\/p>\n","protected":false},"author":1,"featured_media":0,"parent":0,"menu_order":0,"comment_status":"closed","ping_status":"open","template":"","meta":{"ngg_post_thumbnail":0,"footnotes":""},"class_list":["post-94","page","type-page","status-publish","hentry"],"aioseo_notices":[],"_links":{"self":[{"href":"https:\/\/helensjoholm.nu\/_eng\/wp-json\/wp\/v2\/pages\/94","targetHints":{"allow":["GET"]}}],"collection":[{"href":"https:\/\/helensjoholm.nu\/_eng\/wp-json\/wp\/v2\/pages"}],"about":[{"href":"https:\/\/helensjoholm.nu\/_eng\/wp-json\/wp\/v2\/types\/page"}],"author":[{"embeddable":true,"href":"https:\/\/helensjoholm.nu\/_eng\/wp-json\/wp\/v2\/users\/1"}],"replies":[{"embeddable":true,"href":"https:\/\/helensjoholm.nu\/_eng\/wp-json\/wp\/v2\/comments?post=94"}],"version-history":[{"count":104,"href":"https:\/\/helensjoholm.nu\/_eng\/wp-json\/wp\/v2\/pages\/94\/revisions"}],"predecessor-version":[{"id":15517,"href":"https:\/\/helensjoholm.nu\/_eng\/wp-json\/wp\/v2\/pages\/94\/revisions\/15517"}],"wp:attachment":[{"href":"https:\/\/helensjoholm.nu\/_eng\/wp-json\/wp\/v2\/media?parent=94"}],"curies":[{"name":"wp","href":"https:\/\/api.w.org\/{rel}","templated":true}]}}