{"id":8728,"date":"2019-12-29T11:26:21","date_gmt":"2019-12-29T09:26:21","guid":{"rendered":"http:\/\/helensjoholm.nu\/_eng\/?page_id=8728"},"modified":"2025-07-17T13:34:52","modified_gmt":"2025-07-17T11:34:52","slug":"jag-vill-folja-med","status":"publish","type":"page","link":"https:\/\/helensjoholm.nu\/_eng\/2011-2015\/jag-vill-folja-med\/","title":{"rendered":"Jag vill f\u00f6lja med"},"content":{"rendered":"<table border=\"0\" align=\"left\">\n<tbody>\n<tr>\n<td valign=\"top\"><img loading=\"lazy\" decoding=\"async\" class=\"alignnone\" title=\"Single: Jag vill f\u00f6lja med (2015)\" src=\"https:\/\/helensjoholm.nu\/_eng\/wp-content\/gallery\/diskografi-2011-2015\/single-jag-vill-folja-med-2015.png\" alt=\"Single: Jag vill f\u00f6lja med (2015)\" width=\"100\" height=\"100\"><\/td>\n<td valign=\"top\"><b>JAG VILL F\u00d6LJA MED (SINGLE)<\/b><br \/>\nHelen Sj\u00f6holm, Anders Widmark<br \/>\nEF Anders Widmark Musik (2015)<br \/>\nUnder exclusive license to Universal Music AB<\/td>\n<\/tr>\n<tr style=\"height: 24px;\">\n<td style=\"height: 24px;\" colspan=\"2\">Jag vill f\u00f6lja med <a href=\"https:\/\/helensjoholm.nu\/_eng\/2011-2015\/jag-vill-folja-med\/jag-vill-folja-med-lyrics\/\">(lyrics)<\/a><\/td>\n<\/tr>\n<\/tbody>\n<\/table>\n<h5>Listen!<\/h5>\n<hr>\n<p><iframe title=\"Spotify Embed: Jag vill f\u00f6lja med\" style=\"border-radius: 12px\" width=\"100%\" height=\"352\" frameborder=\"0\" allowfullscreen allow=\"autoplay; clipboard-write; encrypted-media; fullscreen; picture-in-picture\" loading=\"lazy\" src=\"https:\/\/open.spotify.com\/embed\/album\/0qzeGrTp5qfJI2Ie6bnsVQ?utm_source=oembed\"><\/iframe><\/p>\n<p><a href=\"https:\/\/helensjoholm.nu\/_eng\/2011-2015\/\">Back<\/a><\/p>\n","protected":false},"excerpt":{"rendered":"<p>JAG VILL F\u00d6LJA MED (SINGLE) Helen Sj\u00f6holm, Anders Widmark EF Anders Widmark Musik (2015) Under exclusive license to Universal Music AB Jag vill f\u00f6lja med <a class=\"more-link\" href=\"https:\/\/helensjoholm.nu\/_eng\/2011-2015\/jag-vill-folja-med\/\">Read More &#8230;<\/a><\/p>\n","protected":false},"author":1,"featured_media":0,"parent":182,"menu_order":0,"comment_status":"closed","ping_status":"closed","template":"","meta":{"ngg_post_thumbnail":0,"footnotes":""},"class_list":["post-8728","page","type-page","status-publish","hentry"],"aioseo_notices":[],"_links":{"self":[{"href":"https:\/\/helensjoholm.nu\/_eng\/wp-json\/wp\/v2\/pages\/8728","targetHints":{"allow":["GET"]}}],"collection":[{"href":"https:\/\/helensjoholm.nu\/_eng\/wp-json\/wp\/v2\/pages"}],"about":[{"href":"https:\/\/helensjoholm.nu\/_eng\/wp-json\/wp\/v2\/types\/page"}],"author":[{"embeddable":true,"href":"https:\/\/helensjoholm.nu\/_eng\/wp-json\/wp\/v2\/users\/1"}],"replies":[{"embeddable":true,"href":"https:\/\/helensjoholm.nu\/_eng\/wp-json\/wp\/v2\/comments?post=8728"}],"version-history":[{"count":2,"href":"https:\/\/helensjoholm.nu\/_eng\/wp-json\/wp\/v2\/pages\/8728\/revisions"}],"predecessor-version":[{"id":15093,"href":"https:\/\/helensjoholm.nu\/_eng\/wp-json\/wp\/v2\/pages\/8728\/revisions\/15093"}],"up":[{"embeddable":true,"href":"https:\/\/helensjoholm.nu\/_eng\/wp-json\/wp\/v2\/pages\/182"}],"wp:attachment":[{"href":"https:\/\/helensjoholm.nu\/_eng\/wp-json\/wp\/v2\/media?parent=8728"}],"curies":[{"name":"wp","href":"https:\/\/api.w.org\/{rel}","templated":true}]}}