{"id":8712,"date":"2019-12-29T10:42:16","date_gmt":"2019-12-29T08:42:16","guid":{"rendered":"http:\/\/helensjoholm.nu\/_eng\/?page_id=8712"},"modified":"2025-07-17T13:11:44","modified_gmt":"2025-07-17T11:11:44","slug":"var-basta-tid-ar-nu","status":"publish","type":"page","link":"https:\/\/helensjoholm.nu\/_eng\/albums-2016-2020\/var-basta-tid-ar-nu\/","title":{"rendered":"V\u00e5r b\u00e4sta tid \u00e4r nu"},"content":{"rendered":"<table style=\"height: 129px;\" border=\"0\" align=\"left\">\n<tbody>\n<tr style=\"height: 105px;\">\n<td style=\"height: 105px;\" valign=\"top\"><img loading=\"lazy\" decoding=\"async\" class=\"alignnone\" title=\"Single: V\u00e5r b\u00e4sta tid \u00e4r nu (2018)\" src=\"https:\/\/helensjoholm.nu\/_eng\/wp-content\/gallery\/diskografi-2016-2020\/single-var-basta-tid-ar-nu-2018.png\" alt=\"Single: V\u00e5r b\u00e4sta tid \u00e4r nu (2018)\" width=\"100\" height=\"100\"><\/td>\n<td style=\"height: 105px;\" valign=\"top\"><b>V\u00c5R B\u00c4STA TID \u00c4R NU (SINGLE)<br \/>\n<\/b>Helen Sj\u00f6holm, Solala<br \/>\nSolala &amp; SwingKids&nbsp;(2018)<br \/>\nThe single released digitally<\/td>\n<\/tr>\n<tr style=\"height: 24px;\">\n<td style=\"height: 24px;\" colspan=\"2\">V\u00e5r b\u00e4sta tid \u00e4r nu <a href=\"https:\/\/helensjoholm.nu\/_eng\/albums-2016-2020\/var-basta-tid-ar-nu\/var-basta-tid-ar-nu-lyrics\/\">(lyrics)<\/a><\/td>\n<\/tr>\n<\/tbody>\n<\/table>\n<h5>Listen!<\/h5>\n<hr>\n<p><iframe title=\"Spotify Embed: V\u00e5r b\u00e4sta tid \u00e4r nu\" style=\"border-radius: 12px\" width=\"100%\" height=\"352\" frameborder=\"0\" allowfullscreen allow=\"autoplay; clipboard-write; encrypted-media; fullscreen; picture-in-picture\" loading=\"lazy\" src=\"https:\/\/open.spotify.com\/embed\/album\/32Bx2SgxRdeVVPjIPYcisr?utm_source=oembed\"><\/iframe><\/p>\n<p><a href=\"https:\/\/helensjoholm.nu\/_eng\/albums-2016-2020\/\">Back<\/a><\/p>\n","protected":false},"excerpt":{"rendered":"<p>V\u00c5R B\u00c4STA TID \u00c4R NU (SINGLE) Helen Sj\u00f6holm, Solala Solala &amp; SwingKids&nbsp;(2018) The single released digitally V\u00e5r b\u00e4sta tid \u00e4r nu (lyrics) Listen! Back<\/p>\n","protected":false},"author":1,"featured_media":0,"parent":6568,"menu_order":0,"comment_status":"closed","ping_status":"closed","template":"","meta":{"ngg_post_thumbnail":0,"footnotes":""},"class_list":["post-8712","page","type-page","status-publish","hentry"],"aioseo_notices":[],"_links":{"self":[{"href":"https:\/\/helensjoholm.nu\/_eng\/wp-json\/wp\/v2\/pages\/8712","targetHints":{"allow":["GET"]}}],"collection":[{"href":"https:\/\/helensjoholm.nu\/_eng\/wp-json\/wp\/v2\/pages"}],"about":[{"href":"https:\/\/helensjoholm.nu\/_eng\/wp-json\/wp\/v2\/types\/page"}],"author":[{"embeddable":true,"href":"https:\/\/helensjoholm.nu\/_eng\/wp-json\/wp\/v2\/users\/1"}],"replies":[{"embeddable":true,"href":"https:\/\/helensjoholm.nu\/_eng\/wp-json\/wp\/v2\/comments?post=8712"}],"version-history":[{"count":2,"href":"https:\/\/helensjoholm.nu\/_eng\/wp-json\/wp\/v2\/pages\/8712\/revisions"}],"predecessor-version":[{"id":15084,"href":"https:\/\/helensjoholm.nu\/_eng\/wp-json\/wp\/v2\/pages\/8712\/revisions\/15084"}],"up":[{"embeddable":true,"href":"https:\/\/helensjoholm.nu\/_eng\/wp-json\/wp\/v2\/pages\/6568"}],"wp:attachment":[{"href":"https:\/\/helensjoholm.nu\/_eng\/wp-json\/wp\/v2\/media?parent=8712"}],"curies":[{"name":"wp","href":"https:\/\/api.w.org\/{rel}","templated":true}]}}