{"id":8618,"date":"2019-09-29T10:33:24","date_gmt":"2019-09-29T08:33:24","guid":{"rendered":"http:\/\/helensjoholm.nu\/_eng\/?page_id=8618"},"modified":"2019-09-29T10:38:35","modified_gmt":"2019-09-29T08:38:35","slug":"jubilant-opera-house-carrying-many-memories","status":"publish","type":"page","link":"https:\/\/helensjoholm.nu\/_eng\/press-clips\/interviews-2019\/jubilant-opera-house-carrying-many-memories\/","title":{"rendered":"Jubilant opera house carrying many memories"},"content":{"rendered":"<p><strong>Norra Sk\u00e5ne 190921<\/strong><\/p>\n<p>By: MARIA ZANDIHN<\/p>\n<p><em>\u201cIt was so unreal. I felt both ill and cheered, and immediately got the feeling that I had been given the chance on earth at every level&#8221;.&nbsp;<\/em><\/p>\n<p><strong>Only 25 years old, Helen Sj\u00f6holm became Kristina with the entire Swedish people (\u2026)<\/strong><br \/>\n<strong>\u2013&nbsp;Malm\u00f6 Opera means a lot to me, it carries on the whole dream of my youth, which came true, says Helen Sj\u00f6holm.<\/strong><\/p>\n<p>The year is 1995 and the day is October 7. In the backdrop of the big stage stands Helen Sj\u00f6holm, Anders Ekborg, Peter J\u00f6back and the rest of the ensemble in Kristina from Duvem\u00e5la, waiting to enter the stage, ready to create musical history.<\/p>\n<p>\u2013&nbsp;It was such a great joy and excitement. We had made changes to the show as late as the night before that we had not been able to repeat, so we were a little nervous to say the least. But oh how concentrated we were, we were really on our toes, Helen Sj\u00f6holm says with a laugh.<\/p>\n<p>(&#8230;)<\/p>\n<p>\u2013 I&#8217;m so glad that it was Malm\u00f6 Opera, or Malm\u00f6 Musical Theater it was called then, that got the opportunity to set it up first. It\u00b4s a very special stage with so much leeway. There is no such thing in Sweden or many other countries. And Malm\u00f6 means a lot to me in general, Helen says.<\/p>\n<p><strong>Helen Sj\u00f6holm came<\/strong> to Malm\u00f6 as early as 1992 to play a role in Elvira Madigan, even the one at Malm\u00f6 Opera or Malm\u00f6 City Theater which the opera was called at the time.<\/p>\n<p>\u2013 I was in a theater group in Stockholm, Enskedespelet, and there I got in touch with director Georg Malvius who would set up this musical. It became my first professional debut on a major theater scene so this was incredibly big for me. Slightly unreal actually. And to come to Malm\u00f6, it was a whole new vegetation for me coming from Norrland. I arrived in April and by then it had already started to get hot &#8211; really exotic! Helen laughs.<\/p>\n<p><strong>Helen Sj\u00f6holm stayed<\/strong> in Malm\u00f6 and played a role in Volpone where she played against Lars Humble. At the same time, she applied for the drama school in both Malm\u00f6 and Stockholm but did not enter. Instead, it became the cultural science line and the vanload of furniture<br \/>\nreturned to Stockholm. It was when the phone call came that would change Helen Sj\u00f6holm&#8217;s life for all time.<\/p>\n<p>\u2013 Benny Andersson had seen me play in Enskedespelet and got my contact information from a common acquaintance. He wanted me to sing some demos and at the same time invited me to apply for a musical that he and Bj\u00f6rn would put up.<\/p>\n<p>Helen followed the advice and was one of more than a thousand applicants for the Kristina role.<\/p>\n<p>\u2013 I had no great hopes of getting the role because there were auditions across the country to really find the right Kristina.<\/p>\n<p>(&#8230;)<\/p>\n<p>\u2013 When I got the message that I was given the role, yes it was barely able to take in. It was surreal. I felt both ill and rejoiced, and immediately got the feeling that I had been given the chance on earth at every level &#8211; think about being part of something like this! I now realize in retrospect how much I learned during that period, from everyone I worked with. Just such a thing as keeping with the voice. I had never attended a singing teacher. That&#8217;s how you think about it now and that&#8217;s where my education took place.<\/p>\n<p><em><strong>People still talk about how magical Kristina from Duvem\u00e5la was. What do you think affected so much?<\/strong><\/em><br \/>\n\u2013&nbsp;We worked out something that didn&#8217;t exist, everything could be shaped piece by piece and the music was even written for us who performed it. Bj\u00f6rn Ulvaeu&#8217;s way of writing lyrics was outstanding. There was a weight in them that we all experienced. But we never thought that this was going to be a success, but more that this was something we had to cherish because it was so unique. It really must not fail.<\/p>\n<p><strong><em>What was your relationship with the character Kristina?<\/em><\/strong><br \/>\n\u2013 The relationship grew very much and I felt strongly attached to her. I could relate to everything that was in her and had even seen so many Kristina around me.<\/p>\n<p><em><strong>Do you miss her?<\/strong><\/em><br \/>\n\u2013&nbsp;She was demanding, it was an extremely demanding role to do. But she&#8217;s still inside me and I can reach her pretty quickly. You know, I can almost pinch myself in the arm sometimes because I took part in all this. I have so many nice memories. I remember a scene when Kristina was about to give birth and how clumsy I and Anders were. We dropped the &#8220;baby&#8221; and fumbled back and forth. None of us had children then, so we had no experience whatsoever, haha.<\/p>\n<p>(&#8230;)<\/p>\n<p>\u2013 Apart from the fact that there will be so many dear memories for me, it will be very powerful to stand on this stage again. It has really meant everything for me to pursue and live my dream.<\/p>\n<p><em>(The entire interview is not reproduced for copyright reasons)<\/em><\/p>\n<p><a href=\"https:\/\/helensjoholm.nu\/_eng\/press-clips\/interviews-2019\/\">Back<\/a><\/p>\n","protected":false},"excerpt":{"rendered":"<p>Norra Sk\u00e5ne 190921 By: MARIA ZANDIHN \u201cIt was so unreal. I felt both ill and cheered, and immediately got the feeling that I had been <a class=\"more-link\" href=\"https:\/\/helensjoholm.nu\/_eng\/press-clips\/interviews-2019\/jubilant-opera-house-carrying-many-memories\/\">Read More &#8230;<\/a><\/p>\n","protected":false},"author":1,"featured_media":0,"parent":8294,"menu_order":0,"comment_status":"closed","ping_status":"closed","template":"","meta":{"ngg_post_thumbnail":0,"footnotes":""},"class_list":["post-8618","page","type-page","status-publish","hentry"],"aioseo_notices":[],"_links":{"self":[{"href":"https:\/\/helensjoholm.nu\/_eng\/wp-json\/wp\/v2\/pages\/8618","targetHints":{"allow":["GET"]}}],"collection":[{"href":"https:\/\/helensjoholm.nu\/_eng\/wp-json\/wp\/v2\/pages"}],"about":[{"href":"https:\/\/helensjoholm.nu\/_eng\/wp-json\/wp\/v2\/types\/page"}],"author":[{"embeddable":true,"href":"https:\/\/helensjoholm.nu\/_eng\/wp-json\/wp\/v2\/users\/1"}],"replies":[{"embeddable":true,"href":"https:\/\/helensjoholm.nu\/_eng\/wp-json\/wp\/v2\/comments?post=8618"}],"version-history":[{"count":0,"href":"https:\/\/helensjoholm.nu\/_eng\/wp-json\/wp\/v2\/pages\/8618\/revisions"}],"up":[{"embeddable":true,"href":"https:\/\/helensjoholm.nu\/_eng\/wp-json\/wp\/v2\/pages\/8294"}],"wp:attachment":[{"href":"https:\/\/helensjoholm.nu\/_eng\/wp-json\/wp\/v2\/media?parent=8618"}],"curies":[{"name":"wp","href":"https:\/\/api.w.org\/{rel}","templated":true}]}}