{"id":8561,"date":"2019-08-18T11:33:30","date_gmt":"2019-08-18T09:33:30","guid":{"rendered":"http:\/\/helensjoholm.nu\/_eng\/?page_id=8561"},"modified":"2021-12-23T09:37:36","modified_gmt":"2021-12-23T07:37:36","slug":"lyckan-kommer-lyckan-gar","status":"publish","type":"page","link":"https:\/\/helensjoholm.nu\/_eng\/albums-2016-2020\/basta-latarna\/lyckan-kommer-lyckan-gar\/","title":{"rendered":"Lyckan kommer, lyckan g\u00e5r"},"content":{"rendered":"<p><strong>Music:<\/strong> Benny Andersson<br \/>\n<strong>Lyrics:<\/strong> Bj\u00f6rn Ulvaeus<\/p>\n<p>N\u00e4r vi tr\u00e4ffade f\u00f6rsta g\u00e5ngen fr\u00e5gade du<br \/>\nom jag tyckte att trohet \u00e4r bra<br \/>\nOch s\u00e5 blev vi ihop och \u00e4r tillsammans \u00e4nnu<br \/>\nDet \u00e4r s\u00e5 underbart, tycker ja&#8217;<\/p>\n<p>Lyckan kommer, lyckan g\u00e5r<br \/>\nbrukar man f\u00e5 h\u00f6ra<br \/>\nOch s\u00e5 kan det va&#8217; f\u00f6rst\u00e5s<br \/>\nLyckan kommer, lyckan g\u00e5r<br \/>\nDet kan den nog g\u00f6ra<br \/>\nmen det g\u00e4ller inte oss<\/p>\n<p>Jag var orolig att du skulle tr\u00f6ttna p\u00e5 mig<br \/>\nOch f\u00f6r dig var det nog likadant<br \/>\nMen s\u00e5 blev det ju inte och nu \u00e4lskar jag dig<br \/>\nmer \u00e4n n\u00e5nsin f\u00f6rut, det \u00e4r sant<\/p>\n<p>Lyckan kommer, lyckan g\u00e5r<br \/>\nbrukar man f\u00e5 h\u00f6ra<br \/>\nOch s\u00e5 kan det va&#8217; f\u00f6rst\u00e5s<br \/>\nLyckan kommer, lyckan g\u00e5r<br \/>\nDet kan den nog g\u00f6ra<br \/>\nmen det g\u00e4ller inte oss<\/p>\n<p>Som bara bryr oss om det som \u00e4r viktigt<br \/>\nDet som g\u00f6r att vi m\u00e5r som vi m\u00e5r<br \/>\noch som finns i en k\u00e4rna, v\u00e5rdar vi g\u00e4rna<\/p>\n<p>Om man tar det f\u00f6rsiktigt kan man f\u00e5 m\u00e5nga h\u00e4rliga \u00e5r<br \/>\nOch det d\u00e4r bygger man i grunden<br \/>\nInte f\u00f6r stunden<\/p>\n<p>N\u00e4r jag l\u00e4ser om m\u00e4nniskor som flyttar is\u00e4r<br \/>\noch g\u00e5r in i en ny relation<br \/>\nJa, d\u00e5 blir jag s\u00e5 tacksam att jag \u00e4r lika k\u00e4r<br \/>\nsom f\u00f6rut och i samma person<\/p>\n<p>Lyckan kommer, lyckan g\u00e5r<br \/>\nbrukar man f\u00e5 h\u00f6ra<br \/>\nOch s\u00e5 kan det va&#8217; f\u00f6rst\u00e5s<br \/>\nLyckan kommer, lyckan g\u00e5r<br \/>\nDet kan den nog g\u00f6ra<br \/>\nmen det g\u00e4ller inte oss<\/p>\n<p>Som bara bryr oss om det som \u00e4r viktigt<br \/>\nDet som g\u00f6r att vi m\u00e5r som vi m\u00e5r<br \/>\noch som finns i en k\u00e4rna, v\u00e5rdar vi g\u00e4rna<\/p>\n<p>Om man tar det f\u00f6rsiktigt kan man f\u00e5 m\u00e5nga h\u00e4rliga \u00e5r<br \/>\nOch det d\u00e4r bygger man i grunden<br \/>\nInte f\u00f6r stunden<\/p>\n<p>\u00a9 2019 Mono Music AB \/ Kopparn\u00e4set Immaterialr\u00e4ttigheter AB<\/p>\n<p><a href=\"https:\/\/helensjoholm.nu\/_eng\/albums-2016-2020\/basta-latarna\/\">Back<\/a><\/p>\n","protected":false},"excerpt":{"rendered":"<p>Music: Benny Andersson Lyrics: Bj\u00f6rn Ulvaeus N\u00e4r vi tr\u00e4ffade f\u00f6rsta g\u00e5ngen fr\u00e5gade du om jag tyckte att trohet \u00e4r bra Och s\u00e5 blev vi ihop <a class=\"more-link\" href=\"https:\/\/helensjoholm.nu\/_eng\/albums-2016-2020\/basta-latarna\/lyckan-kommer-lyckan-gar\/\">Read More &#8230;<\/a><\/p>\n","protected":false},"author":1,"featured_media":0,"parent":8492,"menu_order":0,"comment_status":"closed","ping_status":"closed","template":"","meta":{"ngg_post_thumbnail":0,"footnotes":""},"class_list":["post-8561","page","type-page","status-publish","hentry"],"aioseo_notices":[],"_links":{"self":[{"href":"https:\/\/helensjoholm.nu\/_eng\/wp-json\/wp\/v2\/pages\/8561","targetHints":{"allow":["GET"]}}],"collection":[{"href":"https:\/\/helensjoholm.nu\/_eng\/wp-json\/wp\/v2\/pages"}],"about":[{"href":"https:\/\/helensjoholm.nu\/_eng\/wp-json\/wp\/v2\/types\/page"}],"author":[{"embeddable":true,"href":"https:\/\/helensjoholm.nu\/_eng\/wp-json\/wp\/v2\/users\/1"}],"replies":[{"embeddable":true,"href":"https:\/\/helensjoholm.nu\/_eng\/wp-json\/wp\/v2\/comments?post=8561"}],"version-history":[{"count":0,"href":"https:\/\/helensjoholm.nu\/_eng\/wp-json\/wp\/v2\/pages\/8561\/revisions"}],"up":[{"embeddable":true,"href":"https:\/\/helensjoholm.nu\/_eng\/wp-json\/wp\/v2\/pages\/8492"}],"wp:attachment":[{"href":"https:\/\/helensjoholm.nu\/_eng\/wp-json\/wp\/v2\/media?parent=8561"}],"curies":[{"name":"wp","href":"https:\/\/api.w.org\/{rel}","templated":true}]}}