{"id":8541,"date":"2019-08-17T15:58:47","date_gmt":"2019-08-17T13:58:47","guid":{"rendered":"http:\/\/helensjoholm.nu\/_eng\/?page_id=8541"},"modified":"2019-08-17T16:09:13","modified_gmt":"2019-08-17T14:09:13","slug":"bao-on-the-roads-again-after-three-years-of-residence","status":"publish","type":"page","link":"https:\/\/helensjoholm.nu\/_eng\/press-clips\/interviews-2019\/bao-on-the-roads-again-after-three-years-of-residence\/","title":{"rendered":"BAO on the roads again, after three years of residence"},"content":{"rendered":"<div style=\"width: 610px\" class=\"wp-caption alignnone\"><img loading=\"lazy\" decoding=\"async\" width=\"600\" height=\"400\" title=\"BAO 2016, photo Maja Suslin\" alt=\"Helen and Kalle Moraeus before BAO's latest tour 2016. Stock Photography. Photo &amp; \u00a9 Maja Suslin \/ TT\" src=\"https:\/\/helensjoholm.nu\/_eng\/wp-content\/gallery\/pressklipp-2016-2020\/osterbottens-tidning-190721.jpg\"><p class=\"wp-caption-text\">Helen and Kalle Moraeus before BAO&#8217;s latest tour 2016. Stock Photography. Photo &amp; \u00a9 Maja Suslin \/ TT<\/p><\/div>\n<p><strong>\u00d6sterbottens Tidning 190721<\/strong><\/p>\n<p>By: TT \/ OSKAR CARLSSON<\/p>\n<p><strong>Helen Sj\u00f6holm and Kalle Moraeus, who tour with BAO this summer, share their best and worst tour memories. The duo also tells us about their unassuming demand lists before each gig.<\/strong><\/p>\n<p>Benny Andersson&#8217;s orchestra (BAO) jumps on the tour train and goes out in Sweden this summer. The tour will be the orchestra&#8217;s first in three years and it will include two of Sweden&#8217;s most popular artists &#8211; Helen Sj\u00f6holm and Kalle Moraeus.<\/p>\n<p><em><strong>What are your best tour memories?<br \/>\n<\/strong><\/em>&#8211; For me, it&#8217;s the meeting with the audience. I think we have the world&#8217;s best audience, Kalle Moraeus says.<\/p>\n<p>&#8211; Every year when the gates open at Sofiero for the BAO concert and people run and stumble like madmen through the long park towards the stage to get a good spot, a lovely race to watch after soundcheck, Helen Sj\u00f6holm says.<\/p>\n<p>When it comes to their worst tour memories, both rank stomachflu as number one.<\/p>\n<p>&#8211; Or when three people showed up at a concert in V\u00e4nn\u00e4s that I did there in the early 90&#8217;s, recalls Helen Sj\u00f6holm.<\/p>\n<h5>Always give encores<\/h5>\n<p>The summer tour kicks off on July 25 in Gothenburg. In addition to Helen and Kalle, BAO is also joined by Tommy K\u00f6rberg. As usual, each concert will begin with the song <em>Glasgow boogie<\/em>.<\/p>\n<p>&#8211; It&#8217;s tradition and a brilliant opening, Kalle Moraeus says.<\/p>\n<p>If the audience would be able to chant &#8220;one more time&#8221; after the regular set, they will be heard, Helen Sj\u00f6holm promises.<\/p>\n<p>&#8211; BAO always plays encores &#8211; always, she points out.<\/p>\n<p>None of them have any special requirements for the organizers prior to a gig.<\/p>\n<p>&#8211; Bottled bubble water, Kalle Moraeus says.<\/p>\n<p>&#8211; So I&#8217;m bad on requirements lists, I have to organize and start asking for M &amp; M&#8217;s &#8211; only reds, and other difficult fixes, haha. I want water during gig and whiskey afterwards, Helen Sj\u00f6holm says.<\/p>\n<p><em><strong>What is the best gig you have seen?<br \/>\n<\/strong><\/em>&#8211; Oh, there are so many things you have seen. What to take? You always learn something new when you check out artists, Kalle Moraeus says.<\/p>\n<p>&#8211; It must have been when I heard Tommy K\u00f6rberg at Skule song festival with a bunch of fantastic musicians: Stefan Nilsson, Mats Bergstr\u00f6m, Teddy Walter and Andr\u00e9 Ferrari, Helen Sj\u00f6holm says and continues:<\/p>\n<p>&#8211; It was crazy musically; cocky, tender, humorous, swinging, fragile, grand and touching at the same time.<\/p>\n<p><strong><em>TT: How climatesmart is your tour?<br \/>\n<\/em><\/strong>&#8211; We actually go by train and then everyone on a bus so you have to say that is climate smart, Kalle Moraeus replies.<\/p>\n<hr>\n<h5>Facts: Tour plan<\/h5>\n<p>25\/7 Gothenburg, 26\/7 Helsingborg, 27\/7 Kalmar, 28\/7 Link\u00f6ping, 31\/7 Leksand, 1\/8 Eskilstuna, 2\/8 Stockholm, 3\/8 Trosa.<\/p>\n<p><a href=\"https:\/\/helensjoholm.nu\/_eng\/interviews-2019\/\">Back<\/a><\/p>\n","protected":false},"excerpt":{"rendered":"<p>\u00d6sterbottens Tidning 190721 By: TT \/ OSKAR CARLSSON Helen Sj\u00f6holm and Kalle Moraeus, who tour with BAO this summer, share their best and worst tour <a class=\"more-link\" href=\"https:\/\/helensjoholm.nu\/_eng\/press-clips\/interviews-2019\/bao-on-the-roads-again-after-three-years-of-residence\/\">Read More &#8230;<\/a><\/p>\n","protected":false},"author":1,"featured_media":0,"parent":8294,"menu_order":0,"comment_status":"closed","ping_status":"closed","template":"","meta":{"ngg_post_thumbnail":0,"footnotes":""},"class_list":["post-8541","page","type-page","status-publish","hentry"],"aioseo_notices":[],"_links":{"self":[{"href":"https:\/\/helensjoholm.nu\/_eng\/wp-json\/wp\/v2\/pages\/8541","targetHints":{"allow":["GET"]}}],"collection":[{"href":"https:\/\/helensjoholm.nu\/_eng\/wp-json\/wp\/v2\/pages"}],"about":[{"href":"https:\/\/helensjoholm.nu\/_eng\/wp-json\/wp\/v2\/types\/page"}],"author":[{"embeddable":true,"href":"https:\/\/helensjoholm.nu\/_eng\/wp-json\/wp\/v2\/users\/1"}],"replies":[{"embeddable":true,"href":"https:\/\/helensjoholm.nu\/_eng\/wp-json\/wp\/v2\/comments?post=8541"}],"version-history":[{"count":0,"href":"https:\/\/helensjoholm.nu\/_eng\/wp-json\/wp\/v2\/pages\/8541\/revisions"}],"up":[{"embeddable":true,"href":"https:\/\/helensjoholm.nu\/_eng\/wp-json\/wp\/v2\/pages\/8294"}],"wp:attachment":[{"href":"https:\/\/helensjoholm.nu\/_eng\/wp-json\/wp\/v2\/media?parent=8541"}],"curies":[{"name":"wp","href":"https:\/\/api.w.org\/{rel}","templated":true}]}}