{"id":8492,"date":"2019-08-08T18:24:31","date_gmt":"2019-08-08T16:24:31","guid":{"rendered":"http:\/\/helensjoholm.nu\/_eng\/?page_id=8492"},"modified":"2023-08-20T08:45:17","modified_gmt":"2023-08-20T06:45:17","slug":"basta-latarna","status":"publish","type":"page","link":"https:\/\/helensjoholm.nu\/_eng\/albums-2016-2020\/basta-latarna\/","title":{"rendered":"B\u00e4sta l\u00e5tarna"},"content":{"rendered":"<table border=\"0\" align=\"left\">\n<tbody>\n<tr>\n<td valign=\"top\"><img loading=\"lazy\" decoding=\"async\" class=\"alignnone\" title=\"B\u00e4sta l\u00e5tarna (2019)\" src=\"http:\/\/helensjoholm.nu\/wp-content\/gallery\/diskografi\/cd-basta-latarna-2019.png\" alt=\"B\u00e4sta l\u00e5tarna (2019)\" width=\"100\" height=\"100\"><\/td>\n<td valign=\"top\"><strong>B\u00c4STA L\u00c5TARNA<br \/>\n<\/strong>Benny Andersson Band<br \/>\nMono Music AB (2019)<\/td>\n<\/tr>\n<\/tbody>\n<\/table>\n<table>\n<tbody>\n<tr>\n<td><b>Music:<\/b> Benny Andersson<br \/>\n<b>Lyrics:<\/b> Bj\u00f6rn Ulvaeus<\/p>\n<hr>\n<\/td>\n<\/tr>\n<tr>\n<td>Note that it\u00b4s against the law to publish lyrics, or translations of lyrics,<br \/>\nwithout permission from the author! With the help of <a title=\"Google Translator\" href=\"http:\/\/translate.google.se\/#sv\/en\/\" target=\"_blank\" rel=\"noopener noreferrer\">Google Translator<\/a><br \/>\nyou can, however, translate the lyrics for your own use.<\/td>\n<\/tr>\n<\/tbody>\n<\/table>\n<table border=\"0\" align=\"left\">\n<tbody>\n<tr>\n<td style=\"width: 348px; height: 24px;\"><strong>1. <\/strong>Cirkus Finemang<\/td>\n<\/tr>\n<tr>\n<td style=\"width: 348px;\"><strong>2. Lyckan kommer, lyckan g\u00e5r <\/strong><a href=\"https:\/\/helensjoholm.nu\/_eng\/albums-2016-2020\/basta-latarna\/lyckan-kommer-lyckan-gar\/\">(lyrics)<\/a><strong><br \/>\n<\/strong><\/td>\n<\/tr>\n<tr style=\"height: 24px;\" valign=\"top\">\n<td style=\"width: 348px; height: 24px;\"><strong>3. V\u00e5r sista dans <\/strong><a href=\"https:\/\/helensjoholm.nu\/_eng\/1992-2002\/benny-anderssons-orkester\/lyrics-var-sista-dans\/\">(lyrics)<\/a><\/td>\n<\/tr>\n<tr style=\"height: 24px;\" valign=\"top\">\n<td style=\"width: 348px; height: 24px;\"><strong>4.<\/strong> <strong>Det \u00e4r vi \u00e4nd\u00e5 <\/strong><a href=\"https:\/\/helensjoholm.nu\/_eng\/2006-2010\/bao-pa-turne\/lyrics-det-ar-vi-anda\/\">(lyrics)<\/a><\/td>\n<\/tr>\n<tr style=\"height: 24px;\" valign=\"top\">\n<td style=\"width: 348px; height: 24px;\"><strong>5. Du \u00e4r min man <\/strong><a href=\"https:\/\/helensjoholm.nu\/_eng\/2003-2005\/bao\/lyrics-du-ar-min-man\/\">(lyrics)<\/a><\/td>\n<\/tr>\n<tr style=\"height: 24px;\" valign=\"top\">\n<td style=\"width: 348px; height: 24px;\"><strong>6. <\/strong>Fait Accomplit <a href=\"https:\/\/helensjoholm.nu\/_eng\/2006-2010\/bao-3\/lyrics-fait-accomplit-sv\/\">(lyrics)<\/a><\/td>\n<\/tr>\n<tr style=\"height: 24px;\" valign=\"top\">\n<td style=\"width: 348px; height: 24px;\"><strong>7. En dag i s\u00e4nder <\/strong><a title=\"En dag i s\u00e4nder\" href=\"https:\/\/helensjoholm.nu\/_eng\/2011-2015\/o-klang-och-jubeltid\/lyrics-en-dag-i-sander\/\">(lyrics)<\/a><\/td>\n<\/tr>\n<tr style=\"height: 24px;\" valign=\"top\">\n<td style=\"width: 348px; height: 24px;\"><strong>8.<\/strong> <strong>Nu m\u00e5r jag mycket b\u00e4ttre<\/strong> <a href=\"https:\/\/helensjoholm.nu\/_eng\/2006-2010\/bao-3\/lyrics-nu-mar-jag-mycket-battre\/\">(lyrics)<\/a><\/td>\n<\/tr>\n<tr style=\"height: 24px;\" valign=\"top\">\n<td style=\"width: 348px; height: 24px;\"><strong>9.<\/strong> <strong>Story Of A Heart <\/strong><a href=\"https:\/\/helensjoholm.nu\/_eng\/2006-2010\/story-of-a-heart\/lyrics-story-of-a-heart\/\">(lyrics)<\/a><\/td>\n<\/tr>\n<tr style=\"height: 24px;\" valign=\"top\">\n<td style=\"width: 348px; height: 24px;\"><strong>10. En natt i K\u00f6penhamn <\/strong><a href=\"https:\/\/helensjoholm.nu\/_eng\/albums-2016-2020\/mitt-hjarta-klappar-for-dig-2\/en-natt-i-kopenhamn\/\">(lyrics)<\/a><\/td>\n<\/tr>\n<tr style=\"height: 24px;\" valign=\"top\">\n<td style=\"width: 348px; height: 24px;\"><strong>11. Om du var jag <\/strong><a href=\"https:\/\/helensjoholm.nu\/_eng\/albums-2016-2020\/basta-latarna\/om-du-var-jag\/\">(lyrics)<\/a><\/td>\n<\/tr>\n<tr style=\"height: 129px;\" valign=\"top\">\n<td style=\"width: 348px; height: 129px;\"><strong><img loading=\"lazy\" decoding=\"async\" class=\"alignleft\" title=\"Single: Om du var jag (2019)\" src=\"http:\/\/helensjoholm.nu\/wp-content\/gallery\/diskografi\/single-om-du-var-jag-2019.png\" alt=\"Single: Om du var jag (2019)\" width=\"100\" height=\"100\">SINGLE<\/strong><br \/>\n<strong>OM DU VAR JAG<\/strong><br \/>\nMono Music AB (2019)<\/td>\n<\/tr>\n<tr style=\"height: 129px;\" valign=\"top\">\n<td style=\"width: 348px; height: 129px;\"><img loading=\"lazy\" decoding=\"async\" class=\"alignleft\" title=\"Single: Lyckan kommer, lyckan g\u00e5r (2019)\" src=\"https:\/\/helensjoholm.nu\/_eng\/wp-content\/gallery\/diskografi-2016-2020\/single-lyckan-kommer-lyckan.png\" alt=\"Single: Lyckan kommer, lyckan g\u00e5r (2019)\" width=\"100\" height=\"100\"><strong>SINGLE<\/strong><br \/>\n<strong>LYCKAN KOMMER, LYCKAN G\u00c5R<\/strong><br \/>\nMono Music AB (2019)<\/td>\n<\/tr>\n<\/tbody>\n<\/table>\n<hr>\n<h3>Listen!<\/h3>\n<hr>\n<p><iframe title=\"Spotify Embed: B\u00e4sta l\u00e5tarna\" style=\"border-radius: 12px\" width=\"100%\" height=\"352\" frameborder=\"0\" allowfullscreen allow=\"autoplay; clipboard-write; encrypted-media; fullscreen; picture-in-picture\" loading=\"lazy\" src=\"https:\/\/open.spotify.com\/embed\/album\/15v6lSHozlKPdS6bEOYVJr?utm_source=oembed\"><\/iframe><\/p>\n<p><a href=\"https:\/\/helensjoholm.nu\/_eng\/albums-2016-2020\/\">Back<\/a><\/p>\n","protected":false},"excerpt":{"rendered":"<p>B\u00c4STA L\u00c5TARNA Benny Andersson Band Mono Music AB (2019) Music: Benny Andersson Lyrics: Bj\u00f6rn Ulvaeus Note that it\u00b4s against the law to publish lyrics, or <a class=\"more-link\" href=\"https:\/\/helensjoholm.nu\/_eng\/albums-2016-2020\/basta-latarna\/\">Read More &#8230;<\/a><\/p>\n","protected":false},"author":1,"featured_media":0,"parent":6568,"menu_order":0,"comment_status":"closed","ping_status":"closed","template":"","meta":{"ngg_post_thumbnail":0,"footnotes":""},"class_list":["post-8492","page","type-page","status-publish","hentry"],"aioseo_notices":[],"_links":{"self":[{"href":"https:\/\/helensjoholm.nu\/_eng\/wp-json\/wp\/v2\/pages\/8492","targetHints":{"allow":["GET"]}}],"collection":[{"href":"https:\/\/helensjoholm.nu\/_eng\/wp-json\/wp\/v2\/pages"}],"about":[{"href":"https:\/\/helensjoholm.nu\/_eng\/wp-json\/wp\/v2\/types\/page"}],"author":[{"embeddable":true,"href":"https:\/\/helensjoholm.nu\/_eng\/wp-json\/wp\/v2\/users\/1"}],"replies":[{"embeddable":true,"href":"https:\/\/helensjoholm.nu\/_eng\/wp-json\/wp\/v2\/comments?post=8492"}],"version-history":[{"count":0,"href":"https:\/\/helensjoholm.nu\/_eng\/wp-json\/wp\/v2\/pages\/8492\/revisions"}],"up":[{"embeddable":true,"href":"https:\/\/helensjoholm.nu\/_eng\/wp-json\/wp\/v2\/pages\/6568"}],"wp:attachment":[{"href":"https:\/\/helensjoholm.nu\/_eng\/wp-json\/wp\/v2\/media?parent=8492"}],"curies":[{"name":"wp","href":"https:\/\/api.w.org\/{rel}","templated":true}]}}