{"id":8402,"date":"2019-05-26T18:48:36","date_gmt":"2019-05-26T16:48:36","guid":{"rendered":"http:\/\/helensjoholm.nu\/_eng\/?page_id=8402"},"modified":"2019-05-26T18:52:16","modified_gmt":"2019-05-26T16:52:16","slug":"helen-sjoholms-song-went-straight-into-the-heart","status":"publish","type":"page","link":"https:\/\/helensjoholm.nu\/_eng\/press-clips\/reviews-2019\/helen-sjoholms-song-went-straight-into-the-heart\/","title":{"rendered":"Helen Sj\u00f6holm&#8217;s song went straight into the heart"},"content":{"rendered":"<p><strong>Sundsvalls Tidning 190515<\/strong><\/p>\n<p>By: SUSANNE HOLMLUND<\/p>\n<p><strong>We have all our spring signs, milestones for believing that spring is here. In Sundsvall, it\u00b4s not just Walpurgis night, but also highly Caprice &#8211; this year for the incredible 52th time.<\/strong><\/p>\n<p>REVIEW This year, it was extra sold out in Tonhallen and a Caprice that didn\u00b4t emphasize spex highly. No costume numbers, very little props &#8211; here the joy, the humor and the seriousness were musically (&#8230;)<\/p>\n<p>An important reason for the audience success was certainly the guest artist. Helen Sj\u00f6holm is and remains the musical queen in the Sundsvall citizen&#8217;s life. Absolutely well deserved: she has so much core and feeling in her voice, she is so ultra-musical and has such a line in her phrasing that she can sing an almost stagnant song like \u00d6gon k\u00e4nsliga f\u00f6r gr\u00f6nt (Eyes sensitive to green) completely free without ever losing the direction.<\/p>\n<p>Her song goes straight into the heart; for me, the concert&#8217;s most emotional feature was Kristina from Duvem\u00e5la&#8217;s wonder if God exists, but Helen Sj\u00f6holm is also a comedian who can perform a burlesque song directly from the farm hand chamber and challenge Kjell L\u00f6nn\u00e5 on the old tragicomic song about M\u00e4rta and Ture who love each other from each side of a lake.<\/p>\n<p><strong>By her side was<\/strong> Martin \u00d6stergren, skillfully not least as a jazz pianist with nice rhythmic pace. He was also her singing partner and accordionist when needed. In the first section of the choirs, many older spring songs, with sound waves from the KFUM and a women&#8217;s choir with wonderfully powerful, golden and bottom-sounded sounds, were welcomed. When all three choirs get into O hur h\u00e4rligt majsol ler with amazing crescendi, you shudder with pleasure. The chamber choir offered two of my favorite spring songs by Peterson-Berger and a Month of Maying that vibrated with spring joy. Stj\u00e4rnt\u00e4ndningen was a nice Swedish lyrical song that stuck out with its pinch of modernity. And one can be calm because lovely, floating pianissimon is still one of the chamber choir&#8217;s specialties.<\/p>\n<p>(&#8230;)<\/p>\n<p>Towards the end, the temperature was turned up with dance music, pop, songs, jazz classics; everything from Bach gavottes to Gnesta-Kalle schottise to gospel swing, klezmer or the string music&#8217;s old three-chord songs that in choir version become powerful mountains of music. There are no individual stars in the choir; the community is the star. That\u00b4s how spring joy is spread.<\/p>\n<p><em>(The entire review is not reproduced for copyright reasons)<\/em><\/p>\n<p><a href=\"https:\/\/helensjoholm.nu\/_eng\/reviews-2019\/\">Back<\/a><\/p>\n","protected":false},"excerpt":{"rendered":"<p>Sundsvalls Tidning 190515 By: SUSANNE HOLMLUND We have all our spring signs, milestones for believing that spring is here. In Sundsvall, it\u00b4s not just Walpurgis <a class=\"more-link\" href=\"https:\/\/helensjoholm.nu\/_eng\/press-clips\/reviews-2019\/helen-sjoholms-song-went-straight-into-the-heart\/\">Read More &#8230;<\/a><\/p>\n","protected":false},"author":1,"featured_media":0,"parent":8285,"menu_order":0,"comment_status":"closed","ping_status":"closed","template":"","meta":{"ngg_post_thumbnail":0,"footnotes":""},"class_list":["post-8402","page","type-page","status-publish","hentry"],"aioseo_notices":[],"_links":{"self":[{"href":"https:\/\/helensjoholm.nu\/_eng\/wp-json\/wp\/v2\/pages\/8402","targetHints":{"allow":["GET"]}}],"collection":[{"href":"https:\/\/helensjoholm.nu\/_eng\/wp-json\/wp\/v2\/pages"}],"about":[{"href":"https:\/\/helensjoholm.nu\/_eng\/wp-json\/wp\/v2\/types\/page"}],"author":[{"embeddable":true,"href":"https:\/\/helensjoholm.nu\/_eng\/wp-json\/wp\/v2\/users\/1"}],"replies":[{"embeddable":true,"href":"https:\/\/helensjoholm.nu\/_eng\/wp-json\/wp\/v2\/comments?post=8402"}],"version-history":[{"count":0,"href":"https:\/\/helensjoholm.nu\/_eng\/wp-json\/wp\/v2\/pages\/8402\/revisions"}],"up":[{"embeddable":true,"href":"https:\/\/helensjoholm.nu\/_eng\/wp-json\/wp\/v2\/pages\/8285"}],"wp:attachment":[{"href":"https:\/\/helensjoholm.nu\/_eng\/wp-json\/wp\/v2\/media?parent=8402"}],"curies":[{"name":"wp","href":"https:\/\/api.w.org\/{rel}","templated":true}]}}