{"id":831,"date":"2013-04-19T18:26:40","date_gmt":"2013-04-19T16:26:40","guid":{"rendered":"http:\/\/helensjoholm.nu\/_eng\/?page_id=831"},"modified":"2022-03-15T15:18:11","modified_gmt":"2022-03-15T13:18:11","slug":"magnus-and-helen-search-for-songs","status":"publish","type":"page","link":"https:\/\/helensjoholm.nu\/_eng\/press-clips\/various-2013\/magnus-and-helen-search-for-songs\/","title":{"rendered":"Magnus and Helen search for songs&#8230;"},"content":{"rendered":"<p><strong><img loading=\"lazy\" decoding=\"async\" title=\"Arbetarbladet 130331\" src=\"https:\/\/helensjoholm.nu\/_eng\/wp-content\/gallery\/pressklipp-2013-2015\/gavle_130504.jpg\" alt=\"Arbetarbladet 130331\" width=\"468\" height=\"312\"><\/strong><\/p>\n<p><strong>Arbetarbladet 130331<\/strong><\/p>\n<p><strong>Two well-known voices and a full orchestra. This spring G\u00e4vle Symphony Orchestra collaborate with Magnus Carlson and Helen Sj\u00f6holm and land in the 80s.<\/strong><\/p>\n<p>It&#8217;s a March afternoon at Magnus Carlson\u2019s home in Stockholm and not much more than a month to go to the concert that Helen Sj\u00f6holm, Magnus Carlson and G\u00e4vle Symphony Orchestra will do together, and for a few hours the singers have been sitting and listening to over 70 potential songs together with Hans Ek, who will arrange them and conducts the orchestra at the concert on May 4 at the concert hall in G\u00e4vle.<\/p>\n<p>&#8211; Damn, there are so many great songs, says Helen Sj\u00f6holm.<\/p>\n<p>They have wanted to go outside of their normal repertoire, leave the expected.<\/p>\n<p>&#8211; One might think that it would be many songs from the 60&#8217;s, but we have leaned towards the 80&#8217;s, says Magnus Carlson and they drop names like Elvis Costello, Nick Cave, David Bowie, Depeche Mode.<\/p>\n<p>&#8211; And Yazoo! says Magnus Carlson. We have tried to find songs that are not standards. But it\u2019s still going to be that feeling that wow, this song I haven\u2019t heard in 20 years.<\/p>\n<p>And consequently leave what they usually do behind.<br \/>\n&#8211; We do that 360 days a year anyway, says Magnus Carlson.<\/p>\n<p>He is perhaps best known as the lead singer of Weeping Willows, but has also in recent years leaned towards jazz with The Moon Ray Quintet. Helen Sj\u00f6holm is perhaps most associated with the title role in &#8220;Kristina fr\u00e5n Duvem\u00e5la&#8221;, but also has many hits together with Benny Andersson Band and film and television parts on her r\u00e9sum\u00e9.<\/p>\n<p>This is Magnus Carlson&#8217;s idea from the beginning. Some six years ago or so, he and Helen Sj\u00f6holm took part in a Ted G\u00e4rdestad tribute.<br \/>\n&#8211; But then we didn\u2019t sing together, but I have wanted to do that since then, Magnus Carlson explains.<\/p>\n<p>&#8211; And I think it&#8217;s super luxurious, simply yes, how fun, says Helen Sj\u00f6holm.<\/p>\n<p>They intend to do duets of most song material.<br \/>\n&#8211; We&#8217;ll fight over who should sing the chorus, Helen Sj\u00f6holm says.<\/p>\n<p>But first they must devote a few more hours to decide which songs to fit in the program.<br \/>\n&#8211; That&#8217;s our biggest problem, that there are so many good songs. Now it\u2019s kill your darlings, says Hans Ek.<\/p>\n<p>And on May 4 one can hear what darlings were left, at the Concert Hall in G\u00e4vle.<\/p>\n<p><a title=\"Various 2013\" href=\"https:\/\/helensjoholm.nu\/_eng\/press-clips\/various-2013\/\">Back<\/a><\/p>\n","protected":false},"excerpt":{"rendered":"<p>Arbetarbladet 130331 Two well-known voices and a full orchestra. This spring G\u00e4vle Symphony Orchestra collaborate with Magnus Carlson and Helen Sj\u00f6holm and land in the <a class=\"more-link\" href=\"https:\/\/helensjoholm.nu\/_eng\/press-clips\/various-2013\/magnus-and-helen-search-for-songs\/\">Read More &#8230;<\/a><\/p>\n","protected":false},"author":1,"featured_media":0,"parent":822,"menu_order":0,"comment_status":"closed","ping_status":"closed","template":"","meta":{"ngg_post_thumbnail":0,"footnotes":""},"class_list":["post-831","page","type-page","status-publish","hentry"],"aioseo_notices":[],"_links":{"self":[{"href":"https:\/\/helensjoholm.nu\/_eng\/wp-json\/wp\/v2\/pages\/831","targetHints":{"allow":["GET"]}}],"collection":[{"href":"https:\/\/helensjoholm.nu\/_eng\/wp-json\/wp\/v2\/pages"}],"about":[{"href":"https:\/\/helensjoholm.nu\/_eng\/wp-json\/wp\/v2\/types\/page"}],"author":[{"embeddable":true,"href":"https:\/\/helensjoholm.nu\/_eng\/wp-json\/wp\/v2\/users\/1"}],"replies":[{"embeddable":true,"href":"https:\/\/helensjoholm.nu\/_eng\/wp-json\/wp\/v2\/comments?post=831"}],"version-history":[{"count":0,"href":"https:\/\/helensjoholm.nu\/_eng\/wp-json\/wp\/v2\/pages\/831\/revisions"}],"up":[{"embeddable":true,"href":"https:\/\/helensjoholm.nu\/_eng\/wp-json\/wp\/v2\/pages\/822"}],"wp:attachment":[{"href":"https:\/\/helensjoholm.nu\/_eng\/wp-json\/wp\/v2\/media?parent=831"}],"curies":[{"name":"wp","href":"https:\/\/api.w.org\/{rel}","templated":true}]}}