{"id":7922,"date":"2018-07-15T17:08:22","date_gmt":"2018-07-15T15:08:22","guid":{"rendered":"http:\/\/helensjoholm.nu\/_eng\/?page_id=7922"},"modified":"2018-07-15T17:25:28","modified_gmt":"2018-07-15T15:25:28","slug":"sjoholm-about-nasaker-it-feels-magical","status":"publish","type":"page","link":"https:\/\/helensjoholm.nu\/_eng\/press-clips\/interviews-2018\/sjoholm-about-nasaker-it-feels-magical\/","title":{"rendered":"Sj\u00f6holm about N\u00e4s\u00e5ker: &#8220;It feels magical&#8221;"},"content":{"rendered":"<p><strong>MittMedia 180614<\/strong><\/p>\n<p>By: J\u00d6RGEN SUNDIN<\/p>\n<p><strong>On saturday, Helen Sj\u00f6holm, Jacke Sj\u00f6din and Holmsten Trio perform at the party venue in N\u00e4s\u00e5ker. For Helen Sj\u00f6holm, it&#8217;s like coming home.<\/strong><br \/>\n<strong>\u2013&nbsp;It feels amazing. It was on Storgatan in N\u00e4s\u00e5ker I made my first gig, she says.<\/strong><\/p>\n<p><strong>N\u00c4S\u00c5KER<\/strong> Helen&#8217;s mother was born and raised in N\u00e4s\u00e5ker and during her childhood, Helen, who grew up in Sundsvall, was often&nbsp;<span class=\"short_text\" id=\"result_box\" lang=\"en\">at her grandmother&#8217;s home.<\/span><\/p>\n<p>\u2013 I was there a lot when I was a child. But my grandmother passed away 18 years ago, so now it&#8217;s not that often. It&#8217;s probably five to six years since I was in N\u00e4s\u00e5ker lately, she says.<\/p>\n<p>(&#8230;) In addition, Helen and the artists can sleep in her grandmother&#8217;s old house.<\/p>\n<p>\u2013 It feels magical to sleep in the house you spent so much time in as a child, she says. In N\u00e4s\u00e5ker Helen will be accompanied by Holmsten&#8217;s enhanced trio. In addition to Jacke Sj\u00f6din, Klas Norberg and Helen&#8217;s cousin Maria Lundberg from Sollefte\u00e5 also participate.<\/p>\n<p>\u2013 It will be super cool. Me and Maria often sang for grandmother and when the aunts came on coffee, it happened all the time, we should sing. That&#8217;s where the career started.<\/p>\n<p>(&#8230;)&nbsp;\u2013 I&#8217;ve seen many great artists on that stage. I remember when Fallen&#8217;s day was great and I saw Carola and Lasse Berghagen and many others.<\/p>\n<p>\u2013 But it&#8217;s not just for sentimental reasons I like that stage. It&#8217;s a great venue that&#8217;s unique. (&#8230;)<\/p>\n<p><em>(Due to copyright reasons the entire review cannot be reproduced)<\/em><\/p>\n<p><a href=\"https:\/\/helensjoholm.nu\/_eng\/press-clips\/interviews-2018\/\">Back<\/a><\/p>\n","protected":false},"excerpt":{"rendered":"<p>MittMedia 180614 By: J\u00d6RGEN SUNDIN On saturday, Helen Sj\u00f6holm, Jacke Sj\u00f6din and Holmsten Trio perform at the party venue in N\u00e4s\u00e5ker. For Helen Sj\u00f6holm, it&#8217;s <a class=\"more-link\" href=\"https:\/\/helensjoholm.nu\/_eng\/press-clips\/interviews-2018\/sjoholm-about-nasaker-it-feels-magical\/\">Read More &#8230;<\/a><\/p>\n","protected":false},"author":1,"featured_media":0,"parent":7902,"menu_order":0,"comment_status":"closed","ping_status":"closed","template":"","meta":{"ngg_post_thumbnail":0,"footnotes":""},"class_list":["post-7922","page","type-page","status-publish","hentry"],"aioseo_notices":[],"_links":{"self":[{"href":"https:\/\/helensjoholm.nu\/_eng\/wp-json\/wp\/v2\/pages\/7922","targetHints":{"allow":["GET"]}}],"collection":[{"href":"https:\/\/helensjoholm.nu\/_eng\/wp-json\/wp\/v2\/pages"}],"about":[{"href":"https:\/\/helensjoholm.nu\/_eng\/wp-json\/wp\/v2\/types\/page"}],"author":[{"embeddable":true,"href":"https:\/\/helensjoholm.nu\/_eng\/wp-json\/wp\/v2\/users\/1"}],"replies":[{"embeddable":true,"href":"https:\/\/helensjoholm.nu\/_eng\/wp-json\/wp\/v2\/comments?post=7922"}],"version-history":[{"count":0,"href":"https:\/\/helensjoholm.nu\/_eng\/wp-json\/wp\/v2\/pages\/7922\/revisions"}],"up":[{"embeddable":true,"href":"https:\/\/helensjoholm.nu\/_eng\/wp-json\/wp\/v2\/pages\/7902"}],"wp:attachment":[{"href":"https:\/\/helensjoholm.nu\/_eng\/wp-json\/wp\/v2\/media?parent=7922"}],"curies":[{"name":"wp","href":"https:\/\/api.w.org\/{rel}","templated":true}]}}