{"id":7902,"date":"2018-07-14T17:37:09","date_gmt":"2018-07-14T15:37:09","guid":{"rendered":"http:\/\/helensjoholm.nu\/_eng\/?page_id=7902"},"modified":"2018-07-15T17:31:43","modified_gmt":"2018-07-15T15:31:43","slug":"interviews-2018","status":"publish","type":"page","link":"https:\/\/helensjoholm.nu\/_eng\/press-clips\/interviews-2018\/","title":{"rendered":"Interviews 2018"},"content":{"rendered":"<table border=\"1\" cellspacing=\"3\" cellpadding=\"3\">\n<tbody>\n<tr valign=\"top\">\n<td width=\"130\"><strong>180614<\/strong><\/td>\n<td width=\"517\"><a href=\"https:\/\/helensjoholm.nu\/_eng\/press-clips\/interviews-2018\/sjoholm-about-nasaker-it-feels-magical\/\">Mittmedia &#8211;&nbsp;Sj\u00f6holm about N\u00e4s\u00e5ker: &#8220;It feels magical&#8221;<\/a><\/td>\n<\/tr>\n<\/tbody>\n<\/table>\n<hr>\n<p><a title=\"Press clips\" href=\"https:\/\/helensjoholm.nu\/_eng\/press-clips\/\">Back<\/a><\/p>\n","protected":false},"excerpt":{"rendered":"<p>180614 Mittmedia &#8211;&nbsp;Sj\u00f6holm about N\u00e4s\u00e5ker: &#8220;It feels magical&#8221; Back<\/p>\n","protected":false},"author":1,"featured_media":0,"parent":152,"menu_order":0,"comment_status":"closed","ping_status":"closed","template":"","meta":{"ngg_post_thumbnail":0,"footnotes":""},"class_list":["post-7902","page","type-page","status-publish","hentry"],"aioseo_notices":[],"_links":{"self":[{"href":"https:\/\/helensjoholm.nu\/_eng\/wp-json\/wp\/v2\/pages\/7902","targetHints":{"allow":["GET"]}}],"collection":[{"href":"https:\/\/helensjoholm.nu\/_eng\/wp-json\/wp\/v2\/pages"}],"about":[{"href":"https:\/\/helensjoholm.nu\/_eng\/wp-json\/wp\/v2\/types\/page"}],"author":[{"embeddable":true,"href":"https:\/\/helensjoholm.nu\/_eng\/wp-json\/wp\/v2\/users\/1"}],"replies":[{"embeddable":true,"href":"https:\/\/helensjoholm.nu\/_eng\/wp-json\/wp\/v2\/comments?post=7902"}],"version-history":[{"count":0,"href":"https:\/\/helensjoholm.nu\/_eng\/wp-json\/wp\/v2\/pages\/7902\/revisions"}],"up":[{"embeddable":true,"href":"https:\/\/helensjoholm.nu\/_eng\/wp-json\/wp\/v2\/pages\/152"}],"wp:attachment":[{"href":"https:\/\/helensjoholm.nu\/_eng\/wp-json\/wp\/v2\/media?parent=7902"}],"curies":[{"name":"wp","href":"https:\/\/api.w.org\/{rel}","templated":true}]}}