{"id":780,"date":"2013-04-19T17:33:38","date_gmt":"2013-04-19T15:33:38","guid":{"rendered":"http:\/\/helensjoholm.nu\/_eng\/?page_id=780"},"modified":"2013-11-06T11:44:44","modified_gmt":"2013-11-06T09:44:44","slug":"reviews-2013","status":"publish","type":"page","link":"https:\/\/helensjoholm.nu\/_eng\/press-clips\/reviews-2013\/","title":{"rendered":"Reviews 2013"},"content":{"rendered":"<table style=\"width: 675px;\" border=\"1\" cellspacing=\"3\" cellpadding=\"3\">\n<tbody>\n<tr valign=\"top\">\n<td width=\"130\"><strong>131028<\/strong><\/td>\n<td width=\"517\"><a href=\"https:\/\/helensjoholm.nu\/_eng\/nice-wide-deep-and-fun\/\">NT &#8211; Nice, wide, deep &#8211; and fun<\/a><\/td>\n<\/tr>\n<tr valign=\"top\">\n<td width=\"130\"><strong>131028<\/strong><\/td>\n<td width=\"517\"><a href=\"https:\/\/helensjoholm.nu\/_eng\/revival-in-kalmarsalen\/\">Barometern &#8211; Revival in Kalmarsalen<\/a><\/td>\n<\/tr>\n<tr valign=\"top\">\n<td width=\"130\"><strong>131021<\/strong><\/td>\n<td width=\"517\"><a href=\"https:\/\/helensjoholm.nu\/_eng\/sjoholm-charmed-the-malmo-audience\/\">Sk\u00e5nskan &#8211; Sj\u00f6holm charmed the Malm\u00f6 audience<\/a><\/td>\n<\/tr>\n<tr valign=\"top\">\n<td width=\"130\"><strong>131021<\/strong><\/td>\n<td width=\"517\"><a href=\"https:\/\/helensjoholm.nu\/_eng\/big-star-with-a-talented-voice\/\">S\u00f6lvesborg newspaper &#8211; Big star with a talented voice<\/a><\/td>\n<\/tr>\n<tr valign=\"top\">\n<td width=\"130\"><strong>131014<\/strong><\/td>\n<td width=\"517\"><a href=\"https:\/\/helensjoholm.nu\/_eng\/helen-sjoholm-sang-to-a-packed-hall\/\">VLT &#8211; Helen Sj\u00f6holm sang to a packed hall<\/a><\/td>\n<\/tr>\n<tr valign=\"top\">\n<td width=\"130\"><strong>131014<\/strong><\/td>\n<td width=\"517\"><a href=\"https:\/\/helensjoholm.nu\/_eng\/a-stylish-helen-sjoholm-at-ukk\/\">Uppsalanyheter &#8211; A stylish Helen Sj\u00f6holm at UKK<\/a><\/td>\n<\/tr>\n<tr valign=\"top\">\n<td width=\"130\"><strong>131013<\/strong><\/td>\n<td width=\"517\"><a href=\"https:\/\/helensjoholm.nu\/_eng\/singer-with-many-sides\/\">UNT &#8211; Singer with many sides<\/a><\/td>\n<\/tr>\n<tr valign=\"top\">\n<td width=\"130\"><strong>131009<\/strong><\/td>\n<td width=\"517\"><a href=\"https:\/\/helensjoholm.nu\/_eng\/sensitive-and-fun\/\">Aftonbladet &#8211; Sensitive &#8211; and fun<\/a><\/td>\n<\/tr>\n<tr valign=\"top\">\n<td width=\"130\"><strong>130725<\/strong><\/td>\n<td width=\"517\"><a title=\"BAO, what a night!\" href=\"https:\/\/helensjoholm.nu\/_eng\/bao-what-a-night\/\">Pite\u00e5-Tidningen &#8211; BAO, what a night!<\/a><\/td>\n<\/tr>\n<tr valign=\"top\">\n<td width=\"130\"><strong>130722<\/strong><\/td>\n<td width=\"517\"><a title=\"BAO \u2013 a unique and unbeatable experience\" href=\"https:\/\/helensjoholm.nu\/_eng\/bao-a-unique-and-unbeatable-experience\/\">\u00d6stran \/ Nyheterna &#8211; BAO &#8211; a unique and unbeatable experience<\/a><\/td>\n<\/tr>\n<tr valign=\"top\">\n<td width=\"130\"><strong>130719<\/strong><\/td>\n<td width=\"517\"><a title=\"BAOW, here's the real joy!\" href=\"https:\/\/helensjoholm.nu\/_eng\/baow-heres-the-real-joy\/\">Expressen\/GT &#8211; BAOW, here&#8217;s the real joy!<\/a><\/td>\n<\/tr>\n<tr valign=\"top\">\n<td width=\"130\"><strong>130719\u00a0<\/strong><\/td>\n<td width=\"517\"><a title=\"Summer should sound like this\" href=\"https:\/\/helensjoholm.nu\/_eng\/summer-should-sound-like-this\/\">Aftonbladet &#8211; Summer should sound like this<\/a><\/td>\n<\/tr>\n<tr valign=\"top\">\n<td width=\"130\"><strong>130505<\/strong><\/td>\n<td width=\"517\"><a title=\"A music evening with emotion and dynamics\" href=\"https:\/\/helensjoholm.nu\/_eng\/press-clips\/reviews-2013\/a-music-evening-with-emotion-and-dynamics\/\">Gefle Dagblad &#8211; A music evening with emotion and dynamics<\/a><\/td>\n<\/tr>\n<tr valign=\"top\">\n<td width=\"130\"><strong>130424<\/strong><\/td>\n<td width=\"517\"><a title=\"An awesome Sj\u00f6holm\" href=\"https:\/\/helensjoholm.nu\/_eng\/press-clips\/reviews-2013\/an-awesome-sjoholm\/\">Falk\u00f6pings Tidning &#8211; An awesome Sj\u00f6holm<\/a><\/td>\n<\/tr>\n<tr valign=\"top\">\n<td width=\"130\"><strong>130224<\/strong><\/td>\n<td width=\"517\"><a title=\"Jubilation for a centenarian\" href=\"https:\/\/helensjoholm.nu\/_eng\/press-clips\/reviews-2013\/jubilation-for-a-centenarian\/\">Sundsvalls Tidning &#8211; Jubilation for a centenarian<\/a><\/td>\n<\/tr>\n<\/tbody>\n<\/table>\n<hr \/>\n<p><a title=\"Press clips\" href=\"https:\/\/helensjoholm.nu\/_eng\/press-clips\/\">Back<\/a><\/p>\n","protected":false},"excerpt":{"rendered":"<p>131028 NT &#8211; Nice, wide, deep &#8211; and fun 131028 Barometern &#8211; Revival in Kalmarsalen 131021 Sk\u00e5nskan &#8211; Sj\u00f6holm charmed the Malm\u00f6 audience 131021 S\u00f6lvesborg <a class=\"more-link\" href=\"https:\/\/helensjoholm.nu\/_eng\/press-clips\/reviews-2013\/\">Read More &#8230;<\/a><\/p>\n","protected":false},"author":1,"featured_media":0,"parent":152,"menu_order":0,"comment_status":"closed","ping_status":"open","template":"","meta":{"ngg_post_thumbnail":0,"footnotes":""},"class_list":["post-780","page","type-page","status-publish","hentry"],"aioseo_notices":[],"_links":{"self":[{"href":"https:\/\/helensjoholm.nu\/_eng\/wp-json\/wp\/v2\/pages\/780","targetHints":{"allow":["GET"]}}],"collection":[{"href":"https:\/\/helensjoholm.nu\/_eng\/wp-json\/wp\/v2\/pages"}],"about":[{"href":"https:\/\/helensjoholm.nu\/_eng\/wp-json\/wp\/v2\/types\/page"}],"author":[{"embeddable":true,"href":"https:\/\/helensjoholm.nu\/_eng\/wp-json\/wp\/v2\/users\/1"}],"replies":[{"embeddable":true,"href":"https:\/\/helensjoholm.nu\/_eng\/wp-json\/wp\/v2\/comments?post=780"}],"version-history":[{"count":0,"href":"https:\/\/helensjoholm.nu\/_eng\/wp-json\/wp\/v2\/pages\/780\/revisions"}],"up":[{"embeddable":true,"href":"https:\/\/helensjoholm.nu\/_eng\/wp-json\/wp\/v2\/pages\/152"}],"wp:attachment":[{"href":"https:\/\/helensjoholm.nu\/_eng\/wp-json\/wp\/v2\/media?parent=780"}],"curies":[{"name":"wp","href":"https:\/\/api.w.org\/{rel}","templated":true}]}}