{"id":68,"date":"2013-04-10T18:31:16","date_gmt":"2013-04-10T16:31:16","guid":{"rendered":"http:\/\/helensjoholm.nu\/_eng\/?page_id=68"},"modified":"2023-06-05T10:21:41","modified_gmt":"2023-06-05T08:21:41","slug":"2011-and-forward","status":"publish","type":"page","link":"https:\/\/helensjoholm.nu\/_eng\/2011-and-forward\/","title":{"rendered":"Years 2011-2015"},"content":{"rendered":"<div style=\"width: 465px\" class=\"wp-caption alignnone\"><img loading=\"lazy\" decoding=\"async\" title=\"Foto och \u00a9 Peter Cederling \" src=\"https:\/\/helensjoholm.nu\/_eng\/wp-content\/gallery\/biografi\/euforia3.jpg\" alt=\"Foto och \u00a9 Peter Cederling \" width=\"455\" height=\"400\"><p class=\"wp-caption-text\">Foto och \u00a9 Peter Cederling<\/p><\/div>\n<p><strong>Beginning January 29, 2011<\/strong>, Helen went on tour with the material from her latest album; <a title=\"Euforia \u2013 Helen Sj\u00f6holm sjunger Billy Joel\" href=\"https:\/\/helensjoholm.nu\/_eng\/2006-2010\/euforia-helen-sjoholm-sjunger-billy-joel\/\"><em>Euforia &#8211; Helen Sj\u00f6holm sjunger Billy Joel<\/em><\/a>. The Euforia tour ended in Lule\u00e5 on the 14th of April. But also the summer was spent on tour, this time with BAO, who released a new album on June 15; <a title=\"O klang och jubeltid\" href=\"https:\/\/helensjoholm.nu\/_eng\/2011-2015\/o-klang-och-jubeltid\/\"><em>O klang och jubeltid<\/em><\/a>. The single <em>K\u00e4ra syster<\/em>, where Helen does the vocals, was released in mid-May. In December also <em>Allt syns n\u00e4r man \u00e4r naken<\/em> was released as a single.<\/p>\n<p>On December 9 the movie <a href=\"http:\/\/www.svenskfilmdatabas.se\/sv\/item\/?type=film&amp;itemid=67124\" target=\"_blank\" rel=\"noopener noreferrer\"><em>Simon and the Oaks<\/em><\/a> premiered. The movie itself was greated with mixed reviews, but Helen was consistently raved:<\/p>\n<p>\u201dThe absolute star of the movie. We\u2019re so predisposed to hear her sing that we easily forget her capacity as an actress. Here she doesn\u2019t sing one earnest note but expresses every nuance of the mother Karin\u2019s good-hearted character.\u201d<br \/>\n<em>Bernt Eklund, Expressen<\/em><\/p>\n<p>\u201dHelen Sj\u00f6holm plays the part of Simon\u2019s mother Karin and her love for her son can be felt far into the theater. So does the pain, when everything goes wrong and she can\u2019t reach him&#8230;\u201d<br \/>\n<em>\u00c5sa Mwansa, Sk\u00f6vde Nyheter&nbsp;<\/em><\/p>\n<p>\u201dHelen Sj\u00f6holm\u2019s brilliant mother figure casts its warm light on future generations.\u201d<br \/>\n<em>Diana Holmberg, Helsingborgs Dagblad <\/em><\/p>\n<p>\u201cHelen Sj\u00f6holm shines as an actor&#8230; As Simon\u2019s mother Helen Sj\u00f6holm does yet another of her poignant and powerful portraits of tormented women.\u201d<br \/>\n<em>Bj\u00f6rn G Stenberg, Uppsala Nya Tidning<\/em><\/p>\n<p>\u201c&#8230;Singer Helen Sj\u00f6holm, incredibly phenomenal as the title role Simon\u2019s mother.\u201d<br \/>\n<em>Rolf Nils\u00e9n, Norrbottens-Kuriren<\/em><\/p>\n<p>\u201cSj\u00f6holm excels. Best on the scene is Helen Sj\u00f6holm who creates a great bitter distress in all simplicity&#8230;\u201d<br \/>\n<em>Torsten Braf, Katrineholms-Kuriren<\/em><\/p>\n<p>&#8220;Sj\u00f6holm, G\u00f6dicke and Leifers are incredibly good as the parents.\u201d<br \/>\n<em>Jan-Olov Andersson, Aftonbladet&nbsp;<\/em><\/p>\n<p>\u201cAnd Helen Sj\u00f6holm, I say no more than Helen Sj\u00f6holm, who not only a singer of class. She\u2019s a brilliant character actress as well. Though we saw that already in \u201cAs it is in heaven\u201d seven years ago. Guldbaggar awaits.\u201d<br \/>\n<em>Stefan Andersson, Gefle Dagblad&nbsp;<\/em><\/p>\n<p>\u201cBut above all it\u2019s Helen Sj\u00f6holm and Stefan G\u00f6dicke as Simon\u2019s parents, as well as Jan Josef Liefers as Isak\u2019s father Ruben, who lay the foundation of brilliant human portraits.\u201d<br \/>\n<em>\u00c5sa Johansson, Dalarnas Tidningar&nbsp;<\/em><\/p>\n<p>Helen was nominated for a Guldbagge [Swedish version of the Oscar\u2019s] in the category Best Actress in a leading role. The gala, to which Helen was present, was broadcasted live on January 23, 2012, but she didn\u2019t win.<\/p>\n<p><strong>For most of 2012<\/strong>, Helen was on parental leave with twins Samuel and Johanna, that she and her husband David had at the end of December 2011.<\/p>\n<p>In August, she participated in a summer gig with BAO at Vaksala Square in Uppsala. In a grand ceremony on October 12 Helen was appointed an&nbsp;<a title=\"Academic ceremony in Sundsvall on October 12, 2012\" href=\"https:\/\/helensjoholm.nu\/_eng\/2011-and-forward\/academic-ceremony-in-sundsvall-on-october-12-2012\/\">honorary doctorate&nbsp;<\/a>at Mid University, for her work in the cultural field. In November and December she performed at a few smaller events, such as Lucia Morning in SVT2 along with Benny Andersson, where she sang newly written <em>Vinterhamn<\/em> from BAO&#8217;s Christmas CD <a title=\"Tomten har \u00e5kt hem\" href=\"https:\/\/helensjoholm.nu\/_eng\/2011-2015\/tomten-har-akt-hem\/\"><em>Tomten har \u00e5kt hem<\/em><\/a> (<em>Santa has gone home<\/em>), which was released in November.<\/p>\n<p>Another CD Helen has been involved in, and which was released at the sametime, is <a title=\"Det kunde lika g\u00e4rna vara jag \u2013 en salig samling s\u00e5ngerskor\" href=\"https:\/\/helensjoholm.nu\/_eng\/2011-2015\/det-kunde-lika-garna-vara-jag\/\"><em>Det kunde lika g\u00e4rna vara jag &#8211; en salig samling s\u00e5ngerskor<\/em><\/a> (<em>It could just as easily have been me &#8211; a glorious collection of singers<\/em>); a CD released in conjunction with the Salvation Army, to help the homeless.<\/p>\n<p>Helen continued her parental leave until the end of April 2013, with the exception of when Sundsvall Orchestra Association celebrated its 100th anniversary in February and she was a guest artist together with Anna Stadling. In late spring concerts in different constellations and&nbsp;at different places around the country took place, for example with&nbsp;Magnus Carlsson and G\u00e4vle Symphony Orchestra in newly written arrangements for 70 &#8211; and 80&#8217;s songs.<\/p>\n<p>The summer began with traditional concerts, seven in total,&nbsp;along with Martin and Jojje, and shortly afterwards the BAO tour started. Eight concerts from Helsingborg in the south&nbsp;to Pite\u00e5 in the north, and the reviewers were lyrical:<\/p>\n<p>Aftonbladet&#8217;s Jens Peterson writes &#8220;Helen Sj\u00f6holm is fantastic and makes the evergreen chart topper sound new. She is superb in everything at the premiere.&#8221; &#8220;Helen Sj\u00f6holm is a unique kind and she sings the songs like no one else could&#8221;, Tommy Granlund from \u00d6stran\/Nyheterna praises after the Kalmar concert.<\/p>\n<p>In late September, Helen was a guest at Peter J\u00f6back&#8217;s tour <em>I Love Musicals &#8211; The Broadway Edition<\/em> in the two initial concerts in \u00d6rnsk\u00f6ldsvik and Lule\u00e5. After that her own autumn tour started, where she together with Martin \u00d6stergren, Jojje Wadenius, Ulric Johansson and Tomas Bergquist during October gave twelve concerts with a mixed program all around Sweden. In November and December Helen starred in the corporate event <em>Stj\u00e4rnklart<\/em>.<\/p>\n<p><strong>In the spring of 2014<\/strong> the autumn concert tour continued, with a partly renewed progam. Helen also&nbsp;appeared in <em>Top Lunch<\/em> at Katalin in Uppsala in April, together with among others Jacke Sj\u00f6din. In May she sang with choirs in Sundsvall, Karlstad and Lule\u00e5, before the first rehearsals of the autumn&#8217;s upcoming musical premiere begun. In <a href=\"https:\/\/helensjoholm.nu\/_eng\/livet-ar-en-schlager\/\" target=\"_blank\" rel=\"noopener noreferrer\"><em>Life is a Schlager<\/em><\/a>, a new musical by Jonas Gardell, she played the part of Mona, mother of four, and it premiered on September 11 at Cirkus in Stockholm. The music was written by Fredrik Kempe and the other main roles were played by Peter J\u00f6back, Johan Glans, Jonas Helgesson, M\u00e5ns M\u00f6ller, Katarina Ewerl\u00f6f, My Holmsten and Frida Westerdahl. The musicals was played until the end of May the following year.<\/p>\n<p>At the end of 2014 Helen was appointed ambassador for <a title=\"The Vi-forest\" href=\"https:\/\/helensjoholm.nu\/_eng\/vi-skogen\/\">The Vi forest<\/a> and in May 2015 she took part in the concert <em>Pengarna \u00e5t skogen<\/em> (<em>Money to the forest<\/em>), by the same organisation. During the summer she went on a tour called <em>Musik i sommarkv\u00e4ll<\/em> (<em>Music in the summer evening<\/em>) together with Martin \u00d6stergren, Jojje Wadenius, Ulric Johansson and Tomas Bergquist. In addition she also gave three concerts with the Sj\u00f6backa choir in Skillinge and she was the soloist at the DN concert <em>Filharmonikerna i det gr\u00f6na<\/em> (<em>The Philharmonic Orchestra in the green<\/em>) at the Maritime Museum.<\/p>\n<p>In the autumn she toured with Peter J\u00f6back in <em>I Love Musicals<\/em>, which visited 10 major venues around Sweden, as well as Oslo and Helsinki. At the end of the year she, along with Anders Widmark, gave the tour <em>Midwinter<\/em> and she also participated in Malm\u00f6 Fire Brigades&#8217;s traditional Christmas show.<\/p>\n<div style=\"width: 369px\" class=\"wp-caption alignnone\"><img loading=\"lazy\" decoding=\"async\" title=\"Midwinter\" src=\"https:\/\/helensjoholm.nu\/_eng\/wp-content\/gallery\/biografi\/midvinter-500.jpg\" alt=\"Midwinter\" width=\"359\" height=\"500\"><p class=\"wp-caption-text\">Photo and \u00a9 Anna-Lena Ahlstr\u00f6m<\/p><\/div>\n","protected":false},"excerpt":{"rendered":"<p>Beginning January 29, 2011, Helen went on tour with the material from her latest album; Euforia &#8211; Helen Sj\u00f6holm sjunger Billy Joel. The Euforia tour <a class=\"more-link\" href=\"https:\/\/helensjoholm.nu\/_eng\/2011-and-forward\/\">Read More &#8230;<\/a><\/p>\n","protected":false},"author":1,"featured_media":0,"parent":0,"menu_order":0,"comment_status":"closed","ping_status":"open","template":"","meta":{"ngg_post_thumbnail":0,"footnotes":""},"class_list":["post-68","page","type-page","status-publish","hentry"],"aioseo_notices":[],"_links":{"self":[{"href":"https:\/\/helensjoholm.nu\/_eng\/wp-json\/wp\/v2\/pages\/68","targetHints":{"allow":["GET"]}}],"collection":[{"href":"https:\/\/helensjoholm.nu\/_eng\/wp-json\/wp\/v2\/pages"}],"about":[{"href":"https:\/\/helensjoholm.nu\/_eng\/wp-json\/wp\/v2\/types\/page"}],"author":[{"embeddable":true,"href":"https:\/\/helensjoholm.nu\/_eng\/wp-json\/wp\/v2\/users\/1"}],"replies":[{"embeddable":true,"href":"https:\/\/helensjoholm.nu\/_eng\/wp-json\/wp\/v2\/comments?post=68"}],"version-history":[{"count":0,"href":"https:\/\/helensjoholm.nu\/_eng\/wp-json\/wp\/v2\/pages\/68\/revisions"}],"wp:attachment":[{"href":"https:\/\/helensjoholm.nu\/_eng\/wp-json\/wp\/v2\/media?parent=68"}],"curies":[{"name":"wp","href":"https:\/\/api.w.org\/{rel}","templated":true}]}}