{"id":6669,"date":"2016-08-20T08:41:02","date_gmt":"2016-08-20T06:41:02","guid":{"rendered":"http:\/\/helensjoholm.nu\/_eng\/?page_id=6669"},"modified":"2021-05-14T13:15:07","modified_gmt":"2021-05-14T11:15:07","slug":"2016-and-forward-4","status":"publish","type":"page","link":"https:\/\/helensjoholm.nu\/_eng\/2016-and-forward-4\/","title":{"rendered":"Songs 2016-2020"},"content":{"rendered":"<p><img loading=\"lazy\" decoding=\"async\" title=\"Foto och \u00a9 Jesper Nordstr\u00f6m\" src=\"http:\/\/helensjoholm.nu\/wp-content\/gallery\/diskografi\/jespernordstrom_500.jpg\" alt=\"Foto och \u00a9 Jesper Nordstr\u00f6m\" width=\"500\" height=\"336\"><\/p>\n<table style=\"height: 555px;\">\n<tbody>\n<tr style=\"height: 19px;\">\n<td style=\"height: 19px; width: 563px;\" valign=\"top\"><strong>Song<\/strong><\/td>\n<td style=\"height: 19px; width: 257px;\" valign=\"top\"><strong>Song partners<\/strong><\/td>\n<td style=\"width: 100px; height: 19px;\" valign=\"top\"><strong>First released<\/strong><\/td>\n<td style=\"height: 19px; width: 431px;\" valign=\"top\"><strong>CD(s) \/ digital<\/strong><\/td>\n<\/tr>\n<tr style=\"height: 99px;\" valign=\"top\">\n<td class=\"style2\" style=\"height: 99px; width: 563px;\">En natt i K\u00f6penhamn<\/td>\n<td class=\"style2\" style=\"height: 99px; width: 257px;\">&nbsp;<\/td>\n<td class=\"style2\" style=\"height: 99px; width: 100px;\">2016<\/td>\n<td class=\"style2\" style=\"height: 99px; width: 431px;\">\n<p>\u2013&nbsp;Mitt hj\u00e4rta klappar f\u00f6r dig<\/p>\n<hr>\n<p>\u2013&nbsp;B\u00e4sta l\u00e5tarna (2019)<\/td>\n<\/tr>\n<tr style=\"height: 19px;\" valign=\"top\">\n<td class=\"style2\" style=\"height: 19px; width: 563px;\">Bara bara du<\/td>\n<td class=\"style2\" style=\"height: 19px; width: 257px;\">Tommy K\u00f6rberg<\/td>\n<td class=\"style2\" style=\"height: 19px; width: 100px;\">2016<\/td>\n<td class=\"style2\" style=\"height: 19px; width: 431px;\">\u2013&nbsp;Mitt hj\u00e4rta klappar f\u00f6r dig<\/td>\n<\/tr>\n<tr style=\"height: 19px;\" valign=\"top\">\n<td class=\"style2\" style=\"height: 19px; width: 563px;\">Hem till mamma<\/td>\n<td class=\"style2\" style=\"height: 19px; width: 257px;\">&nbsp;<\/td>\n<td class=\"style2\" style=\"height: 19px; width: 100px;\">2016<\/td>\n<td class=\"style2\" style=\"height: 19px; width: 431px;\">\u2013&nbsp;Mitt hj\u00e4rta klappar f\u00f6r dig<\/td>\n<\/tr>\n<tr style=\"height: 19px;\" valign=\"top\">\n<td class=\"style2\" style=\"height: 19px; width: 563px;\">Summa summarum<\/td>\n<td class=\"style2\" style=\"height: 19px; width: 257px;\">&nbsp;<\/td>\n<td class=\"style2\" style=\"height: 19px; width: 100px;\">2016<\/td>\n<td class=\"style2\" style=\"height: 19px; width: 431px;\">\u2013&nbsp;Mitt hj\u00e4rta klappar f\u00f6r dig<\/td>\n<\/tr>\n<tr style=\"height: 19px;\" valign=\"top\">\n<td class=\"style2\" style=\"height: 19px; width: 563px;\">Timmarna g\u00e5r s\u00e5 fort n\u00e4r man har roligt<\/td>\n<td class=\"style2\" style=\"height: 19px; width: 257px;\">Tommy K\u00f6rberg,<br \/>\nBAO-Praos<\/td>\n<td class=\"style2\" style=\"height: 19px; width: 100px;\">2016<\/td>\n<td class=\"style2\" style=\"height: 19px; width: 431px;\">\u2013&nbsp;Mitt hj\u00e4rta klappar f\u00f6r dig<\/td>\n<\/tr>\n<tr style=\"height: 19px;\" valign=\"top\">\n<td class=\"style2\" style=\"height: 19px; width: 563px;\">En svala g\u00f6r ingen sommar<\/td>\n<td class=\"style2\" style=\"height: 19px; width: 257px;\">&nbsp;<\/td>\n<td class=\"style2\" style=\"height: 19px; width: 100px;\">2016<\/td>\n<td class=\"style2\" style=\"height: 19px; width: 431px;\">\n<p>\u2013&nbsp;Mitt hj\u00e4rta klappar f\u00f6r dig<\/p>\n<hr>\n<p>\u2013 Midsommarklassiker 2021<\/td>\n<\/tr>\n<tr style=\"height: 19px;\" valign=\"top\">\n<td class=\"style2\" style=\"height: 19px; width: 563px;\">Mitt hj\u00e4rta klappar f\u00f6r dig<\/td>\n<td class=\"style2\" style=\"height: 19px; width: 257px;\">&nbsp;<\/td>\n<td class=\"style2\" style=\"height: 19px; width: 100px;\">2016<\/td>\n<td class=\"style2\" style=\"height: 19px; width: 431px;\">\u2013&nbsp;Mitt hj\u00e4rta klappar f\u00f6r dig<\/td>\n<\/tr>\n<tr style=\"height: 19px;\" valign=\"top\">\n<td class=\"style2\" style=\"height: 19px; width: 563px;\">Ticka ticka v\u00e4ckarklocka<\/td>\n<td class=\"style2\" style=\"height: 19px; width: 257px;\">Tommy K\u00f6rberg<\/td>\n<td class=\"style2\" style=\"height: 19px; width: 100px;\">2016<\/td>\n<td class=\"style2\" style=\"height: 19px; width: 431px;\">\u2013&nbsp;Mitt hj\u00e4rta klappar f\u00f6r dig<\/td>\n<\/tr>\n<tr style=\"height: 19px;\" valign=\"top\">\n<td class=\"style2\" style=\"height: 19px; width: 563px;\">Sankta Klara klocka<\/td>\n<td class=\"style2\" style=\"height: 19px; width: 257px;\">Malena Ernman<\/td>\n<td class=\"style2\" style=\"height: 19px; width: 100px;\">2017<\/td>\n<td class=\"style2\" style=\"height: 19px; width: 431px;\">Single<\/td>\n<\/tr>\n<tr style=\"height: 19px;\" valign=\"top\">\n<td style=\"height: 19px; width: 563px;\">V\u00e5r b\u00e4sta tid \u00e4r nu<\/td>\n<td style=\"height: 19px; width: 257px;\">Solala<\/td>\n<td style=\"height: 19px; width: 100px;\">2018<\/td>\n<td style=\"height: 19px; width: 431px;\">Single<\/td>\n<\/tr>\n<tr style=\"height: 19px;\" valign=\"top\">\n<td style=\"height: 19px; width: 563px;\">Lyckan kommer, lyckan g\u00e5r<\/td>\n<td style=\"height: 19px; width: 257px;\">Tommy K\u00f6rberg<\/td>\n<td style=\"height: 19px; width: 100px;\">2019<\/td>\n<td style=\"height: 19px; width: 431px;\">\u2013&nbsp;B\u00e4sta l\u00e5tarna<\/td>\n<\/tr>\n<tr style=\"height: 19px;\" valign=\"top\">\n<td style=\"height: 19px; width: 563px;\">Om du var jag<\/td>\n<td style=\"height: 19px; width: 257px;\">&nbsp;<\/td>\n<td style=\"height: 19px; width: 100px;\">2019<\/td>\n<td style=\"height: 19px; width: 431px;\">\u2013&nbsp;B\u00e4sta l\u00e5tarna<\/td>\n<\/tr>\n<tr style=\"height: 19px;\" valign=\"top\">\n<td style=\"height: 19px; width: 563px;\">Gravity<\/td>\n<td style=\"height: 19px; width: 257px;\">&nbsp;<\/td>\n<td style=\"height: 19px; width: 100px;\">2019<\/td>\n<td style=\"height: 19px; width: 431px;\">\u2013 A Music Story<\/td>\n<\/tr>\n<tr style=\"height: 19px;\" valign=\"top\">\n<td style=\"height: 19px; width: 563px;\">You Can\u00b4t Come Home Withot Leaving First<\/td>\n<td style=\"height: 19px; width: 257px;\">Anders Widmark<\/td>\n<td style=\"height: 19px; width: 100px;\">2019<\/td>\n<td style=\"height: 19px; width: 431px;\">\u2013 A Music Story<\/td>\n<\/tr>\n<tr style=\"height: 19px;\" valign=\"top\">\n<td style=\"height: 19px; width: 563px;\">Vi h\u00e5ller ut<\/td>\n<td style=\"height: 19px; width: 257px;\">About 50 Swedish artists<\/td>\n<td style=\"height: 19px; width: 100px;\">2020<\/td>\n<td style=\"height: 19px; width: 431px;\">Single (released&nbsp;for charity)<\/td>\n<\/tr>\n<tr style=\"height: 19px;\" valign=\"top\">\n<td style=\"height: 19px; width: 563px;\">Jag \u00e4r elden<\/td>\n<td style=\"height: 19px; width: 257px;\">&nbsp;<\/td>\n<td style=\"height: 19px; width: 100px;\">2020<\/td>\n<td style=\"height: 19px; width: 431px;\">\n<p>\u2013 En ny tid<\/p>\n<hr>\n<p>\u2013 Svenska Pop Hits 2020<\/td>\n<\/tr>\n<tr style=\"height: 19px;\" valign=\"top\">\n<td style=\"height: 19px; width: 563px;\">Samma h\u00e4r<\/td>\n<td style=\"height: 19px; width: 257px;\">&nbsp;<\/td>\n<td style=\"height: 19px; width: 100px;\">2020<\/td>\n<td style=\"height: 19px; width: 431px;\">\u2013 En ny tid<\/td>\n<\/tr>\n<tr style=\"height: 19px;\" valign=\"top\">\n<td style=\"height: 19px; width: 563px;\">Kommer du ih\u00e5g<\/td>\n<td style=\"height: 19px; width: 257px;\">Ola Salo<\/td>\n<td style=\"height: 19px; width: 100px;\">2020<\/td>\n<td style=\"height: 19px; width: 431px;\">\u2013 En ny tid<\/td>\n<\/tr>\n<tr style=\"height: 19px;\" valign=\"top\">\n<td style=\"height: 19px; width: 563px;\">I morse n\u00e4r du gick<\/td>\n<td style=\"height: 19px; width: 257px;\">&nbsp;<\/td>\n<td style=\"height: 19px; width: 100px;\">2020<\/td>\n<td style=\"height: 19px; width: 431px;\">\u2013 En ny tid<\/td>\n<\/tr>\n<tr style=\"height: 19px;\" valign=\"top\">\n<td style=\"height: 19px; width: 563px;\">Som en krona<\/td>\n<td style=\"height: 19px; width: 257px;\">&nbsp;<\/td>\n<td style=\"height: 19px; width: 100px;\">2020<\/td>\n<td style=\"height: 19px; width: 431px;\">\n<p>\u2013 En ny tid<\/p>\n<hr>\n<p>\u2013 H\u00f6stl\u00e5tar (2020)<\/p>\n<hr>\n<p>\u2013 H\u00f6stmys (2020)<\/td>\n<\/tr>\n<tr style=\"height: 19px;\" valign=\"top\">\n<td style=\"height: 19px; width: 563px;\">En ny tid<\/td>\n<td style=\"height: 19px; width: 257px;\">&nbsp;<\/td>\n<td style=\"height: 19px; width: 100px;\">2020<\/td>\n<td style=\"height: 19px; width: 431px;\">\n<p>\u2013 En ny tid<\/p>\n<hr>\n<p>\u2013 Akustiska Hits v\u00e5ren 2021<\/td>\n<\/tr>\n<tr style=\"height: 19px;\" valign=\"top\">\n<td style=\"height: 19px; width: 563px;\">I botten av det du ser<\/td>\n<td style=\"height: 19px; width: 257px;\">&nbsp;<\/td>\n<td style=\"height: 19px; width: 100px;\">2020<\/td>\n<td style=\"height: 19px; width: 431px;\">\u2013 En ny tid<\/td>\n<\/tr>\n<tr style=\"height: 19px;\" valign=\"top\">\n<td style=\"height: 19px; width: 563px;\">Armarna som lyfter dig<\/td>\n<td style=\"height: 19px; width: 257px;\">&nbsp;<\/td>\n<td style=\"height: 19px; width: 100px;\">2020<\/td>\n<td style=\"height: 19px; width: 431px;\">\u2013 En ny tid<\/td>\n<\/tr>\n<tr style=\"height: 19px;\" valign=\"top\">\n<td style=\"height: 19px; width: 563px;\">Vi dr\u00f6mmer om n\u00e5got riktigt<\/td>\n<td style=\"height: 19px; width: 257px;\">&nbsp;<\/td>\n<td style=\"height: 19px; width: 100px;\">2020<\/td>\n<td style=\"height: 19px; width: 431px;\">\u2013 En ny tid<\/td>\n<\/tr>\n<tr>\n<td style=\"width: 563px;\">Han har ett s\u00e4tt&nbsp;<\/td>\n<td style=\"width: 257px;\">&nbsp;<\/td>\n<td style=\"width: 100px;\">2020<\/td>\n<td style=\"width: 431px;\">\u2013 S\u00e5 mycket b\u00e4ttre 2020<\/td>\n<\/tr>\n<tr>\n<td style=\"width: 563px;\">Korallreven &amp; Vintergatan<\/td>\n<td style=\"width: 257px;\">&nbsp;<\/td>\n<td style=\"width: 100px;\">2020<\/td>\n<td style=\"width: 431px;\">\u2013 S\u00e5 mycket b\u00e4ttre 2020<\/td>\n<\/tr>\n<tr>\n<td style=\"width: 563px;\">Euforia&nbsp;<\/td>\n<td style=\"width: 257px;\">&nbsp;<\/td>\n<td style=\"width: 100px;\">2020<\/td>\n<td style=\"width: 431px;\">\n<p>\u2013 S\u00e5 mycket b\u00e4ttre 2020<\/p>\n<hr>\n<p>\u2013 Akustiska Hits v\u00e5ren 2021<\/td>\n<\/tr>\n<\/tbody>\n<\/table>\n<p>&nbsp;<\/p>\n","protected":false},"excerpt":{"rendered":"<p>Song Song partners First released CD(s) \/ digital En natt i K\u00f6penhamn &nbsp; 2016 \u2013&nbsp;Mitt hj\u00e4rta klappar f\u00f6r dig \u2013&nbsp;B\u00e4sta l\u00e5tarna (2019) Bara bara du <a class=\"more-link\" href=\"https:\/\/helensjoholm.nu\/_eng\/2016-and-forward-4\/\">Read More &#8230;<\/a><\/p>\n","protected":false},"author":1,"featured_media":0,"parent":0,"menu_order":0,"comment_status":"closed","ping_status":"closed","template":"","meta":{"ngg_post_thumbnail":0,"footnotes":""},"class_list":["post-6669","page","type-page","status-publish","hentry"],"aioseo_notices":[],"_links":{"self":[{"href":"https:\/\/helensjoholm.nu\/_eng\/wp-json\/wp\/v2\/pages\/6669","targetHints":{"allow":["GET"]}}],"collection":[{"href":"https:\/\/helensjoholm.nu\/_eng\/wp-json\/wp\/v2\/pages"}],"about":[{"href":"https:\/\/helensjoholm.nu\/_eng\/wp-json\/wp\/v2\/types\/page"}],"author":[{"embeddable":true,"href":"https:\/\/helensjoholm.nu\/_eng\/wp-json\/wp\/v2\/users\/1"}],"replies":[{"embeddable":true,"href":"https:\/\/helensjoholm.nu\/_eng\/wp-json\/wp\/v2\/comments?post=6669"}],"version-history":[{"count":0,"href":"https:\/\/helensjoholm.nu\/_eng\/wp-json\/wp\/v2\/pages\/6669\/revisions"}],"wp:attachment":[{"href":"https:\/\/helensjoholm.nu\/_eng\/wp-json\/wp\/v2\/media?parent=6669"}],"curies":[{"name":"wp","href":"https:\/\/api.w.org\/{rel}","templated":true}]}}