{"id":6662,"date":"2016-08-19T19:33:28","date_gmt":"2016-08-19T17:33:28","guid":{"rendered":"http:\/\/helensjoholm.nu\/_eng\/?page_id=6662"},"modified":"2021-12-23T17:15:22","modified_gmt":"2021-12-23T15:15:22","slug":"ticka-ticka-vackarklocka","status":"publish","type":"page","link":"https:\/\/helensjoholm.nu\/_eng\/albums-2016-2020\/mitt-hjarta-klappar-for-dig-2\/ticka-ticka-vackarklocka\/","title":{"rendered":"Ticka ticka v\u00e4ckarklocka"},"content":{"rendered":"<p><strong>Music:<\/strong> Benny Andersson<br \/>\n<strong>Lyrics:<\/strong> Bj\u00f6rn Ulvaeus<\/p>\n<p>Ticka ticka v\u00e4ckarklocka<br \/>\nAllt \u00e4r stilla<br \/>\nJorden den snurrar och tiden g\u00e5r<\/p>\n<p>Ticka ticka v\u00e4ckarklocka<br \/>\nSov min lilla<br \/>\nJorden den snurrar och tiden g\u00e5r<\/p>\n<p>Ute bl\u00e5ser nordanvinden sn\u00f6 fr\u00e5n taken<br \/>\nTjuter och yr allt vad han f\u00f6rm\u00e5r<\/p>\n<p>Ticka ticka v\u00e4ckarklocka<br \/>\nJag \u00e4r vaken<br \/>\nSmeker f\u00f6rsiktigt den lillas h\u00e5r<br \/>\nJorden den snurrar och tiden g\u00e5r<\/p>\n<p>En bl\u00e5 planet<br \/>\nI rymden snurrar den, en liten bl\u00e5 planet<br \/>\nFr\u00e5n m\u00e5nen s\u00e5g vi den i all sin utsatthet<br \/>\nBara ett sandkorn i rymdens hav<\/p>\n<p>V\u00e5r barri\u00e4r<br \/>\nDet enda skydd vi har \u00e4r jordens atmosf\u00e4r<br \/>\nDen tunna strimma som ger liv \u00e5t alla h\u00e4r<br \/>\nVi som f\u00f6rst\u00f6r den gr\u00e4ver v\u00e5r grav<\/p>\n<p>Ticka ticka v\u00e4ckarklocka<br \/>\nDags att ringa<br \/>\nJorden den snurrar och tiden g\u00e5r<br \/>\nDags att springa<br \/>\nVe den som tvekar och stilla st\u00e5r<\/p>\n<p>Du f\u00e5r g\u00e4rna larma klocka<br \/>\nRing och st\u00f6r mig<br \/>\nRing \u00f6ver jorden d\u00e5 l\u00e5ngt du n\u00e5r<\/p>\n<p>Ticka ticka v\u00e4ckarklocka<br \/>\nJa jag h\u00f6r dig<br \/>\nM\u00e4nniskan lunkar i gamla sp\u00e5r<br \/>\nJorden den snurrar och tiden g\u00e5r<\/p>\n<p>Den g\u00e5r och g\u00e5r<br \/>\nJag lyssnar efter ljud som n\u00e4stan inte h\u00f6rs<br \/>\nSm\u00e5 ljud som g\u00f6r att ett f\u00f6r\u00e4ldrahj\u00e4rta r\u00f6rs<br \/>\nT\u00e4nk, att ett hj\u00e4rta kan r\u00f6ras s\u00e5<\/p>\n<p>Jag h\u00f6r det nu<br \/>\nEn liten snusning fr\u00e5n ett barn som somnat in<br \/>\nHon ska bli stor men \u00e4n s\u00e5 l\u00e4nge \u00e4r hon min<br \/>\nOch all min omsorg den ska hon f\u00e5<\/p>\n<p>Ticka ticka v\u00e4ckarklocka<br \/>\nAllt \u00e4r stilla<br \/>\nJorden den snurrar och tiden g\u00e5r<\/p>\n<p>Ticka ticka v\u00e4ckarklocka<br \/>\nDr\u00f6m min lilla<br \/>\nDr\u00f6mmar om sorgl\u00f6sa barna\u00e5r<br \/>\nJorden den snurrar och tiden g\u00e5r<\/p>\n<p><em>Copyright \u00a9 2016 Mono Music AB<\/em><\/p>\n<p><a title=\"Tomten har \u00e5kt hem\" href=\"https:\/\/helensjoholm.nu\/_eng\/albums-2016-2020\/mitt-hjarta-klappar-for-dig-2\/\">Back<\/a><\/p>\n","protected":false},"excerpt":{"rendered":"<p>Music: Benny Andersson Lyrics: Bj\u00f6rn Ulvaeus Ticka ticka v\u00e4ckarklocka Allt \u00e4r stilla Jorden den snurrar och tiden g\u00e5r Ticka ticka v\u00e4ckarklocka Sov min lilla Jorden <a class=\"more-link\" href=\"https:\/\/helensjoholm.nu\/_eng\/albums-2016-2020\/mitt-hjarta-klappar-for-dig-2\/ticka-ticka-vackarklocka\/\">Read More &#8230;<\/a><\/p>\n","protected":false},"author":1,"featured_media":0,"parent":6564,"menu_order":0,"comment_status":"closed","ping_status":"closed","template":"","meta":{"ngg_post_thumbnail":0,"footnotes":""},"class_list":["post-6662","page","type-page","status-publish","hentry"],"aioseo_notices":[],"_links":{"self":[{"href":"https:\/\/helensjoholm.nu\/_eng\/wp-json\/wp\/v2\/pages\/6662","targetHints":{"allow":["GET"]}}],"collection":[{"href":"https:\/\/helensjoholm.nu\/_eng\/wp-json\/wp\/v2\/pages"}],"about":[{"href":"https:\/\/helensjoholm.nu\/_eng\/wp-json\/wp\/v2\/types\/page"}],"author":[{"embeddable":true,"href":"https:\/\/helensjoholm.nu\/_eng\/wp-json\/wp\/v2\/users\/1"}],"replies":[{"embeddable":true,"href":"https:\/\/helensjoholm.nu\/_eng\/wp-json\/wp\/v2\/comments?post=6662"}],"version-history":[{"count":0,"href":"https:\/\/helensjoholm.nu\/_eng\/wp-json\/wp\/v2\/pages\/6662\/revisions"}],"up":[{"embeddable":true,"href":"https:\/\/helensjoholm.nu\/_eng\/wp-json\/wp\/v2\/pages\/6564"}],"wp:attachment":[{"href":"https:\/\/helensjoholm.nu\/_eng\/wp-json\/wp\/v2\/media?parent=6662"}],"curies":[{"name":"wp","href":"https:\/\/api.w.org\/{rel}","templated":true}]}}