{"id":6659,"date":"2016-08-19T19:27:00","date_gmt":"2016-08-19T17:27:00","guid":{"rendered":"http:\/\/helensjoholm.nu\/_eng\/?page_id=6659"},"modified":"2021-12-23T11:16:47","modified_gmt":"2021-12-23T09:16:47","slug":"lyrics-mitt-hjarta-klappar-for-dig","status":"publish","type":"page","link":"https:\/\/helensjoholm.nu\/_eng\/albums-2016-2020\/mitt-hjarta-klappar-for-dig-2\/lyrics-mitt-hjarta-klappar-for-dig\/","title":{"rendered":"Mitt hj\u00e4rta klappar f\u00f6r dig"},"content":{"rendered":"<p><strong>Music:<\/strong> Benny Andersson<br \/>\n<strong>Lyrics:<\/strong> Bj\u00f6rn Ulvaeus<\/p>\n<p>Jag ser honom inte, var st\u00e5r han n\u00e5nstans<br \/>\nHan var h\u00e4r, nu \u00e4r han f\u00f6rsvunnen<br \/>\nJag tror att jag d\u00f6r om jag missar min chans<br \/>\n\u00c5h gud, vad jag \u00e4r torr i munnen<br \/>\nD\u00e4r borta \u00e4r han ju, nickar mot dansgolvet<br \/>\nT\u00e4nk vad ett hj\u00e4rta kan sl\u00e5<br \/>\nOch n\u00e4r han tar om min midja<br \/>\nV\u00e5gar jag s\u00e4ga det d\u00e5<\/p>\n<p>Mitt hj\u00e4rta klappar f\u00f6r dig<br \/>\nJag tror nog att du h\u00f6r det, jag r\u00e5r inte f\u00f6r det<br \/>\nDu vet att mitt hj\u00e4rta klappar f\u00f6r dig<br \/>\nT\u00e4nk om ditt kunde vara ett hj\u00e4rta som bara<br \/>\nVill klappa f\u00f6r mig<\/p>\n<p>Hans rakvatten doftar s\u00e5 underbart gott<br \/>\nJag tror det \u00e4r Acqua di Parma<br \/>\nOch h\u00e5ret vid tinningen skiftar i gr\u00e5tt<br \/>\nHans h\u00e4nder \u00e4r fasta och varma<br \/>\nDet k\u00e4nns s\u00e5 hemtamt och h\u00e4rligt och n\u00e4rap\u00e5<br \/>\nSom om jag vore hans fru<br \/>\nJa t\u00e4nk om jag skulle fria<br \/>\nJag kunde g\u00f6ra det nu<\/p>\n<p>Mitt hj\u00e4rta klappar f\u00f6r dig<br \/>\nJag tror nog att du h\u00f6r det, jag r\u00e5r inte f\u00f6r det<br \/>\nDu vet att mitt hj\u00e4rta klappar f\u00f6r dig<br \/>\nT\u00e4nk om ditt kunde vara ett hj\u00e4rta som bara<br \/>\nVill klappa f\u00f6r mig<\/p>\n<p>Mina f\u00f6tter k\u00e4nns underbart l\u00e4tta<br \/>\nOch de r\u00f6r sig precis dit de ska<br \/>\nDet \u00e4r nog faktiskt s\u00e5 att jag aldrig<br \/>\nHar dansat s\u00e5 h\u00e4r bra<\/p>\n<p>Folk ler mot oss som om de t\u00e4nkte<br \/>\nJust s\u00e5 d\u00e4r ser tv\u00e5 \u00e4lskande ut<br \/>\nK\u00e4rleksparet i en film<br \/>\nSom har ett lyckligt slut<\/p>\n<p>Mitt hj\u00e4rta klappar f\u00f6r dig<br \/>\nJag tror nog att du h\u00f6r det, jag r\u00e5r inte f\u00f6r det<br \/>\nDu vet att mitt hj\u00e4rta klappar f\u00f6r dig<br \/>\nT\u00e4nk om ditt kunde vara ett hj\u00e4rta som bara<br \/>\nVill klappa f\u00f6r mig<\/p>\n<p>Ja mitt hj\u00e4rta klappar f\u00f6r dig<br \/>\nT\u00e4nk om ditt kunde vara ett hj\u00e4rta som bara<br \/>\nVill klappa f\u00f6r mig<\/p>\n<p><em>Copyright \u00a9 2016 Mono Music AB<\/em><\/p>\n<p><a title=\"Tomten har \u00e5kt hem\" href=\"https:\/\/helensjoholm.nu\/_eng\/albums-2016-2020\/mitt-hjarta-klappar-for-dig-2\/\">Back<\/a><\/p>\n","protected":false},"excerpt":{"rendered":"<p>Music: Benny Andersson Lyrics: Bj\u00f6rn Ulvaeus Jag ser honom inte, var st\u00e5r han n\u00e5nstans Han var h\u00e4r, nu \u00e4r han f\u00f6rsvunnen Jag tror att jag <a class=\"more-link\" href=\"https:\/\/helensjoholm.nu\/_eng\/albums-2016-2020\/mitt-hjarta-klappar-for-dig-2\/lyrics-mitt-hjarta-klappar-for-dig\/\">Read More &#8230;<\/a><\/p>\n","protected":false},"author":1,"featured_media":0,"parent":6564,"menu_order":0,"comment_status":"closed","ping_status":"closed","template":"","meta":{"ngg_post_thumbnail":0,"footnotes":""},"class_list":["post-6659","page","type-page","status-publish","hentry"],"aioseo_notices":[],"_links":{"self":[{"href":"https:\/\/helensjoholm.nu\/_eng\/wp-json\/wp\/v2\/pages\/6659","targetHints":{"allow":["GET"]}}],"collection":[{"href":"https:\/\/helensjoholm.nu\/_eng\/wp-json\/wp\/v2\/pages"}],"about":[{"href":"https:\/\/helensjoholm.nu\/_eng\/wp-json\/wp\/v2\/types\/page"}],"author":[{"embeddable":true,"href":"https:\/\/helensjoholm.nu\/_eng\/wp-json\/wp\/v2\/users\/1"}],"replies":[{"embeddable":true,"href":"https:\/\/helensjoholm.nu\/_eng\/wp-json\/wp\/v2\/comments?post=6659"}],"version-history":[{"count":0,"href":"https:\/\/helensjoholm.nu\/_eng\/wp-json\/wp\/v2\/pages\/6659\/revisions"}],"up":[{"embeddable":true,"href":"https:\/\/helensjoholm.nu\/_eng\/wp-json\/wp\/v2\/pages\/6564"}],"wp:attachment":[{"href":"https:\/\/helensjoholm.nu\/_eng\/wp-json\/wp\/v2\/media?parent=6659"}],"curies":[{"name":"wp","href":"https:\/\/api.w.org\/{rel}","templated":true}]}}