{"id":6656,"date":"2016-08-19T19:12:19","date_gmt":"2016-08-19T17:12:19","guid":{"rendered":"http:\/\/helensjoholm.nu\/_eng\/?page_id=6656"},"modified":"2021-12-23T11:01:21","modified_gmt":"2021-12-23T09:01:21","slug":"en-svala-gor-ingen-sommar","status":"publish","type":"page","link":"https:\/\/helensjoholm.nu\/_eng\/albums-2016-2020\/mitt-hjarta-klappar-for-dig-2\/en-svala-gor-ingen-sommar\/","title":{"rendered":"En svala g\u00f6r ingen sommar"},"content":{"rendered":"<p><strong>Music:<\/strong> Benny Andersson<br \/>\n<strong>Lyrics:<\/strong> Bj\u00f6rn Ulvaeus<\/p>\n<p>En svala g\u00f6r ingen sommar men \u00e4nd\u00e5 k\u00e4nns det s\u00e5 r\u00e4tt p\u00e5 n\u00e5t vis<br \/>\nDet k\u00e4nns rent kusligt bra<br \/>\nEn svala g\u00f6r ingen sommar men \u00e4nd\u00e5 tror jag p\u00e5 oss tv\u00e5<br \/>\nJag tror att det blir du och jag<\/p>\n<p>Te och apelsinjuice<br \/>\nRostat br\u00f6d och \u00e4gg<br \/>\nN\u00e4r du tuggar i dig fastnar smulor i ditt sk\u00e4gg<br \/>\nVi blir kvar i s\u00e4ngen<br \/>\nV\u00e5ran f\u00f6rsta frukost e\u2019re<br \/>\nOch jag \u00e4r s\u00e5 rysligt upp\u00e5t<br \/>\nJag som var s\u00e5 nere<\/p>\n<p>En svala g\u00f6r ingen sommar men \u00e4nd\u00e5 k\u00e4nns det s\u00e5 r\u00e4tt p\u00e5 n\u00e5t vis<br \/>\nDet k\u00e4nns rent kusligt bra<br \/>\nEn svala g\u00f6r ingen sommar men \u00e4nd\u00e5 tror jag p\u00e5 oss tv\u00e5<br \/>\nJag tror att det blir du och jag<\/p>\n<p>Har du n\u00e5got s\u00e4rskilt f\u00f6r dig denna dag<br \/>\nSka vi inte dra till Kungstr\u00e4dg\u00e5rden du och jag<br \/>\nVi g\u00f6r som du s\u00e4ger<br \/>\nSolen skiner, isen bl\u00e4nker<br \/>\nN\u00e4r vi knyter v\u00e5ra skridskor<br \/>\nBlundar jag och t\u00e4nker<\/p>\n<p>En svala g\u00f6r ingen sommar men \u00e4nd\u00e5 k\u00e4nns det s\u00e5 r\u00e4tt p\u00e5 n\u00e5t vis<br \/>\nDet k\u00e4nns rent kusligt bra<br \/>\nEn svala g\u00f6r ingen sommar men \u00e4nd\u00e5 tror jag p\u00e5 oss tv\u00e5<br \/>\nJag tror att det blir du och jag<\/p>\n<p><em>Copyright \u00a9 2016 Mono Music AB<\/em><\/p>\n<p><a title=\"Tomten har \u00e5kt hem\" href=\"https:\/\/helensjoholm.nu\/_eng\/albums-2016-2020\/mitt-hjarta-klappar-for-dig-2\/\">Back<\/a><\/p>\n","protected":false},"excerpt":{"rendered":"<p>Music: Benny Andersson Lyrics: Bj\u00f6rn Ulvaeus En svala g\u00f6r ingen sommar men \u00e4nd\u00e5 k\u00e4nns det s\u00e5 r\u00e4tt p\u00e5 n\u00e5t vis Det k\u00e4nns rent kusligt bra <a class=\"more-link\" href=\"https:\/\/helensjoholm.nu\/_eng\/albums-2016-2020\/mitt-hjarta-klappar-for-dig-2\/en-svala-gor-ingen-sommar\/\">Read More &#8230;<\/a><\/p>\n","protected":false},"author":1,"featured_media":0,"parent":6564,"menu_order":0,"comment_status":"closed","ping_status":"closed","template":"","meta":{"ngg_post_thumbnail":0,"footnotes":""},"class_list":["post-6656","page","type-page","status-publish","hentry"],"aioseo_notices":[],"_links":{"self":[{"href":"https:\/\/helensjoholm.nu\/_eng\/wp-json\/wp\/v2\/pages\/6656","targetHints":{"allow":["GET"]}}],"collection":[{"href":"https:\/\/helensjoholm.nu\/_eng\/wp-json\/wp\/v2\/pages"}],"about":[{"href":"https:\/\/helensjoholm.nu\/_eng\/wp-json\/wp\/v2\/types\/page"}],"author":[{"embeddable":true,"href":"https:\/\/helensjoholm.nu\/_eng\/wp-json\/wp\/v2\/users\/1"}],"replies":[{"embeddable":true,"href":"https:\/\/helensjoholm.nu\/_eng\/wp-json\/wp\/v2\/comments?post=6656"}],"version-history":[{"count":0,"href":"https:\/\/helensjoholm.nu\/_eng\/wp-json\/wp\/v2\/pages\/6656\/revisions"}],"up":[{"embeddable":true,"href":"https:\/\/helensjoholm.nu\/_eng\/wp-json\/wp\/v2\/pages\/6564"}],"wp:attachment":[{"href":"https:\/\/helensjoholm.nu\/_eng\/wp-json\/wp\/v2\/media?parent=6656"}],"curies":[{"name":"wp","href":"https:\/\/api.w.org\/{rel}","templated":true}]}}