{"id":6649,"date":"2016-08-19T18:17:59","date_gmt":"2016-08-19T16:17:59","guid":{"rendered":"http:\/\/helensjoholm.nu\/_eng\/?page_id=6649"},"modified":"2021-12-23T17:14:05","modified_gmt":"2021-12-23T15:14:05","slug":"timmarna-gar-sa-fort-nar-man-har-roligt","status":"publish","type":"page","link":"https:\/\/helensjoholm.nu\/_eng\/albums-2016-2020\/mitt-hjarta-klappar-for-dig-2\/timmarna-gar-sa-fort-nar-man-har-roligt\/","title":{"rendered":"Timmarna g\u00e5r s\u00e5 fort n\u00e4r man har roligt"},"content":{"rendered":"<p><strong>Music:<\/strong> Benny Andersson<br \/>\n<strong>Lyrics:<\/strong> Bj\u00f6rn Ulvaeus<\/p>\n<p>Timmarna g\u00e5r s\u00e5 fort n\u00e4r man har roligt<br \/>\nVisst k\u00e4nns det s\u00e5<br \/>\nOavsett det \u00e4r regnigt eller soligt<br \/>\nVi trivs \u00e4nd\u00e5<br \/>\nEinstein har sagt att tidens g\u00e5ng<br \/>\nInte \u00e4r konstant<br \/>\nOch timmarna g\u00e5r s\u00e5 fort n\u00e4r man har roligt<br \/>\nDet \u00e4r s\u00e5 sant<\/p>\n<p>Har \u2019u lagt m\u00e4rke till hur alla fester<br \/>\nTar slut s\u00e5 fort<br \/>\nLikadant \u00e4r det med en solsemester<br \/>\nP\u00e5 sydlig ort<br \/>\nOm man har kul f\u00e5r tiden spel<br \/>\nOch d\u00e5 luras den<br \/>\nJa timmarna g\u00e5r s\u00e5 fort n\u00e4r man har roligt<br \/>\nVi ses igen<\/p>\n<p>Det \u00e4r fint med vemod<br \/>\nMen i lagom dos<br \/>\nInget \u00f6ra klarar<br \/>\nAlltf\u00f6r mycket blues<br \/>\nS\u00e5 d\u00e4rf\u00f6r min v\u00e4n s\u00e5 m\u00e5ste du<br \/>\nVara p\u00e5 din vakt<br \/>\nF\u00f6r klockorna stannar n\u00e4r det blir f\u00f6r tr\u00e5kigt<br \/>\nHar Einstein sagt<\/p>\n<p><strong>K\u00f6r:<\/strong><br \/>\nTimmarna g\u00e5r s\u00e5 fort n\u00e4r man har roligt<br \/>\nVisst k\u00e4nns det s\u00e5<br \/>\nOavsett det\u00e4r regnigt eller soligt<br \/>\nVi trivs \u00e4nd\u00e5<br \/>\nV\u00e4nskapen \u00e4r en dyrbar sak<br \/>\nL\u00e4nge leve den<br \/>\nJa timmarna g\u00e5r s\u00e5 fort n\u00e4r man har roligt<br \/>\nVi ses igen<\/p>\n<p>Vi ses igen<\/p>\n<p><em>Copyright \u00a9 2016 Mono Music AB<\/em><\/p>\n<p><a title=\"Tomten har \u00e5kt hem\" href=\"https:\/\/helensjoholm.nu\/_eng\/albums-2016-2020\/mitt-hjarta-klappar-for-dig-2\/\">Back<\/a><\/p>\n","protected":false},"excerpt":{"rendered":"<p>Music: Benny Andersson Lyrics: Bj\u00f6rn Ulvaeus Timmarna g\u00e5r s\u00e5 fort n\u00e4r man har roligt Visst k\u00e4nns det s\u00e5 Oavsett det \u00e4r regnigt eller soligt Vi <a class=\"more-link\" href=\"https:\/\/helensjoholm.nu\/_eng\/albums-2016-2020\/mitt-hjarta-klappar-for-dig-2\/timmarna-gar-sa-fort-nar-man-har-roligt\/\">Read More &#8230;<\/a><\/p>\n","protected":false},"author":1,"featured_media":0,"parent":6564,"menu_order":0,"comment_status":"closed","ping_status":"closed","template":"","meta":{"ngg_post_thumbnail":0,"footnotes":""},"class_list":["post-6649","page","type-page","status-publish","hentry"],"aioseo_notices":[],"_links":{"self":[{"href":"https:\/\/helensjoholm.nu\/_eng\/wp-json\/wp\/v2\/pages\/6649","targetHints":{"allow":["GET"]}}],"collection":[{"href":"https:\/\/helensjoholm.nu\/_eng\/wp-json\/wp\/v2\/pages"}],"about":[{"href":"https:\/\/helensjoholm.nu\/_eng\/wp-json\/wp\/v2\/types\/page"}],"author":[{"embeddable":true,"href":"https:\/\/helensjoholm.nu\/_eng\/wp-json\/wp\/v2\/users\/1"}],"replies":[{"embeddable":true,"href":"https:\/\/helensjoholm.nu\/_eng\/wp-json\/wp\/v2\/comments?post=6649"}],"version-history":[{"count":0,"href":"https:\/\/helensjoholm.nu\/_eng\/wp-json\/wp\/v2\/pages\/6649\/revisions"}],"up":[{"embeddable":true,"href":"https:\/\/helensjoholm.nu\/_eng\/wp-json\/wp\/v2\/pages\/6564"}],"wp:attachment":[{"href":"https:\/\/helensjoholm.nu\/_eng\/wp-json\/wp\/v2\/media?parent=6649"}],"curies":[{"name":"wp","href":"https:\/\/api.w.org\/{rel}","templated":true}]}}