{"id":6646,"date":"2016-08-19T17:53:51","date_gmt":"2016-08-19T15:53:51","guid":{"rendered":"http:\/\/helensjoholm.nu\/_eng\/?page_id=6646"},"modified":"2021-12-23T17:12:58","modified_gmt":"2021-12-23T15:12:58","slug":"summa-summarum","status":"publish","type":"page","link":"https:\/\/helensjoholm.nu\/_eng\/albums-2016-2020\/mitt-hjarta-klappar-for-dig-2\/summa-summarum\/","title":{"rendered":"Summa summarum"},"content":{"rendered":"<p><strong>Music:<\/strong> Benny Andersson<br \/>\n<strong>Lyrics:<\/strong> Bj\u00f6rn Ulvaeus<\/p>\n<p>Du tog en bild p\u00e5 mig vid Eiffeltornets fot<br \/>\nJag \u00e4ter glass och flinar som en idiot<br \/>\nEn annan tog du n\u00e4r jag kramar om v\u00e5r hund<br \/>\nOch en i h\u00e4llregn vid entr\u00e9n till Gr\u00f6na Lund<br \/>\nEtt liv i koncentrat men utan epilog<br \/>\nRaderad fr\u00e5n min h\u00e5rddisk \u00e4r den kvinna fotografen s\u00e5g<\/p>\n<p>Vad finner den som bl\u00e4ddrar i ditt bildarkiv<br \/>\nSumma Summarum<br \/>\nHur var det ur ditt perspektiv<br \/>\nSumma Summarum<br \/>\nHur var v\u00e5rt liv<\/p>\n<p>Att jag var ensam om min lycka vet jag nu<br \/>\nJag s\u00e5g ett liv ihop med dig men vad s\u00e5g du<br \/>\nDet k\u00e4ndes inst\u00e4ngt kanske och du slet dig loss<br \/>\nNu f\u00e5r jag aldrig veta hur du s\u00e5g p\u00e5 oss<br \/>\nOch kanske \u00e4r det b\u00e4ttre att jag inte vet<br \/>\nDen kan bli alltf\u00f6r sv\u00e5r att b\u00e4ra<br \/>\nFotografens hemlighet<\/p>\n<p>Vad finner den som bl\u00e4ddrar i ditt bildarkiv<br \/>\nSumma Summarum<br \/>\nHur var det ur ditt perspektiv<br \/>\nSumma Summarum<br \/>\nHur var v\u00e5rt liv<\/p>\n<p>Summa Summarum<br \/>\nHur var det ur ditt perspektiv<br \/>\nSumma summarum<br \/>\nHur var v\u00e5rt liv<\/p>\n<p><em>Copyright \u00a9 2016 Mono Music AB<\/em><\/p>\n<p><a title=\"Tomten har \u00e5kt hem\" href=\"https:\/\/helensjoholm.nu\/_eng\/albums-2016-2020\/mitt-hjarta-klappar-for-dig-2\/\">Back<\/a><\/p>\n","protected":false},"excerpt":{"rendered":"<p>Music: Benny Andersson Lyrics: Bj\u00f6rn Ulvaeus Du tog en bild p\u00e5 mig vid Eiffeltornets fot Jag \u00e4ter glass och flinar som en idiot En annan <a class=\"more-link\" href=\"https:\/\/helensjoholm.nu\/_eng\/albums-2016-2020\/mitt-hjarta-klappar-for-dig-2\/summa-summarum\/\">Read More &#8230;<\/a><\/p>\n","protected":false},"author":1,"featured_media":0,"parent":6564,"menu_order":0,"comment_status":"closed","ping_status":"closed","template":"","meta":{"ngg_post_thumbnail":0,"footnotes":""},"class_list":["post-6646","page","type-page","status-publish","hentry"],"aioseo_notices":[],"_links":{"self":[{"href":"https:\/\/helensjoholm.nu\/_eng\/wp-json\/wp\/v2\/pages\/6646","targetHints":{"allow":["GET"]}}],"collection":[{"href":"https:\/\/helensjoholm.nu\/_eng\/wp-json\/wp\/v2\/pages"}],"about":[{"href":"https:\/\/helensjoholm.nu\/_eng\/wp-json\/wp\/v2\/types\/page"}],"author":[{"embeddable":true,"href":"https:\/\/helensjoholm.nu\/_eng\/wp-json\/wp\/v2\/users\/1"}],"replies":[{"embeddable":true,"href":"https:\/\/helensjoholm.nu\/_eng\/wp-json\/wp\/v2\/comments?post=6646"}],"version-history":[{"count":0,"href":"https:\/\/helensjoholm.nu\/_eng\/wp-json\/wp\/v2\/pages\/6646\/revisions"}],"up":[{"embeddable":true,"href":"https:\/\/helensjoholm.nu\/_eng\/wp-json\/wp\/v2\/pages\/6564"}],"wp:attachment":[{"href":"https:\/\/helensjoholm.nu\/_eng\/wp-json\/wp\/v2\/media?parent=6646"}],"curies":[{"name":"wp","href":"https:\/\/api.w.org\/{rel}","templated":true}]}}