{"id":6630,"date":"2016-08-19T17:21:19","date_gmt":"2016-08-19T15:21:19","guid":{"rendered":"http:\/\/helensjoholm.nu\/_eng\/?page_id=6630"},"modified":"2021-12-23T10:55:17","modified_gmt":"2021-12-23T08:55:17","slug":"en-natt-i-kopenhamn","status":"publish","type":"page","link":"https:\/\/helensjoholm.nu\/_eng\/albums-2016-2020\/mitt-hjarta-klappar-for-dig-2\/en-natt-i-kopenhamn\/","title":{"rendered":"En natt i K\u00f6penhamn"},"content":{"rendered":"<p><strong>Music:<\/strong> Benny Andersson<br \/>\n<strong>Lyrics:<\/strong> Bj\u00f6rn Ulvaeus<\/p>\n<p>Caf\u00e9ernas kul\u00f6rta lyktor glittrar<br \/>\ni kanales svarta vatten<br \/>\nD\u00e4r ligger skeppen f\u00f6r mot st\u00e4v<br \/>\nf\u00f6rt\u00f6jda l\u00e4ngs en h\u00f6g och stenkl\u00e4dd kaj<br \/>\nGlada m\u00e4nniskor pratar<br \/>\ni munnen p\u00e5 varann<br \/>\noch det \u00e4r \u00f6verfullt vid alla bord<br \/>\nDet sitter folk p\u00e5 kajen,<br \/>\nen av m\u00e4nnen ler mot mig<br \/>\nJag \u00e4r en \u00f6 av ensamhet i vimlet<\/p>\n<p>Det blev som det kan bli<br \/>\nEn natt i K\u00f6penhamn<br \/>\nVi gick till ett hotell<br \/>\nDu skrev in oss i ditt namn<br \/>\nJag minns en sprucken spegel<br \/>\nEtt f\u00f6nster st\u00e5r p\u00e5 gl\u00e4nt<br \/>\nDu vill att vi ska sl\u00e4cka men jag vill ha ljuset t\u00e4nt<br \/>\nDet blev som det kan bli<br \/>\nEn natt i K\u00f6penhamn<br \/>\nTv\u00e5 fr\u00e4mlingar som m\u00f6ts<br \/>\nn\u00e5gra timmar i en famn<br \/>\nOch sen var jag f\u00f6rlorad<br \/>\ndu minns v\u00e4l det min v\u00e4n<br \/>\nEn g\u00e5ng f\u00f6r l\u00e4ngesen<br \/>\nn\u00e4r du viskade mitt namn<br \/>\nEn magisk sommarnatt i K\u00f6penhamn<\/p>\n<p>En stol blir pl\u00f6tsligt ledig och<br \/>\ndu tar den innan n\u00e5gon annan hinner<br \/>\nOch om jag hade velat protestera<br \/>\n\u00e4r det redan nu f\u00f6r sent<br \/>\nServitrisen, den tjocka,<br \/>\nsom g\u00e5r f\u00f6rbi v\u00e5rt bord<br \/>\nhon tar ingen som helst notis om dig<br \/>\nOch du sl\u00e5r ut med armarna<br \/>\noch g\u00f6r en hj\u00e4lpl\u00f6s gest<br \/>\nI just den stunden b\u00f6rjade jag att \u00e4lska<\/p>\n<p>Det blev som det kan bli<br \/>\nEn natt i K\u00f6penhamn<br \/>\nVi gick till ett hotell<br \/>\nDu skrev in oss i ditt namn<br \/>\nJag minns en sprucken spegel<\/p>\n<p>Ett f\u00f6nster st\u00e5r p\u00e5 gl\u00e4nt<br \/>\nDu vill att vi ska sl\u00e4cka men jag vill ha ljuset t\u00e4nt<br \/>\nDet blev som det kan bli<br \/>\nEn natt i K\u00f6penhamn<br \/>\nTv\u00e5 fr\u00e4mlingar som m\u00f6ts<br \/>\nn\u00e5gra timmar i en famn<br \/>\nOch sen var jag f\u00f6rlorad<br \/>\ndu minns v\u00e4l det min v\u00e4n<br \/>\nEn g\u00e5ng f\u00f6r l\u00e4ngesen<br \/>\nn\u00e4r du viskade mitt namn<br \/>\nEn magisk sommarnatt i K\u00f6penhamn<\/p>\n<p>Du st\u00e5r kvar p\u00e5 en perrong<br \/>\nEtt ryck, s\u00e5 g\u00e5r mitt t\u00e5g ig\u00e5ng<br \/>\nOch d\u00e5 ser jag framf\u00f6r mig<br \/>\nEn bild av oss, ett liv med dig<\/p>\n<p>Det blev som det kan bli<br \/>\nEn natt i K\u00f6penhamn<br \/>\nVi gick till ett hotell<br \/>\nDu skrev in oss i ditt namn<br \/>\nJag minns en sprucken spegel<br \/>\nEtt f\u00f6nster st\u00e5r p\u00e5 gl\u00e4nt<br \/>\nDu vill att vi ska sl\u00e4cka men jag vill ha ljuset t\u00e4nt<br \/>\nDet blev som det kan bli<br \/>\nEn natt i K\u00f6penhamn<br \/>\nTv\u00e5 fr\u00e4mlingar som m\u00f6ts<br \/>\nn\u00e5gra timmar i en famn<br \/>\nOch sen var jag f\u00f6rlorad<br \/>\ndu minns v\u00e4l det min v\u00e4n<br \/>\nEn g\u00e5ng f\u00f6r l\u00e4ngesen<br \/>\nn\u00e4r du viskade mitt namn<br \/>\nEn magisk sommarnatt i K\u00f6penhamn<\/p>\n<p><em>Copyright \u00a9 2016 Mono Music AB<\/em><\/p>\n<p><a title=\"Tomten har \u00e5kt hem\" href=\"https:\/\/helensjoholm.nu\/_eng\/albums-2016-2020\/mitt-hjarta-klappar-for-dig-2\/\">Back<\/a><\/p>\n","protected":false},"excerpt":{"rendered":"<p>Music: Benny Andersson Lyrics: Bj\u00f6rn Ulvaeus Caf\u00e9ernas kul\u00f6rta lyktor glittrar i kanales svarta vatten D\u00e4r ligger skeppen f\u00f6r mot st\u00e4v f\u00f6rt\u00f6jda l\u00e4ngs en h\u00f6g och <a class=\"more-link\" href=\"https:\/\/helensjoholm.nu\/_eng\/albums-2016-2020\/mitt-hjarta-klappar-for-dig-2\/en-natt-i-kopenhamn\/\">Read More &#8230;<\/a><\/p>\n","protected":false},"author":1,"featured_media":0,"parent":6564,"menu_order":0,"comment_status":"closed","ping_status":"closed","template":"","meta":{"ngg_post_thumbnail":0,"footnotes":""},"class_list":["post-6630","page","type-page","status-publish","hentry"],"aioseo_notices":[],"_links":{"self":[{"href":"https:\/\/helensjoholm.nu\/_eng\/wp-json\/wp\/v2\/pages\/6630","targetHints":{"allow":["GET"]}}],"collection":[{"href":"https:\/\/helensjoholm.nu\/_eng\/wp-json\/wp\/v2\/pages"}],"about":[{"href":"https:\/\/helensjoholm.nu\/_eng\/wp-json\/wp\/v2\/types\/page"}],"author":[{"embeddable":true,"href":"https:\/\/helensjoholm.nu\/_eng\/wp-json\/wp\/v2\/users\/1"}],"replies":[{"embeddable":true,"href":"https:\/\/helensjoholm.nu\/_eng\/wp-json\/wp\/v2\/comments?post=6630"}],"version-history":[{"count":0,"href":"https:\/\/helensjoholm.nu\/_eng\/wp-json\/wp\/v2\/pages\/6630\/revisions"}],"up":[{"embeddable":true,"href":"https:\/\/helensjoholm.nu\/_eng\/wp-json\/wp\/v2\/pages\/6564"}],"wp:attachment":[{"href":"https:\/\/helensjoholm.nu\/_eng\/wp-json\/wp\/v2\/media?parent=6630"}],"curies":[{"name":"wp","href":"https:\/\/api.w.org\/{rel}","templated":true}]}}