{"id":6607,"date":"2019-12-31T11:04:15","date_gmt":"2019-12-31T09:04:15","guid":{"rendered":"http:\/\/helensjoholm.nu\/_eng\/?page_id=6607"},"modified":"2025-02-10T09:54:11","modified_gmt":"2025-02-10T07:54:11","slug":"2016-and-forward-3","status":"publish","type":"page","link":"https:\/\/helensjoholm.nu\/_eng\/2016-and-forward-3\/","title":{"rendered":"Years 2016-2020"},"content":{"rendered":"<div style=\"width: 410px\" class=\"wp-caption alignnone\"><img loading=\"lazy\" decoding=\"async\" title=\"Photo &amp; \u00a9 Thore Rodelius\" src=\"https:\/\/helensjoholm.nu\/_eng\/wp-content\/gallery\/biografi\/BAO-2016-400.jpg\" alt=\"Photo &amp; \u00a9 Thore Rodelius\" width=\"400\" height=\"493\"><p class=\"wp-caption-text\">Photo &amp; \u00a9 Thore Rodelius<\/p><\/div>\n<p><strong>In March 2016<\/strong> Helen along with Magnus Carlsson and the Radio Symphony Orchestra, did three concerts in the series <em>Swedish Stars<\/em> at Berwaldhallen in Stockholm.<\/p>\n<p>In the summer of 2016 Helen toured with BAO, to eight locations around the country,&nbsp;after BAO released the album&nbsp;<a title=\"Mitt hj\u00e4rta klappar f\u00f6r dig\" href=\"https:\/\/helensjoholm.nu\/_eng\/2016-and-forward\/mitt-hjarta-klappar-for-dig-2\/\"><em>Mitt hj\u00e4rta klappar f\u00f6r dig <\/em><\/a>(<em>My heart beats for You<\/em>)&nbsp;earlier this year.<\/p>\n<p>In the autumn, she played in the Woody Allen musical <a href=\"https:\/\/helensjoholm.nu\/_eng\/bullets-over-broadway\/\"><em>Bullets Over Broadway<\/em><\/a> at G\u00f6ta Lejon in Stockholm together with, among others, Johan Rheborg, Johan Rabaeus, Linus Wahlgren and Andreas Nilsson. The show was played until April 8, 2017, and Linus Wahlgren was replaced, after the end of the year, by Rennie Mirro.<\/p>\n<p><strong>During the summer and autumn of 2017<\/strong>, Helen did a number of concert performances; she participated in <em>I <a title=\"I Love Musicals Allstars\" href=\"https:\/\/helensjoholm.nu\/_eng\/2017\/06\/20\/i-love-musicals-allstars\/\">Love Musicals Allstars<\/a><\/em> at Ullevi in \u200b\u200bGothenburg together with Peter J\u00f6back and Tommy K\u00f6rberg, she gave three concerts in Dalhalla and participated in <em>Alls\u00e5ng p\u00e5 Skansen<\/em> together with Malena Ernman, she went for the mini tour <a title=\"A late summer evening\" href=\"https:\/\/helensjoholm.nu\/_eng\/2017\/08\/26\/a-late-summer-evening\/\"><em>A late summer evening<\/em><\/a> together with Tomas Andersson Wij and she participated in <em>Trees and Love<\/em> at G\u00f6ta Lejon in Stockholm in favor of <a title=\"The Vi-forest\" href=\"https:\/\/helensjoholm.nu\/_eng\/vi-skogen\/\">The Vi-forest.<\/a> The year ended with five concerts called <a title=\"\u201cVinterklang\u201d\" href=\"https:\/\/helensjoholm.nu\/_eng\/2017\/11\/27\/five-concerts-in-vasa\/\"><em>Vinterklang<\/em><\/a> at Wasa Theater in Finland as well as participation as a secret guest in <a title=\"Caprice \u2013 OD with guests\" href=\"https:\/\/helensjoholm.nu\/_eng\/2017\/12\/14\/caprice-od-with-guests\/\"><em>Caprice &#8211; OD with guests<\/em><\/a> in Uppsala together with Andreas Nilsson.<\/p>\n<p>On June 2, the single <a title=\"Sankta Klara klocka\" href=\"https:\/\/helensjoholm.nu\/_eng\/albums-2016-2020\/sankta-klara-klocka\/\"><em>Sankta Klara klocka<\/em><\/a> was released, with Helen and Malena Ernman, and on September 1, the film <em><a href=\"http:\/\/www.svenskfilmdatabas.se\/sv\/item\/?type=film&amp;itemid=79660\" target=\"_blank\" rel=\"noopener noreferrer\">Becker &#8211; The king of Tingsryd<\/a><\/em> premiered, with Helen in the role of municipal council.<\/p>\n<p><strong>In spring 2018<\/strong> she participated in the show <a title=\"Top lunch 2\" href=\"https:\/\/helensjoholm.nu\/_eng\/2018\/04\/13\/top-lunch-2\/\"><em>Top lunch 2<\/em><\/a> at Katalin in Uppsala, together with Jacke Sj\u00f6din, Andreas Nilsson and Mikael Skoglund.<\/p>\n<p>At a ceremony in the royal hall at Drottningholm Castle on June 12, Helen was awarded the royal medal <a title=\"Helen was awarded a royal medal\" href=\"https:\/\/helensjoholm.nu\/_eng\/2018\/06\/14\/helen-is-awarded-a-royal-medal\/\">Litteris et Artibus<\/a>&nbsp; for outstanding artistic achievements as a singer and actress.<\/p>\n<p>Even in the summer of 2018, Helen appeared in Dalhalla together with Malena Ernman, this time in the company of Sarah Dawn Finer and Nisse Landgren. During the winter she went on a Christmas Tour; <em><a title=\"December \u2013 Songs in the wintertime\" href=\"https:\/\/helensjoholm.nu\/_eng\/2018\/12\/20\/december-songs-in-the-wintertime\/\">December \u2013 Songs in the wintertime<\/a>,<\/em>&nbsp;together with her childhood friend and artist colleague Anna Stadling.<\/p>\n<p><strong>In the spring of 2019<\/strong>, Helen, along with Vanna Rosenberg, played the double role as housewife Nancy at Dramaten in Stockholm, in Lars Rudolfsson&#8217;s newly written play&nbsp;<a title=\"Hugh and Nancy\u2019s many worlds\" href=\"https:\/\/helensjoholm.nu\/_eng\/2019\/05\/31\/hugh-and-nancys-many-worlds\/\"><em>The Many Worlds of Hugh and Nancy<\/em><\/a>, with music by Mats Gustafsson.<\/p>\n<p>On May 4, she gilded two concerts in <a title=\"Caprice 2019\" href=\"https:\/\/helensjoholm.nu\/_eng\/2019\/05\/06\/caprice-2019\/\"><em>Caprice 2019<\/em><\/a> in Tonhallen, Sundsvall, and during the summer she was touring again, with BAO.<\/p>\n<p>On June 14, the pop musical movie<a href=\"http:\/\/www.svenskfilmdatabas.se\/sv\/item\/?type=film&amp;itemid=626060\" target=\"_blank\" rel=\"noopener noreferrer\"><em> A Music Story<\/em><\/a> premiered. Helen played the role of mother Elisabet, Anders Widmark played the father; Anton Widebeck, and starring as 11-year-old daughter by Moa Victoria R\u00f6nnefall.<\/p>\n<p>On September 22, Helen participated in Malm\u00f6 Opera&#8217;s 75th anniversary, where she performed <em>Du m\u00e5ste finnas<\/em> from <em>Kristina from Duvem\u00e5la<\/em>.<\/p>\n<p>Between November 20 and December 16, 2019, Helen, Jacke Sj\u00f6din and Andreas Nilsson offered 15 occasions of <a title=\"Top Christmas lunch at Katalin\" href=\"https:\/\/helensjoholm.nu\/_eng\/2019\/12\/23\/uppsala\/\"><em>Top Christmas Lunch<\/em><\/a> at Katalin in Uppsala. Helen also visited Anders Ekborg&#8217;s Christmas tour <a title=\"En Stilla Jul\" href=\"https:\/\/helensjoholm.nu\/_eng\/2019\/12\/23\/stockholm-jonkoping\/\"><em>En Stilla Jul<\/em><\/a> in five concerts during the month of December.<\/p>\n<p><strong>In February 2020<\/strong>, she played the lead role as mom Diana in the acclaimed Broadway musical <a title=\"Next to Normal\" href=\"https:\/\/helensjoholm.nu\/_eng\/2022\/03\/27\/next-to-normal\/\"><em>Next to Normal<\/em><\/a> at Uppsala City Theater, but only managed to play eight performances before covid-19 forced the theater to cancel its spring program. New premiere in January 2022.<\/p>\n<p>In March 2020, season 1 of the crime drama series <em><a title=\"Crime drama series B\u00e4ckstr\u00f6m\" href=\"https:\/\/helensjoholm.nu\/_eng\/2022\/02\/17\/helen-pr-genius-in-new-crime-series\/\">B\u00e4ckstr\u00f6m<\/a><\/em> premiered on C More, and began airing on TV4 the following month. Season 2 of the series started in the end of February 2022. In the series, Helen played the PR genius Tina. The character Evert B\u00e4ckstr\u00f6m was made by Kjell Bergqvist.<\/p>\n<p>On September 25 her new solo album <em><a title=\"En Ny Tid\" href=\"https:\/\/helensjoholm.nu\/_eng\/albums-2016-2020\/album-en-ny-tid\/\">En ny tid<\/a> (A New Time)<\/em> with newly written material was released.&nbsp;<br \/>\nFrom the reviews:<\/p>\n<p>&#8220;This is competent, well-composed and completely flawless. An album for the fans, you could say.&#8221;<br \/>\n<em>Mas Karin Gustafsson, NWT 200924<\/em><\/p>\n<p>&#8220;And in A New Time, Sj\u00f6holm is recognizable. Here are the colorful musical choruses, the soft songs and everything in between that Helen Sj\u00f6holm masters with her musical breadth. She excels with her clear, flawless singing to heavy piano keys and beautiful strings. It is playful , easy to listen to and well-produced in every way &#8220;.<br \/>\n<em>Anna Enstr\u00f6m, Bor\u00e5s Tidning 200930<\/em><\/p>\n<p>During the autumn, Helen made several TV appearances and ended the year by appearing in three episodes of <a title=\"S\u00e5 mycket b\u00e4ttre (So much better)\" href=\"https:\/\/helensjoholm.nu\/_eng\/2020\/12\/26\/sa-mycket-battre-so-much-better\/\"><em>S\u00e5 mycket b\u00e4ttre (S\u00e5 much better)<\/em><\/a>.<\/p>\n<div style=\"width: 550px\" class=\"wp-caption alignnone\"><img loading=\"lazy\" decoding=\"async\" src=\"https:\/\/helensjoholm.nu\/_eng\/wp-content\/gallery\/biografi\/litteris-et-artibus-2018.jpg\" alt=\"Helen Sj\u00f6holm receives the medal Litteris et Artibus from the king and queen.\" width=\"540\" height=\"362\"><p class=\"wp-caption-text\">Helen Sj\u00f6holm receives the medal Litteris et Artibus for outstanding artistic contributions as a singer and actress. Photo: Henrik Garl\u00f6v \/ Kungahuset.se<\/p><\/div>\n","protected":false},"excerpt":{"rendered":"<p>In March 2016 Helen along with Magnus Carlsson and the Radio Symphony Orchestra, did three concerts in the series Swedish Stars at Berwaldhallen in Stockholm. <a class=\"more-link\" href=\"https:\/\/helensjoholm.nu\/_eng\/2016-and-forward-3\/\">Read More &#8230;<\/a><\/p>\n","protected":false},"author":1,"featured_media":0,"parent":0,"menu_order":0,"comment_status":"closed","ping_status":"closed","template":"","meta":{"ngg_post_thumbnail":0,"footnotes":""},"class_list":["post-6607","page","type-page","status-publish","hentry"],"aioseo_notices":[],"_links":{"self":[{"href":"https:\/\/helensjoholm.nu\/_eng\/wp-json\/wp\/v2\/pages\/6607","targetHints":{"allow":["GET"]}}],"collection":[{"href":"https:\/\/helensjoholm.nu\/_eng\/wp-json\/wp\/v2\/pages"}],"about":[{"href":"https:\/\/helensjoholm.nu\/_eng\/wp-json\/wp\/v2\/types\/page"}],"author":[{"embeddable":true,"href":"https:\/\/helensjoholm.nu\/_eng\/wp-json\/wp\/v2\/users\/1"}],"replies":[{"embeddable":true,"href":"https:\/\/helensjoholm.nu\/_eng\/wp-json\/wp\/v2\/comments?post=6607"}],"version-history":[{"count":2,"href":"https:\/\/helensjoholm.nu\/_eng\/wp-json\/wp\/v2\/pages\/6607\/revisions"}],"predecessor-version":[{"id":14882,"href":"https:\/\/helensjoholm.nu\/_eng\/wp-json\/wp\/v2\/pages\/6607\/revisions\/14882"}],"wp:attachment":[{"href":"https:\/\/helensjoholm.nu\/_eng\/wp-json\/wp\/v2\/media?parent=6607"}],"curies":[{"name":"wp","href":"https:\/\/api.w.org\/{rel}","templated":true}]}}