{"id":6588,"date":"2016-07-31T20:54:26","date_gmt":"2016-07-31T18:54:26","guid":{"rendered":"http:\/\/helensjoholm.nu\/_eng\/?page_id=6588"},"modified":"2016-08-18T13:59:36","modified_gmt":"2016-08-18T11:59:36","slug":"transports-people-to-other-times","status":"publish","type":"page","link":"https:\/\/helensjoholm.nu\/_eng\/press-clips\/various-2016\/transports-people-to-other-times\/","title":{"rendered":"&#8220;Transports people to other times&#8221;"},"content":{"rendered":"<p><strong>Benny Andersson on BAO\u2019s popularity \u2013 come along for a nostalgic journey and also meet the next generation of musicians<\/strong><\/p>\n<p><strong>Aftonbladet 160729<\/strong><br \/>\nBy: JENS PETERSON<\/p>\n<p><strong>There are moments when Benny Andersson is on stage and can drop\u00a0his concentration on what he is playing. Enjoys listening to\u00a0his orchestra and watch the dancing crowd.<br \/>\n&#8211; The sun goes down and it becomes dark and\u00a0finally\u00a0we use the turbo and save the\u00a0best songs for the end. Such experiences you don\u2019t get in any other way, Benny Andersson says. It\u2019s quite wonderful and pleasurable. <\/strong><\/p>\n<p>It\u2019s just after three in the morning and the tour bus rolls in at the hotel. Benny Andersson and the others in his orchestra bring their bags and instruments and are going to sleep after a four-hour concert in tropical heat.<\/p>\n<p>Calle Jakobsson goes down to the sea and jumps in. The water is still and the moon shines over the dark water of Sk\u00e4lderviken when the sun is about to go up in the east. Magic. Can the nocturnal vision inspire Calle Jakobsson to play the hard rock rif of Deep Purple\u2019s song &#8220;Smoke on the Water&#8221; on the tuba when he kicks off the concert tonight with &#8220;Glasgow boogie&#8221;?<\/p>\n<p>The summer. The kind of experiences we hope to get. Something new and unexpected, even when we return to the places and people. To do roughly the same things, but dream that the days will contain something unusual. Some want to go to the same cottage, to the same country. Wants to see the same sing-a-long and the same Midsomer Murders. Eat the same herring and strawberries. Barbeque. Have a picnic. Re-runs, but with new endings.<\/p>\n<p><strong><br \/>\nHot Dogs mandatory<\/strong><br \/>\nA tour with BAO has many old acquaintances. The choice of songs is partially favorites that have been chiselled out for 15 years. Venues get return visits. The musicians always eat hot dogs during the break, and freshly baked buns on the bus.<\/p>\n<p>In the three years since last tour\u00a0Kalle Moraeus has\u00a0become a much loved television host.<br \/>\n&#8211; I got an entirely different career than what I thought when I was young, Kalle Moraeus says. Suddenly I became a TV guy. It\u2019s great fun. I hope it will continue for a while.<\/p>\n<p>But in BAO, he has the same role as every\u00a0year. A master of many string instruments who often\u00a0has to\u00a0stress with instruments shifts to be ready when the next song starts. He also sings two songs which are greeted by cheering, &#8220;Beatrice&#8221; and &#8220;O sole mio&#8221;. It\u2019s the same professionals who manage sound and lights and stage construction and all the practicalities on the tour. Kjell Lindh drives the bus again. Bassist Jogga manages the V65-system, which this weekend will close at 2800 lines. That provides six rows of five correct bets, which makes the\u00a0loss a third of the stakes. It\u2019s in other kind of games that\u00a0this orchestra is a winner and Swedish champions.<\/p>\n<p><strong><br \/>\nChildren and partners<\/strong><br \/>\nThe same musicians have been involved since 2001. With one exception. A few years ago Nicke G\u00f6the in Orsa fiddlers for health reasons chose not to tour, and reduce his playing. A tour with BAO is also about families. Children and partners come along,\u00a0and the kids help with record selling and to offer candy in the bus. Children from the first tours have become adults. Those who were too small has now grown up enough to join in. Elvira K\u00f6rberg, 7, makes\u00a0her tour debut in the summer 2016. Johanna Moraeus, 20, has this year grown up to be a coordinator of the youth activities and tries to put up with daddy Kalle telling the whole world and a few more that she has been accepted to the Academy of Music. There\u2019s a lot of musicality in the orchestra families.<\/p>\n<p>&nbsp;<\/p>\n<p><strong>Plays obscure ABBA song<\/strong><br \/>\nOne of the new songs during the summer concerts is &#8220;Put on your white sombrero&#8221;. Someone who knows their ABBA knows that the song was published during their active time, but was only released on the box &#8220;Thank you for the music&#8221; in 1994.<br \/>\n&#8211; It started at the rehearsal,\u00a0Benny Andersson says. Tommy sang &#8220;M\u00e5nstr\u00e5lar klara&#8221; and it\u2019s the same swing so I started to play &#8220;Sombrero&#8221;. &#8220;What do you think about this? I said.<br \/>\nThe band had barely heard it, it\u2019s a pretty obscure ABBA song.<\/p>\n<p>They practice it. A few days later is the premiere and &#8220;Put on your white sombrero&#8221; is played. But Benny thinks something is missing. So for the second concert he persuades Tora Thorslund, married to Calle Jakobsson, to play the trumpet together with Leffe Lindvall to increase the feeling of Mexican mariachi band. It sounds amazing. At later concerts Ellinor Bengtsson, daughter of Janne Bengtsson, manages that trumpet with glory.<\/p>\n<p>&nbsp;<\/p>\n<p><strong>The fans on the album <\/strong><br \/>\nThere are more spontaneous whims. BAO has a fan club that calls itself BAO Prao\u2019s and they found each other when they were all fans of &#8220;Kristina fr\u00e5n Duvem\u00e5la&#8221;. They save money and vacation days in order to\u00a0watch as many concerts as possible. They stand at the front during the band\u2019s concerts. The orchestra appreciates their energetic dancing and singing which is contagious to others in the audience.<\/p>\n<p>Last winter the new album &#8220;Mitt hj\u00e4rta klappar f\u00f6r dig&#8221; was recorded.<br \/>\n&#8211; I had the song \u201dTimmarna g\u00e5r s\u00e5 fort n\u00e4r man har roligt\u201d\u00a0and it\u2019s a little music hall, a little sing-a-long, Benny Andersson says. I thought of BAO Prao\u2019s, they are always with us, singing and dancing and clapping at our gigs. I called them and all eight of them came.<br \/>\nThe recording went well.<br \/>\n&#8211; The girls learned it in no time and sang really well, Benny Andersson says. &#8220;While you&#8217;re here, can\u2019t you\u00a0try to sing on a few other songs?&#8221;<br \/>\nThere were several songs where BAO Prao\u2019s give a little new sound to the orchestra. Now they do the same at the concerts. Though they remain in place in the audience at the front.<br \/>\n&#8211; I said, &#8220;while you\u2019re here &#8211; if you get a mic each can\u2019t you sing?&#8221;,\u00a0Benny Andersson says. It\u2019s nice of them to do that.<\/p>\n<p>It also suggests a relaxed attitude with bandleader Andersson, and a desire to make every show different. Familiar, but with a touch of the unknown.<br \/>\nThe concerts with BAO is four hours, contains newly written and older works like &#8220;Cadillac&#8221;, once a top ten hit for his Hep Stars. And a handful of the 1970\u2019s group he was in.<\/p>\n<p>&#8211; It\u2019s more fun to play ABBA songs that people don\u2019t know so well. &#8220;Kisses of fire&#8221; and &#8220;Why did it have to be me&#8221; are not so well known, Benny Andersson says. The orchestra has many brilliant musicians. Janne Bengtsson\u2019s flute in\u00a0&#8220;Badinerie&#8221; and &#8220;Byss-Kalle&#8221;, the musician\u2019s leg breaking dance &#8220;B\u00e4lter Sven\u2019s paradpolkett&#8221; and drummer J\u00f6rgen Stenberg\u2019s &#8220;Jehu&#8221; where Tommy K\u00f6rberg keeps the pace on the drums.<\/p>\n<p>Another member shines in an important way. Lars Rudolfsson plays accordion and all the time looks so wonderfully happy that it rubs off on the audience. He gives the joy of playing a face and laughs charmingly at every joke in the small talk from Benny Andersson,\u00a0Helen Sj\u00f6holm and Tommy K\u00f6rberg.<\/p>\n<p>&#8211; There are more\u00a0vocal tracks on the last album than before, and it\u2019s fun to meet the audience with that material, Helen Sj\u00f6holm says. When we started 15 years ago, it was a job. Now I\u2019ve longed for the tour and it\u2019s almost like vacation to tour with this band.<\/p>\n<p>Before each concert there is a sound check before the gates are opened to the audience. The sound is set, but it\u2019s also a chance to try new things and rehearse pieces that went wrong the night before.\u00a0Parts which limped, backing vocals are corrected, words that were lost in the lyrics.<br \/>\n&#8211; Bj\u00f6rn and Benny\u2019s songs are easy to understand and sticks immediately, says Tommy K\u00f6rberg. It\u2019s like when I worked with Hasse and Tage. I can\u2019t learn\u00a0bad lyrics, but BAO has no bad lyrics. Though &#8220;Cadillac&#8221; is perhaps a bit of goofy lyrics, that\u2019s no academic level really.<\/p>\n<p><strong><br \/>\nThe shirt is used one night only<\/strong><br \/>\n27 degrees and constantly wasting sun. At the concerts Tommy K\u00f6rberg sweats\u00a0in his elegant suit with vest and Moraeus\u2019 cowboy shirts can only be used one night. In daytime there are baths, lunches at postcard beautiful lakes where the orchestra queues for ice cream along with people on holiday leave. This year marks 50 years since Benny Andersson and Bj\u00f6rn Ulvaeus found each other. Sunday, June 5, 1966 Hep Stars and Hootenanny singers met in folk park Sweden. In that night\u2019s after party, they discovered that they had much in common. A cooperation which has created musical history was born.<\/p>\n<p>The same date this year their anniversary was celebrated at Berns in Stockholm.<br \/>\n&#8211; We invited people we\u2019ve worked with. In various tours, music, theaters, studios. There were people who hadn\u2019t seen each other for 42 years. It was wonderful, Benny Andersson says.<\/p>\n<p><strong><br \/>\nSecret tribute<\/strong><br \/>\nLudvig Andersson suggested that Bj\u00f6rn and Benny would not know the full program for the evening. Instead,\u00a0a party committee of Ludvig,\u00a0Lars Rudolfsson, G\u00f6rel Hanser and the evening\u2019s MC Claes af Geijerstam was formed.<br \/>\n&#8211; It was great fun. They showed clips and photos I haven\u2019t seen or heard before, Benny Andersson says. And artists sang. It started with Tomas Ledin, Anders Glenmark and Claes who sang &#8220;Jag v\u00e4ntar vid min mila&#8221;. For real. It was fantastic.<\/p>\n<p>And it got him to think.<br \/>\n&#8211; Why do I feel this way? When they sang you were moved back to 1964, and it struck me that all of us who are in this age are miss those times when the world was a little easier to like. I think it\u2019s the same with BAO.<br \/>\n&#8211; People\u00a0are transported to other times, Benny Andersson says. We who play like it for musical reasons, but for the audience memories are probably an important ingredient. I haven\u2019t thought about it before but I did when\u00a0I heard &#8220;Jag v\u00e4ntar vid min mila&#8221;.<\/p>\n<p>BAO\u2019s blend of dance music is like no others.<br \/>\n&#8211; This orchestra started just for\u00a0one reason. I had the song &#8220;V\u00e5r sista dans&#8221; which was Thore Ehrling to a T and therefore we ended up on the dance floor Galejan at Skansen for our first gig. The new album &#8220;Mitt hj\u00e4rta klappar f\u00f6r dig&#8221; has many danceable numbers.<br \/>\n&#8211; I knew we were going on tour, so I wanted to do some songs that you can dance to. It appears to have worked.<\/p>\n<p><strong><br \/>\n6000 per night<\/strong><br \/>\nBenny Andersson Orkester waltzes on. Helen Sj\u00f6holm may sing about &#8220;V\u00e5r sista dans&#8221; every night, but after 15 years together they seem to have more fun than ever\u00a0on their journeys around the summer. The number of audience every evening is around 6000, with 7500 in Helsingborg\/Sofiero as a peak. Both the musicians and the audience seem to look forward to this tradition. No last dance in sight. &#8220;The hours pass so fast when you\u2019re having fun&#8221; is the name of one of the new songs. Final lyric line? We\u2019ll meet again.<\/p>\n<hr align=\"left\" \/>\n<p><a href=\"https:\/\/helensjoholm.nu\/_eng\/press-clips\/various-2016\/\">Back<\/a><\/p>\n","protected":false},"excerpt":{"rendered":"<p>Benny Andersson on BAO\u2019s popularity \u2013 come along for a nostalgic journey and also meet the next generation of musicians Aftonbladet 160729 By: JENS PETERSON <a class=\"more-link\" href=\"https:\/\/helensjoholm.nu\/_eng\/press-clips\/various-2016\/transports-people-to-other-times\/\">Read More &#8230;<\/a><\/p>\n","protected":false},"author":1,"featured_media":0,"parent":6460,"menu_order":0,"comment_status":"closed","ping_status":"closed","template":"","meta":{"ngg_post_thumbnail":0,"footnotes":""},"class_list":["post-6588","page","type-page","status-publish","hentry"],"aioseo_notices":[],"_links":{"self":[{"href":"https:\/\/helensjoholm.nu\/_eng\/wp-json\/wp\/v2\/pages\/6588","targetHints":{"allow":["GET"]}}],"collection":[{"href":"https:\/\/helensjoholm.nu\/_eng\/wp-json\/wp\/v2\/pages"}],"about":[{"href":"https:\/\/helensjoholm.nu\/_eng\/wp-json\/wp\/v2\/types\/page"}],"author":[{"embeddable":true,"href":"https:\/\/helensjoholm.nu\/_eng\/wp-json\/wp\/v2\/users\/1"}],"replies":[{"embeddable":true,"href":"https:\/\/helensjoholm.nu\/_eng\/wp-json\/wp\/v2\/comments?post=6588"}],"version-history":[{"count":0,"href":"https:\/\/helensjoholm.nu\/_eng\/wp-json\/wp\/v2\/pages\/6588\/revisions"}],"up":[{"embeddable":true,"href":"https:\/\/helensjoholm.nu\/_eng\/wp-json\/wp\/v2\/pages\/6460"}],"wp:attachment":[{"href":"https:\/\/helensjoholm.nu\/_eng\/wp-json\/wp\/v2\/media?parent=6588"}],"curies":[{"name":"wp","href":"https:\/\/api.w.org\/{rel}","templated":true}]}}