{"id":6568,"date":"2016-06-19T13:13:05","date_gmt":"2016-06-19T11:13:05","guid":{"rendered":"http:\/\/helensjoholm.nu\/_eng\/?page_id=6568"},"modified":"2025-07-18T14:07:58","modified_gmt":"2025-07-18T12:07:58","slug":"albums-2016-2020","status":"publish","type":"page","link":"https:\/\/helensjoholm.nu\/_eng\/albums-2016-2020\/","title":{"rendered":"Albums 2016 \u2013 2020"},"content":{"rendered":"<table style=\"height: 0px;\" border=\"1\" cellspacing=\"5\" cellpadding=\"10\">\n<tbody>\n<tr>\n<td style=\"width: 125px;\"><a title=\"S\u00e5 mycket b\u00e4ttre 2020 \u2013 Tolkningarna\" href=\"https:\/\/helensjoholm.nu\/_eng\/2016-2020\/sa-mycket-battre-2020-tolkningarna\/\"><img loading=\"lazy\" decoding=\"async\" class=\"alignnone\" title=\"Single: S\u00e5 mycket b\u00e4ttre 2020 - Tolkningarna\" src=\"https:\/\/helensjoholm.nu\/_eng\/wp-content\/uploads\/2025\/01\/sa-mycket-battre-2020-tolkningarna-spotify-lyrics.jpg\" alt=\"Single: S\u00e5 mycket b\u00e4ttre 2020 - Tolkningarna\" width=\"100\" height=\"100\"><\/a><\/td>\n<td><strong>S\u00c5 MYCKET B\u00c4TTRE 2020 \u2013 TOLKNINGARNA (SINGLE)&nbsp;<br \/>\n<\/strong>Universal Music AB (2020)<br \/>\n<a title=\"Single: S\u00e5 mycket b\u00e4ttre 2020 - Tolkningarna\" href=\"https:\/\/helensjoholm.nu\/_eng\/2016-2020\/sa-mycket-battre-2020-tolkningarna\/\">:: more info<\/a><\/td>\n<\/tr>\n<tr>\n<td style=\"width: 125px;\"><a href=\"https:\/\/helensjoholm.nu\/_eng\/albums-2016-2020\/album-en-ny-tid\/\"><img loading=\"lazy\" decoding=\"async\" class=\"alignnone\" title=\"En ny tid (2020)\" src=\"https:\/\/helensjoholm.nu\/_eng\/wp-content\/gallery\/discography-2021-and-forward\/cd-en-ny-tid-spotify-lyrics.png\" alt=\"En ny tid (2020)\" width=\"100\" height=\"100\"><\/a><\/td>\n<td><strong>EN NY TID<\/strong><br \/>\nUniversal Music AB (2020)<br \/>\n<a title=\"En ny tid (2020)\" href=\"https:\/\/helensjoholm.nu\/_eng\/albums-2016-2020\/album-en-ny-tid\/\">:: more info<\/a><\/td>\n<\/tr>\n<tr>\n<td style=\"width: 125px;\"><a href=\"https:\/\/helensjoholm.nu\/_eng\/albums-2016-2020\/a-music-story-original-soundtrack\/\"><img loading=\"lazy\" decoding=\"async\" class=\"alignnone\" title=\"A Music Story (2019)\" src=\"https:\/\/helensjoholm.nu\/_eng\/wp-content\/uploads\/2025\/07\/cd-amusicstory-2019-spotify-lyrics.jpg\" alt=\"A Music Story (2019)\" width=\"100\" height=\"100\"><\/a><\/td>\n<td><strong>A MUSIC STORY (ORIGINAL SOUNDTRACK)<\/strong><br \/>\nWidmark (2019)<br \/>\n<a title=\"A Music Story (2019)\" href=\"https:\/\/helensjoholm.nu\/_eng\/albums-2016-2020\/a-music-story-original-soundtrack\/\">:: more info<\/a><\/td>\n<\/tr>\n<tr>\n<td style=\"width: 125px;\"><a href=\"https:\/\/helensjoholm.nu\/_eng\/albums-2016-2020\/basta-latarna\/\"><img loading=\"lazy\" decoding=\"async\" class=\"alignnone\" title=\"B\u00e4sta l\u00e5tarna (2019)\" src=\"https:\/\/helensjoholm.nu\/_eng\/wp-content\/gallery\/diskografi-2016-2020\/cd-basta-latarna-2019.png\" alt=\"B\u00e4sta l\u00e5tarna (2019)\" width=\"100\" height=\"100\"><\/a><\/td>\n<td><strong>B\u00c4STA L\u00c5TARNA<\/strong><br \/>\nMono Music AB (2019)<br \/>\n<a title=\"B\u00e4sta l\u00e5tarna (2019)\" href=\"https:\/\/helensjoholm.nu\/_eng\/albums-2016-2020\/basta-latarna\/\">:: more info<\/a><\/td>\n<\/tr>\n<tr>\n<td style=\"width: 125px;\"><a href=\"https:\/\/helensjoholm.nu\/_eng\/albums-2016-2020\/var-basta-tid-ar-nu\/\"><img loading=\"lazy\" decoding=\"async\" class=\"alignnone\" title=\"Single: V\u00e5r b\u00e4sta tid \u00e4r nu (2018)\" src=\"https:\/\/helensjoholm.nu\/_eng\/wp-content\/uploads\/2025\/07\/single-var-basta-tid-ar-nu-spotify-lyrics.jpg\" alt=\"Single: V\u00e5r b\u00e4sta tid \u00e4r nu (2018)\" width=\"100\" height=\"100\"><\/a><\/td>\n<td><strong>V\u00c5R B\u00c4STA TID \u00c4R NU (SINGLE)<\/strong><br \/>\nSolala &amp; SwingKids&nbsp;(2018)<br \/>\n<a title=\"Single: V\u00e5r b\u00e4sta tid \u00e4r nu (2018)\" href=\"https:\/\/helensjoholm.nu\/_eng\/albums-2016-2020\/var-basta-tid-ar-nu\/\">:: more info<\/a><\/td>\n<\/tr>\n<tr>\n<td style=\"width: 125px;\"><a href=\"https:\/\/helensjoholm.nu\/_eng\/albums-2016-2020\/sankta-klara-klocka\/\"><img loading=\"lazy\" decoding=\"async\" class=\"alignnone\" title=\"Single: Sankta Klara klocka (2016)\" src=\"https:\/\/helensjoholm.nu\/_eng\/wp-content\/uploads\/2025\/07\/single-sankta-klara-klocka-spotify-lyrics.jpg\" alt=\"Single: Sankta Klara klocka (2016)\" width=\"100\" height=\"100\"><\/a><\/td>\n<td><strong>SANKTA KLARA KLOCKA (SINGEL)<\/strong><br \/>\nKing Island Roxystars Recordings AB&nbsp;(2017)<br \/>\n<a title=\"Single: Sankta Klara klocka (2016)\" href=\"https:\/\/helensjoholm.nu\/_eng\/albums-2016-2020\/sankta-klara-klocka\/\">:: more info<\/a><\/td>\n<\/tr>\n<tr valign=\"top\">\n<td style=\"width: 125px;\"><a href=\"https:\/\/helensjoholm.nu\/_eng\/albums-2016-2020\/mitt-hjarta-klappar-for-dig-2\/\"><img loading=\"lazy\" decoding=\"async\" class=\"alignnone\" title=\"Mitt hj\u00e4rta klappar f\u00f6r dig (2016)\" src=\"https:\/\/helensjoholm.nu\/_eng\/wp-content\/gallery\/diskografi-2016-2020\/cd-mitt-hjarta-klappar-2016.png\" alt=\"Mitt hj\u00e4rta klappar f\u00f6r dig (2016)\" width=\"100\" height=\"100\"><\/a><\/td>\n<td><strong>MITT HJ\u00c4RTA KLAPPAR F\u00d6R DIG<br \/>\n<\/strong>Mono Music AB (2016)<br \/>\n<a title=\"Mitt hj\u00e4rta klappar f\u00f6r dig (2016)\" href=\"https:\/\/helensjoholm.nu\/_eng\/albums-2016-2020\/mitt-hjarta-klappar-for-dig-2\/\">:: more info<\/a><\/td>\n<\/tr>\n<\/tbody>\n<\/table>\n<table style=\"border-collapse: collapse; width: 100%;\" border=\"0\">\n<tbody>\n<tr>\n<td style=\"width: 50%;\">\n<p style=\"text-align: left;\"><a href=\"https:\/\/helensjoholm.nu\/_eng\/2011-2015\/\">&lt;&lt; Previous<\/a><\/p>\n<\/td>\n<td style=\"width: 50%;\">\n<p style=\"text-align: right;\"><a href=\"https:\/\/helensjoholm.nu\/_eng\/albums-2021-and-forward\/\">Next &gt;&gt;<\/a><\/p>\n<\/td>\n<\/tr>\n<\/tbody>\n<\/table>\n<p>&nbsp;<\/p>\n","protected":false},"excerpt":{"rendered":"<p>S\u00c5 MYCKET B\u00c4TTRE 2020 \u2013 TOLKNINGARNA (SINGLE)&nbsp; Universal Music AB (2020) :: more info EN NY TID Universal Music AB (2020) :: more info A <a class=\"more-link\" href=\"https:\/\/helensjoholm.nu\/_eng\/albums-2016-2020\/\">Read More &#8230;<\/a><\/p>\n","protected":false},"author":1,"featured_media":0,"parent":0,"menu_order":0,"comment_status":"closed","ping_status":"closed","template":"","meta":{"ngg_post_thumbnail":0,"footnotes":""},"class_list":["post-6568","page","type-page","status-publish","hentry"],"aioseo_notices":[],"_links":{"self":[{"href":"https:\/\/helensjoholm.nu\/_eng\/wp-json\/wp\/v2\/pages\/6568","targetHints":{"allow":["GET"]}}],"collection":[{"href":"https:\/\/helensjoholm.nu\/_eng\/wp-json\/wp\/v2\/pages"}],"about":[{"href":"https:\/\/helensjoholm.nu\/_eng\/wp-json\/wp\/v2\/types\/page"}],"author":[{"embeddable":true,"href":"https:\/\/helensjoholm.nu\/_eng\/wp-json\/wp\/v2\/users\/1"}],"replies":[{"embeddable":true,"href":"https:\/\/helensjoholm.nu\/_eng\/wp-json\/wp\/v2\/comments?post=6568"}],"version-history":[{"count":5,"href":"https:\/\/helensjoholm.nu\/_eng\/wp-json\/wp\/v2\/pages\/6568\/revisions"}],"predecessor-version":[{"id":15120,"href":"https:\/\/helensjoholm.nu\/_eng\/wp-json\/wp\/v2\/pages\/6568\/revisions\/15120"}],"wp:attachment":[{"href":"https:\/\/helensjoholm.nu\/_eng\/wp-json\/wp\/v2\/media?parent=6568"}],"curies":[{"name":"wp","href":"https:\/\/api.w.org\/{rel}","templated":true}]}}