{"id":6564,"date":"2016-06-19T13:12:40","date_gmt":"2016-06-19T11:12:40","guid":{"rendered":"http:\/\/helensjoholm.nu\/_eng\/?page_id=6564"},"modified":"2023-07-16T13:00:25","modified_gmt":"2023-07-16T11:00:25","slug":"mitt-hjarta-klappar-for-dig-2","status":"publish","type":"page","link":"https:\/\/helensjoholm.nu\/_eng\/albums-2016-2020\/mitt-hjarta-klappar-for-dig-2\/","title":{"rendered":"Mitt hj\u00e4rta klappar f\u00f6r dig"},"content":{"rendered":"<table border=\"0\" align=\"left\">\n<tbody>\n<tr>\n<td valign=\"top\"><img loading=\"lazy\" decoding=\"async\" class=\"alignnone\" title=\"Mitt hj\u00e4rta klappar f\u00f6r dig (2016)\" src=\"http:\/\/helensjoholm.nu\/wp-content\/gallery\/diskografi\/cd-mitt-hjarta-klappar-2016.png\" alt=\"Mitt hj\u00e4rta klappar f\u00f6r dig (2016)\" width=\"100\" height=\"100\"><\/td>\n<td valign=\"top\"><strong>MITT HJ\u00c4RTA KLAPPAR F\u00d6R DIG<br \/>\n<\/strong>Benny Andersson Band<br \/>\nMono Music AB (2016)<\/td>\n<\/tr>\n<\/tbody>\n<\/table>\n<table>\n<tbody>\n<tr>\n<td><b>Music:<\/b> Benny Andersson<br \/>\n<b>Lyrics:<\/b> Bj\u00f6rn Ulvaeus<\/p>\n<hr>\n<\/td>\n<\/tr>\n<tr>\n<td>Note that it\u00b4s against the law to publish lyrics, or translations of lyrics,<br \/>\nwithout permission from the author! With the help of <a title=\"Google Translator\" href=\"http:\/\/translate.google.se\/#sv\/en\/\" target=\"_blank\" rel=\"noopener noreferrer\">Google Translator<\/a><br \/>\nyou can, however, translate the lyrics for your own use.<\/td>\n<\/tr>\n<\/tbody>\n<\/table>\n<table border=\"0\" align=\"left\">\n<tbody>\n<tr>\n<td style=\"width: 329px;\"><strong>1. En natt i K\u00f6penhamn&nbsp;<\/strong> <a href=\"https:\/\/helensjoholm.nu\/_eng\/albums-2016-2020\/mitt-hjarta-klappar-for-dig-2\/en-natt-i-kopenhamn\/\">(lyrics)<\/a><\/td>\n<\/tr>\n<tr valign=\"top\">\n<td style=\"width: 329px;\"><strong>2. Bara bara du<\/strong>&nbsp; <a href=\"https:\/\/helensjoholm.nu\/_eng\/albums-2016-2020\/mitt-hjarta-klappar-for-dig-2\/bara-bara-du\/\">(lyrics)<\/a><\/td>\n<\/tr>\n<tr valign=\"top\">\n<td style=\"width: 329px;\"><strong>3. Hem till mamma<\/strong>&nbsp; <a href=\"https:\/\/helensjoholm.nu\/_eng\/albums-2016-2020\/mitt-hjarta-klappar-for-dig-2\/hem-till-mamma\/\">(lyrics)<\/a><\/td>\n<\/tr>\n<tr valign=\"top\">\n<td style=\"width: 329px;\">4. Minnena bleknar med tiden<\/td>\n<\/tr>\n<tr valign=\"top\">\n<td style=\"width: 329px;\"><strong>5. Summa summarum<\/strong>&nbsp; <a href=\"https:\/\/helensjoholm.nu\/_eng\/albums-2016-2020\/mitt-hjarta-klappar-for-dig-2\/summa-summarum\/\">(lyrics)<\/a><\/td>\n<\/tr>\n<tr valign=\"top\">\n<td style=\"width: 329px;\"><strong>6. Timmarna g\u00e5r s\u00e5 fort n\u00e4r man har roligt<\/strong>&nbsp; <a href=\"https:\/\/helensjoholm.nu\/_eng\/albums-2016-2020\/mitt-hjarta-klappar-for-dig-2\/timmarna-gar-sa-fort-nar-man-har-roligt\/\">(lyrics)<\/a><\/td>\n<\/tr>\n<tr valign=\"top\">\n<td style=\"width: 329px;\"><strong>7. En svala g\u00f6r ingen sommar<\/strong>&nbsp; <a href=\"https:\/\/helensjoholm.nu\/_eng\/albums-2016-2020\/mitt-hjarta-klappar-for-dig-2\/en-svala-gor-ingen-sommar\/\">(lyrics)<\/a><\/td>\n<\/tr>\n<tr valign=\"top\">\n<td style=\"width: 329px;\">8. Smoochy<\/td>\n<\/tr>\n<tr valign=\"top\">\n<td style=\"width: 329px;\">9. Isabella Rahm<\/td>\n<\/tr>\n<tr valign=\"top\">\n<td style=\"width: 329px;\"><strong>10. Mitt hj\u00e4rta klappar f\u00f6r dig<\/strong>&nbsp; <a title=\"Mitt hj\u00e4rta klappar f\u00f6r dig\" href=\"https:\/\/helensjoholm.nu\/_eng\/albums-2016-2020\/mitt-hjarta-klappar-for-dig-2\/lyrics-mitt-hjarta-klappar-for-dig\/\">(lyrics)<\/a><\/td>\n<\/tr>\n<tr valign=\"top\">\n<td style=\"width: 329px;\"><strong>11. Ticka ticka v\u00e4ckarklocka<\/strong>&nbsp; <a href=\"https:\/\/helensjoholm.nu\/_eng\/albums-2016-2020\/mitt-hjarta-klappar-for-dig-2\/ticka-ticka-vackarklocka\/\">(lyrics)<\/a><\/td>\n<\/tr>\n<tr valign=\"top\">\n<td style=\"width: 329px;\"><img loading=\"lazy\" decoding=\"async\" class=\"alignleft\" style=\"margin-right: 10px;\" title=\"SINGLE, EN NATT I K\u00d6PENHAMN (2016)\" src=\"https:\/\/helensjoholm.nu\/_eng\/wp-content\/gallery\/diskografi-2016-2020\/ennattikopenhamn.PNG\" alt=\"SINGLE, EN NATT I K\u00d6PENHAMN (2016)\" width=\"100\" height=\"100\"><strong>SINGLE<\/strong><br \/>\n<strong>EN NATT I K\u00d6PENHAMN<\/strong><br \/>\nMono Music AB (2016)<\/td>\n<\/tr>\n<\/tbody>\n<\/table>\n<hr>\n<h3>Listen!<\/h3>\n<hr>\n<p><iframe title=\"Spotify Embed: Mitt hj\u00e4rta klappar f\u00f6r dig\" style=\"border-radius: 12px\" width=\"100%\" height=\"352\" frameborder=\"0\" allowfullscreen allow=\"autoplay; clipboard-write; encrypted-media; fullscreen; picture-in-picture\" loading=\"lazy\" src=\"https:\/\/open.spotify.com\/embed\/album\/5CpWkGpDajMTORGVbIgLi6?play=true&#038;utm_source=oembed&#038;utm_medium=open\"><\/iframe><\/p>\n<p><a title=\"2016 and forwatd\" href=\"https:\/\/helensjoholm.nu\/_eng\/albums-2016-2020\/\">Back<\/a><\/p>\n","protected":false},"excerpt":{"rendered":"<p>MITT HJ\u00c4RTA KLAPPAR F\u00d6R DIG Benny Andersson Band Mono Music AB (2016) Music: Benny Andersson Lyrics: Bj\u00f6rn Ulvaeus Note that it\u00b4s against the law to <a class=\"more-link\" href=\"https:\/\/helensjoholm.nu\/_eng\/albums-2016-2020\/mitt-hjarta-klappar-for-dig-2\/\">Read More &#8230;<\/a><\/p>\n","protected":false},"author":1,"featured_media":0,"parent":6568,"menu_order":0,"comment_status":"closed","ping_status":"closed","template":"","meta":{"ngg_post_thumbnail":0,"footnotes":""},"class_list":["post-6564","page","type-page","status-publish","hentry"],"aioseo_notices":[],"_links":{"self":[{"href":"https:\/\/helensjoholm.nu\/_eng\/wp-json\/wp\/v2\/pages\/6564","targetHints":{"allow":["GET"]}}],"collection":[{"href":"https:\/\/helensjoholm.nu\/_eng\/wp-json\/wp\/v2\/pages"}],"about":[{"href":"https:\/\/helensjoholm.nu\/_eng\/wp-json\/wp\/v2\/types\/page"}],"author":[{"embeddable":true,"href":"https:\/\/helensjoholm.nu\/_eng\/wp-json\/wp\/v2\/users\/1"}],"replies":[{"embeddable":true,"href":"https:\/\/helensjoholm.nu\/_eng\/wp-json\/wp\/v2\/comments?post=6564"}],"version-history":[{"count":0,"href":"https:\/\/helensjoholm.nu\/_eng\/wp-json\/wp\/v2\/pages\/6564\/revisions"}],"up":[{"embeddable":true,"href":"https:\/\/helensjoholm.nu\/_eng\/wp-json\/wp\/v2\/pages\/6568"}],"wp:attachment":[{"href":"https:\/\/helensjoholm.nu\/_eng\/wp-json\/wp\/v2\/media?parent=6564"}],"curies":[{"name":"wp","href":"https:\/\/api.w.org\/{rel}","templated":true}]}}