{"id":6514,"date":"2019-12-25T12:43:02","date_gmt":"2019-12-25T10:43:02","guid":{"rendered":"http:\/\/helensjoholm.nu\/_eng\/?page_id=6514"},"modified":"2025-10-23T14:49:06","modified_gmt":"2025-10-23T12:49:06","slug":"2016-and-forward","status":"publish","type":"page","link":"https:\/\/helensjoholm.nu\/_eng\/2016-and-forward\/","title":{"rendered":"Concerts 2016 &#8211; 2020"},"content":{"rendered":"<p><img loading=\"lazy\" decoding=\"async\" title=\"Konserter\" src=\"http:\/\/helensjoholm.nu\/wp-content\/gallery\/biografi\/concerts_1.jpg\" alt=\"Konserter\" width=\"500\" height=\"333\"><\/p>\n<table style=\"height: 2115px;\">\n<tbody>\n<tr style=\"height: 137px;\">\n<td style=\"height: 137px;\" colspan=\"2\">\n<hr>\n<h2 align=\"center\">2020<\/h2>\n<hr>\n<\/td>\n<\/tr>\n<tr>\n<td><strong>16\/5<\/strong><\/td>\n<td>Stockholm, Vasa Theater: <em>KaranTon Live<\/em>, a support concert for the sound and lighting industry with a total of 15 artists<\/td>\n<\/tr>\n<tr>\n<td><strong>28\/5<\/strong><\/td>\n<td>Stockholm, Theater Brunnsgatan Four: <em>Contemporary Therapy<\/em>, a memorial evening for Kristina Lugn with Tommy K\u00f6rberg and others<\/td>\n<\/tr>\n<tr style=\"height: 24px;\">\n<td style=\"height: 24px;\"><strong>11\/8&nbsp;<\/strong><\/td>\n<td style=\"height: 24px;\">Stockholm, Solliden: <em>Alls\u00e5ng p\u00e5 Skansen<\/em><\/td>\n<\/tr>\n<tr>\n<td><strong>10\/12<\/strong><\/td>\n<td>Stockholm, City Hall: <em>An evening for Nobel<\/em><\/td>\n<\/tr>\n<tr style=\"height: 137px;\">\n<td style=\"height: 137px;\" colspan=\"2\">\n<hr>\n<h2 align=\"center\">2019<\/h2>\n<hr>\n<\/td>\n<\/tr>\n<tr style=\"height: 24px;\">\n<td style=\"height: 24px;\"><strong>4\/5<\/strong><\/td>\n<td style=\"height: 24px;\">Tonhallen, Sundsvall: <em>Caprice 2019<\/em> (2 concerts)<\/td>\n<\/tr>\n<tr style=\"height: 24px;\">\n<td style=\"height: 24px;\"><strong>25\/7<\/strong><\/td>\n<td style=\"height: 24px;\">Horticultural Society, Gothenburg: BAO (part of a tour)<\/td>\n<\/tr>\n<tr style=\"height: 24px;\">\n<td style=\"height: 24px;\"><strong>26\/7<\/strong><\/td>\n<td style=\"height: 24px;\">Sofiero, Helsingborg: BAO&nbsp;(part of a tour)<\/td>\n<\/tr>\n<tr style=\"height: 24px;\">\n<td style=\"height: 24px;\"><strong>27\/7<\/strong><\/td>\n<td style=\"height: 24px;\">Sk\u00e4lby Farm, Kalmar: BAO&nbsp;(part of a tour)<\/td>\n<\/tr>\n<tr style=\"height: 24px;\">\n<td style=\"height: 24px;\"><strong>28\/7<\/strong><\/td>\n<td style=\"height: 24px;\">Berg\u2019s sluices, Link\u00f6ping: BAO&nbsp;(part of a tour)<\/td>\n<\/tr>\n<tr style=\"height: 24px;\">\n<td style=\"height: 24px;\"><strong>31\/7<\/strong><\/td>\n<td style=\"height: 24px;\">Sammilsdalsgropen, Leksand: BAO&nbsp;(part of a tour)<\/td>\n<\/tr>\n<tr style=\"height: 24px;\">\n<td style=\"height: 24px;\"><strong>1\/8<\/strong><\/td>\n<td style=\"height: 24px;\">Sundbyholms Castle, Eskilstuna: BAO (part of a tour)<\/td>\n<\/tr>\n<tr style=\"height: 24px;\">\n<td style=\"height: 24px;\"><strong>2\/8<\/strong><\/td>\n<td style=\"height: 24px;\">Skansen, Stockholm: BAO&nbsp;(part of a tour)<\/td>\n<\/tr>\n<tr style=\"height: 24px;\">\n<td style=\"height: 24px;\"><strong>3\/8<\/strong><\/td>\n<td style=\"height: 24px;\">Tullgarn Castle, Trosa: BAO&nbsp;(part of a tour)<\/td>\n<\/tr>\n<tr style=\"height: 24px;\">\n<td style=\"height: 24px;\"><strong>1\/9<\/strong><\/td>\n<td style=\"height: 24px;\">Vadstena monastery church: charity concert with Tommy K\u00f6rberg<\/td>\n<\/tr>\n<tr>\n<td><strong>22\/9<\/strong><\/td>\n<td>Malm\u00f6 Opera: <em>Anniversary concert&nbsp;<\/em>(2 concerts)<\/td>\n<\/tr>\n<tr style=\"height: 24px;\">\n<td style=\"height: 24px;\"><strong>22\/10<\/strong><\/td>\n<td style=\"height: 24px;\">Rival, Stockholm: concert with Anders Widmark<\/td>\n<\/tr>\n<tr style=\"height: 24px;\">\n<td style=\"height: 24px;\"><strong>15\/12<\/strong><\/td>\n<td style=\"height: 24px;\">Oscarsteatern, Stockholm: <em>En Stilla Jul<\/em> with Anders Ekborg (part of a tour)<\/td>\n<\/tr>\n<tr style=\"height: 24px;\">\n<td style=\"height: 24px;\"><strong>16\/12<\/strong><\/td>\n<td style=\"height: 24px;\">&nbsp;Oscarsteatern, Stockholm: <em>En Stilla Jul<\/em> with Anders Ekborg (part of a tour)<\/td>\n<\/tr>\n<tr style=\"height: 24px;\">\n<td style=\"height: 24px;\"><strong>&nbsp;19\/12<\/strong><\/td>\n<td style=\"height: 24px;\">&nbsp;Elmia Concert Hall, J\u00f6nk\u00f6ping: <em>En Stilla Jul<\/em> with Anders Ekborg (part of a tour)<\/td>\n<\/tr>\n<tr style=\"height: 24px;\">\n<td style=\"height: 24px;\"><strong>&nbsp;20\/12<\/strong><\/td>\n<td style=\"height: 24px;\">&nbsp;Oscarsteatern, Stockholm: <em>En Stilla Jul<\/em> with Anders Ekborg (part of a tour)<\/td>\n<\/tr>\n<tr style=\"height: 24px;\">\n<td style=\"height: 24px;\"><strong>&nbsp;21\/12<\/strong><\/td>\n<td style=\"height: 24px;\">&nbsp;Oscarsteatern, Stockholm: <em>En Stilla Jul<\/em> with Anders Ekborg (part of a tour)<\/td>\n<\/tr>\n<tr style=\"height: 120px;\">\n<td style=\"height: 120px;\" colspan=\"2\">\n<h2 style=\"text-align: center;\">2018<\/h2>\n<hr>\n<\/td>\n<\/tr>\n<tr style=\"height: 24px;\">\n<td style=\"height: 24px;\"><strong>13\/1<\/strong><\/td>\n<td style=\"height: 24px;\">Kramfors Folkets Park:&nbsp;<em>Kramfors 70 years \u2013 a journey of music<\/em><\/td>\n<\/tr>\n<tr style=\"height: 24px;\">\n<td style=\"height: 24px;\"><strong>29\/4<\/strong><\/td>\n<td style=\"height: 24px;\">Raoul Wallenbergs Square, Stockholm: <em>We create tailwind<\/em> with Malena Ernman<\/td>\n<\/tr>\n<tr style=\"height: 24px;\">\n<td style=\"height: 24px;\"><strong>4\/5<\/strong><\/td>\n<td style=\"height: 24px;\">Stockholm University Auditorium Magna: <em>Climate Parliament\u2019s opening ceremony<\/em> with Malena Ernman<\/td>\n<\/tr>\n<tr style=\"height: 24px;\">\n<td style=\"height: 24px;\"><strong>6\/5<\/strong><\/td>\n<td style=\"height: 24px;\">V\u00e4sterort Church in V\u00e4llingby: <em>A mass in the suburb<\/em> with&nbsp;the Mass Orchestra<\/td>\n<\/tr>\n<tr style=\"height: 24px;\">\n<td style=\"height: 24px;\"><strong>11\/6<\/strong><\/td>\n<td style=\"height: 24px;\">Culture House City Theatre, Stockholm:&nbsp;<em>A tribute to Benny<\/em>, tribute concert for Benny Fredriksson<\/td>\n<\/tr>\n<tr style=\"height: 24px;\">\n<td style=\"height: 24px;\"><strong>16\/6<\/strong><\/td>\n<td style=\"height: 24px;\">N\u00e4s\u00e5ker venue: <em>An evening in June, down by the riverside<\/em>, with Jacke Sj\u00f6din, Maria Lundberg, Klas Norberg, Anna Fahlstedt &amp; Holmsten Trio<\/td>\n<\/tr>\n<tr style=\"height: 24px;\">\n<td style=\"height: 24px;\"><strong>6\/7<\/strong><\/td>\n<td style=\"height: 24px;\"><em>Dalhalla:&nbsp;10th Anniversary<\/em> with Malena Ernman, Sarah Dawn Finer &amp; Nisse Landgren<\/td>\n<\/tr>\n<tr style=\"height: 48px;\">\n<td style=\"height: 48px;\"><strong>7\/7<\/strong><\/td>\n<td style=\"height: 48px;\"><em>Dalhalla:&nbsp;10th Anniversary<\/em> with Malena Ernman, Sarah Dawn Finer &amp; Nisse Landgren<\/td>\n<\/tr>\n<tr style=\"height: 48px;\">\n<td style=\"height: 48px;\"><strong>8\/7<\/strong><\/td>\n<td style=\"height: 48px;\"><em>Dalhalla:&nbsp;10th Anniversary<\/em> with Malena Ernman, Sarah Dawn Finer &amp; Nisse Landgren<\/td>\n<\/tr>\n<tr style=\"height: 48px;\">\n<td style=\"height: 48px;\"><strong>19\/8<\/strong><\/td>\n<td style=\"height: 48px;\">Skule Nature Stage; Concert with Magnus Carlson and Nordic&nbsp;Chamber Orchestra<\/td>\n<\/tr>\n<tr style=\"height: 24px;\">\n<td style=\"height: 24px;\"><strong>7\/9<\/strong><\/td>\n<td style=\"height: 24px;\">Nytorget 4: Concert and pop-up lunch for the climate<\/td>\n<\/tr>\n<tr style=\"height: 24px;\">\n<td style=\"height: 24px;\"><strong>25\/11<\/strong><\/td>\n<td style=\"height: 24px;\">Stockholm Concert Hall:&nbsp;The Mounted Main Guard\u2019s Concert<\/td>\n<\/tr>\n<tr style=\"height: 48px;\">\n<td style=\"height: 48px;\"><strong>6\/12<\/strong><\/td>\n<td style=\"height: 48px;\">Hjalmar Bergman Theatre, \u00d6rebro: <em>December \u2013 Songs in the wintertime<\/em><br \/>\n(part of a tour)<\/td>\n<\/tr>\n<tr style=\"height: 24px;\">\n<td style=\"height: 24px;\"><strong>7\/12<\/strong><\/td>\n<td style=\"height: 24px;\">Culture House, Ytterj\u00e4rna: <em>December \u2013 Songs in the wintertime<\/em><br \/>\n(part of a tour)<\/td>\n<\/tr>\n<tr style=\"height: 48px;\">\n<td style=\"height: 48px;\"><strong>8\/12<\/strong><\/td>\n<td style=\"height: 48px;\">Oscar Fredrik Church, Gothenburg: <em>December \u2013 Songs in the wintertime<\/em><br \/>\n(part of a tour)<\/td>\n<\/tr>\n<tr style=\"height: 24px;\">\n<td style=\"height: 24px;\"><strong>9\/12<\/strong><\/td>\n<td style=\"height: 24px;\">Vara Concert House, Vara: <em>December \u2013 Songs in the wintertime<\/em><br \/>\n(part of a tour)<\/td>\n<\/tr>\n<tr style=\"height: 24px;\">\n<td style=\"height: 24px;\"><strong>13\/12<\/strong><\/td>\n<td style=\"height: 24px;\">Tonhallen, Sundsvall: <em>December \u2013 Songs in the wintertime<\/em><br \/>\n(part of a tour)<\/td>\n<\/tr>\n<tr style=\"height: 48px;\">\n<td style=\"height: 48px;\"><strong>14\/12<\/strong><\/td>\n<td style=\"height: 48px;\">University Auditorium, Uppsala: <em>December \u2013 Songs in the wintertime<\/em><br \/>\n(part of a tour)<\/td>\n<\/tr>\n<tr style=\"height: 48px;\">\n<td style=\"height: 48px;\"><strong>15\/12<\/strong><\/td>\n<td style=\"height: 48px;\">Cassels Concert House, Gr\u00e4ngesberg: <em>December \u2013 Songs in the wintertime<\/em>&nbsp;(part of a tour)<\/td>\n<\/tr>\n<tr style=\"height: 48px;\">\n<td style=\"height: 48px;\"><strong>17\/12<\/strong><\/td>\n<td style=\"height: 48px;\">Filadelfia Church, Stockholm: <em>December \u2013 Songs in the wintertime<\/em><br \/>\n(part of a tour)<\/td>\n<\/tr>\n<tr style=\"height: 48px;\">\n<td style=\"height: 48px;\"><strong>18\/12<\/strong><\/td>\n<td style=\"height: 48px;\">Citizens House, S\u00e4ffle: <em>December \u2013 Songs in the wintertime<\/em><br \/>\n(part of a tour)<\/td>\n<\/tr>\n<tr style=\"height: 48px;\">\n<td style=\"height: 48px;\"><strong>19\/12<\/strong><\/td>\n<td style=\"height: 48px;\">Karlstad Cathedral: <em>December \u2013 Songs in the wintertime<\/em><br \/>\n(part of a tour)<\/td>\n<\/tr>\n<tr style=\"height: 137px;\">\n<td style=\"height: 137px;\" colspan=\"2\">\n<hr>\n<h2 align=\"center\">2017<\/h2>\n<hr>\n<\/td>\n<\/tr>\n<tr style=\"height: 48px;\">\n<td style=\"height: 48px;\"><strong>17\/6&nbsp;<\/strong><\/td>\n<td style=\"height: 48px;\">Ullevi, Gothenburg: <em>I Love Musicals Allstars<\/em> with Peter J\u00f6back&nbsp;&amp; Tommy K\u00f6rberg<\/td>\n<\/tr>\n<tr style=\"height: 24px;\">\n<td style=\"height: 24px;\"><strong>7\/7&nbsp;<\/strong><\/td>\n<td style=\"height: 24px;\">Dalhalla: Concert with Malena Ernman&nbsp;<\/td>\n<\/tr>\n<tr style=\"height: 24px;\">\n<td style=\"height: 24px;\"><strong>8\/7&nbsp;<\/strong><\/td>\n<td style=\"height: 24px;\">Dalhalla: Concert with Malena Ernman&nbsp;&nbsp;<\/td>\n<\/tr>\n<tr style=\"height: 24px;\">\n<td style=\"height: 24px;\"><strong>9\/7<\/strong><\/td>\n<td style=\"height: 24px;\">Dalhalla: Concert with Malena Ernman&nbsp;&nbsp;<\/td>\n<\/tr>\n<tr style=\"height: 48px;\">\n<td style=\"height: 48px;\"><strong>27\/7&nbsp;<\/strong><\/td>\n<td style=\"height: 48px;\">Uppsala, Parksn\u00e4ckan: <em>A late summer evening<\/em> with Tomas Andersson Wij<br \/>\n(part of a tour)<\/td>\n<\/tr>\n<tr style=\"height: 48px;\">\n<td style=\"height: 48px;\"><strong>28\/7&nbsp;<\/strong><\/td>\n<td style=\"height: 48px;\">Stockholm, Mosebacke: <em>A late summer evening<\/em> with Tomas Andersson Wij<br \/>\n(part of a tour)<\/td>\n<\/tr>\n<tr style=\"height: 48px;\">\n<td style=\"height: 48px;\"><strong>30\/7&nbsp;<\/strong><\/td>\n<td style=\"height: 48px;\">Helsingborg, P\u00e5lsj\u00f6 Mat &amp; Bar: <em>A late summer evening<\/em> with Tomas Andersson Wij (part of a tour)<\/td>\n<\/tr>\n<tr style=\"height: 48px;\">\n<td style=\"height: 48px;\"><strong>31\/7&nbsp;<\/strong><\/td>\n<td style=\"height: 48px;\">Kalmar, Krusenstierska G\u00e5rden: <em>A late summer evening<\/em> with Tomas Andersson Wij (part of a tour)<\/td>\n<\/tr>\n<tr style=\"height: 24px;\">\n<td style=\"height: 24px;\"><strong>15\/8&nbsp;<\/strong><\/td>\n<td style=\"height: 24px;\">Stockholm, Solliden: <em>Alls\u00e5ng p\u00e5 Skansen<\/em> with Malena Ernman&nbsp;<\/td>\n<\/tr>\n<tr style=\"height: 48px;\">\n<td style=\"height: 48px;\"><strong>12\/9&nbsp;<\/strong><\/td>\n<td style=\"height: 48px;\">Stockholm, G\u00f6ta Lejon: <em>Trees and Love \u2013 a hopeful concert for the climate<\/em>,<br \/>\nin favor of The Vi-forest<\/td>\n<\/tr>\n<tr style=\"height: 48px;\">\n<td style=\"height: 48px;\"><strong>28\/10&nbsp;<\/strong><\/td>\n<td style=\"height: 48px;\">Norrk\u00f6ping, Louis De Geer:&nbsp;<em>Helen, Andreas &amp; Jacke!<\/em> Concert with Andreas Nilsson, Jacke Sj\u00f6din and&nbsp;Norrk\u00f6ping Symphony Orchestra<\/td>\n<\/tr>\n<tr style=\"height: 24px;\">\n<td style=\"height: 24px;\"><strong>17\/11&nbsp;<\/strong><\/td>\n<td style=\"height: 24px;\">Stockholm, Kulturhuset: <em>Nisse Landgren\u2019s Corner<\/em><\/td>\n<\/tr>\n<tr style=\"height: 48px;\">\n<td style=\"height: 48px;\"><b>22-25\/11<\/b><\/td>\n<td style=\"height: 48px;\">Wasa Theatre, Vasa: <em>Vinterklang<\/em> with&nbsp;&nbsp;Anna-Maria Hallgarn, Markus Lytts&nbsp;&amp;&nbsp;Maria Udd<\/td>\n<\/tr>\n<tr style=\"height: 24px;\">\n<td style=\"height: 24px;\"><b>9-10\/12<\/b><\/td>\n<td style=\"height: 24px;\">Uppsala, University assembly hall: <em>Caprice \u2013 OD with guests<\/em><\/td>\n<\/tr>\n<tr style=\"height: 137px;\">\n<td style=\"height: 137px;\" colspan=\"2\">\n<hr>\n<h2 align=\"center\">2016<\/h2>\n<hr>\n<\/td>\n<\/tr>\n<tr style=\"height: 24px;\">\n<td style=\"width: 80px; height: 24px;\"><strong>12\/3<\/strong><\/td>\n<td style=\"height: 24px;\">Hullsta G\u00e5rd, \u00c5ngermanland: Gala Concert with Jacke Sj\u00f6din<\/td>\n<\/tr>\n<tr style=\"height: 24px;\">\n<td style=\"height: 24px;\"><strong>17\/3<\/strong><\/td>\n<td style=\"height: 24px;\">Berwaldhallen, Stockholm: <em>Swedish Stars<\/em> with Magnus Carlson<\/td>\n<\/tr>\n<tr style=\"height: 24px;\">\n<td class=\"style1\" style=\"height: 24px;\"><strong>18\/3<\/strong><\/td>\n<td class=\"style2\" style=\"height: 24px;\">Berwaldhallen, Stockholm: <em>Swedish Stars<\/em> with Magnus Carlson<\/td>\n<\/tr>\n<tr style=\"height: 24px;\">\n<td class=\"style1\" style=\"height: 24px;\"><strong>19\/3<\/strong><\/td>\n<td class=\"style2\" style=\"height: 24px;\">Berwaldhallen, Stockholm: <em>Swedish Stars<\/em> with Magnus Carlson<\/td>\n<\/tr>\n<tr style=\"height: 48px;\">\n<td class=\"style1\" style=\"height: 48px;\"><strong>19\/4<\/strong><\/td>\n<td class=\"style2\" style=\"height: 48px;\">S\u00f6dra Teatern, Stockholm: Secret guest artist at the vocal group Solala\u2019s concert<\/td>\n<\/tr>\n<tr style=\"height: 48px;\">\n<td class=\"style1\" style=\"height: 48px;\"><strong>20\/4<\/strong><\/td>\n<td class=\"style2\" style=\"height: 48px;\">S\u00f6dra Teatern, Stockholm: Secret guest artist at the vocal group Solala\u2019s Concert<\/td>\n<\/tr>\n<tr style=\"height: 24px;\">\n<td class=\"style1\" style=\"height: 24px;\"><strong>28\/6<\/strong><\/td>\n<td class=\"style2\" style=\"height: 24px;\"><em>Alls\u00e5ng p\u00e5 Skansen<\/em>: BAO<\/td>\n<\/tr>\n<tr style=\"height: 24px;\">\n<td class=\"style1\" style=\"height: 24px;\"><strong>21\/7<\/strong><\/td>\n<td class=\"style2\" style=\"height: 24px;\">Horticultural Society, Gothenburg: BAO (part of a tour)<\/td>\n<\/tr>\n<tr style=\"height: 24px;\">\n<td class=\"style1\" style=\"height: 24px;\"><strong>22\/7<\/strong><\/td>\n<td class=\"style2\" style=\"height: 24px;\">Sofiero Castle, Helsingborg: BAO (part of a tour)<\/td>\n<\/tr>\n<tr style=\"height: 24px;\">\n<td class=\"style1\" style=\"height: 24px;\"><strong>23\/7<\/strong><\/td>\n<td class=\"style2\" style=\"height: 24px;\">Kalmar, R\u00e4vspelet: BAO (part of a tour)<\/td>\n<\/tr>\n<tr style=\"height: 24px;\">\n<td class=\"style1\" style=\"height: 24px;\"><strong>24\/7<\/strong><\/td>\n<td class=\"style2\" style=\"height: 24px;\">Link\u00f6ping, St\u00e5ngebrof\u00e4ltet: BAO (part of a tour)<\/td>\n<\/tr>\n<tr style=\"height: 24px;\">\n<td class=\"style1\" style=\"height: 24px;\"><strong>27\/7<\/strong><\/td>\n<td class=\"style2\" style=\"height: 24px;\">Leksand, Sammilsdalsgropen: BAO (part of a tour)<\/td>\n<\/tr>\n<tr style=\"height: 24px;\">\n<td class=\"style1\" style=\"height: 24px;\"><strong>28\/7<\/strong><\/td>\n<td class=\"style2\" style=\"height: 24px;\">Uppsala, Vaksala Square: BAO (part of a tour)<\/td>\n<\/tr>\n<tr style=\"height: 24px;\">\n<td class=\"style1\" style=\"height: 24px;\"><strong>29\/7<\/strong><\/td>\n<td class=\"style2\" style=\"height: 24px;\">Trosa, Hamnplan: BAO (part of a tour)<\/td>\n<\/tr>\n<tr style=\"height: 24px;\">\n<td class=\"style1\" style=\"height: 24px;\"><strong>30\/7<\/strong><\/td>\n<td class=\"style2\" style=\"height: 24px;\">Solliden, Skansen, Stockholm: BAO (part of a tour)<\/td>\n<\/tr>\n<tr style=\"height: 24px;\">\n<td class=\"style1\" style=\"height: 24px;\"><strong>9\/10<\/strong><\/td>\n<td class=\"style2\" style=\"height: 24px;\">Stockholm, G\u00f6talejon: <em>Trees and Love \u2013 a hopeful concert for the climate<\/em><\/td>\n<\/tr>\n<tr style=\"height: 48px;\">\n<td class=\"style1\" style=\"height: 48px;\"><strong>17\/12<\/strong><\/td>\n<td class=\"style2\" style=\"height: 48px;\">Sundsvall, Gustav Adolf\u2019s Church: <em>Julton 50 years<\/em> with Sundsvall Chamber Choir and the KFUM choir, led by Kjell L\u00f6nn\u00e5<\/td>\n<\/tr>\n<tr style=\"height: 48px;\">\n<td class=\"style1\" style=\"height: 48px;\"><strong>18\/12<\/strong><\/td>\n<td class=\"style2\" style=\"height: 48px;\">Sundsvall, Gustav Adolf\u2019s Church: <em>Julton 50 years<\/em> with Sundsvall Chamber Choir and the KFUM choir, led by Kjell L\u00f6nn\u00e5<\/td>\n<\/tr>\n<\/tbody>\n<\/table>\n<p>&nbsp;<\/p>\n","protected":false},"excerpt":{"rendered":"<p>2020 16\/5 Stockholm, Vasa Theater: KaranTon Live, a support concert for the sound and lighting industry with a total of 15 artists 28\/5 Stockholm, Theater <a class=\"more-link\" href=\"https:\/\/helensjoholm.nu\/_eng\/2016-and-forward\/\">Read More &#8230;<\/a><\/p>\n","protected":false},"author":1,"featured_media":0,"parent":0,"menu_order":0,"comment_status":"closed","ping_status":"closed","template":"","meta":{"ngg_post_thumbnail":0,"footnotes":""},"class_list":["post-6514","page","type-page","status-publish","hentry"],"aioseo_notices":[],"_links":{"self":[{"href":"https:\/\/helensjoholm.nu\/_eng\/wp-json\/wp\/v2\/pages\/6514","targetHints":{"allow":["GET"]}}],"collection":[{"href":"https:\/\/helensjoholm.nu\/_eng\/wp-json\/wp\/v2\/pages"}],"about":[{"href":"https:\/\/helensjoholm.nu\/_eng\/wp-json\/wp\/v2\/types\/page"}],"author":[{"embeddable":true,"href":"https:\/\/helensjoholm.nu\/_eng\/wp-json\/wp\/v2\/users\/1"}],"replies":[{"embeddable":true,"href":"https:\/\/helensjoholm.nu\/_eng\/wp-json\/wp\/v2\/comments?post=6514"}],"version-history":[{"count":1,"href":"https:\/\/helensjoholm.nu\/_eng\/wp-json\/wp\/v2\/pages\/6514\/revisions"}],"predecessor-version":[{"id":15270,"href":"https:\/\/helensjoholm.nu\/_eng\/wp-json\/wp\/v2\/pages\/6514\/revisions\/15270"}],"wp:attachment":[{"href":"https:\/\/helensjoholm.nu\/_eng\/wp-json\/wp\/v2\/media?parent=6514"}],"curies":[{"name":"wp","href":"https:\/\/api.w.org\/{rel}","templated":true}]}}