{"id":6412,"date":"2016-02-08T22:18:51","date_gmt":"2016-02-08T20:18:51","guid":{"rendered":"http:\/\/helensjoholm.nu\/_eng\/?page_id=6412"},"modified":"2023-06-05T10:19:11","modified_gmt":"2023-06-05T08:19:11","slug":"livet-ar-en-schlager","status":"publish","type":"page","link":"https:\/\/helensjoholm.nu\/_eng\/livet-ar-en-schlager\/","title":{"rendered":"Life is a Schlager"},"content":{"rendered":"<div style=\"width: 560px\" class=\"wp-caption alignnone\"><img loading=\"lazy\" decoding=\"async\" title=\"Foto och \u00a9 Mats B\u00e4cker\" src=\"http:\/\/helensjoholm.nu\/wp-content\/gallery\/biografi\/laes-ov-550.jpg\" alt=\"\" width=\"550\" height=\"367\"><p class=\"wp-caption-text\">Photo and \u00a9 Mats B\u00e4cker<\/p><\/div>\n<p><strong>From September 11, 2014<\/strong> to May 30, 2015 Helen played the lead role as hit song crazy Mona Berglund in <em>Life is a Schlager \u00e4r en schlager<\/em> at Cirkus in Stockholm. The musical, based on the story from the movie by the same name, had a newly written screenplay by Jonas Gardell and new music by Fredrik Kempe. Jonas Gardell had also written the lyrics and directed the show.<\/p>\n<div style=\"width: 310px\" class=\"wp-caption alignright\"><img loading=\"lazy\" decoding=\"async\" title=\"Foto och \u00a9 Mats B\u00e4cker\" src=\"http:\/\/helensjoholm.nu\/wp-content\/gallery\/biografi\/GP-140909-300.jpg\" alt=\"\" width=\"300\" height=\"200\"><p class=\"wp-caption-text\">Photo and \u00a9 Mats B\u00e4cker<\/p><\/div>\n<p>Mona\u2019s husband Bosse was played by Johan Glans, her brother Candy Darling by Peter J\u00f6back and David with cerebral palsy by Jonas Helgesson. In the other roles M\u00e5ns M\u00f6ller \/ Mats Bergman, Katarina Ewerl\u00f6f, My Holmsten, Frida Westerdahl and others could be seen.<\/p>\n<p><em>Life is a Schlager<\/em>&nbsp;is the story of the hit song crazy Mona Berglund and her husband Bosse, her brother, the transgender Candy Darling and the guy she works for, David who has cerebral palsy. People as common as one can be when they\u2019ve named their daughters Carola, Kicki, Lena Ph and Anna Book. They live their lives in Skarpn\u00e4ck with dreams that they have to squeeze in between kindergarten drop offs, grocery shopping, and everyday trot.<\/p>\n<p>Until Mona happens to hear a song that David has written and secretly sends it to try for the Swedish Eurovision Song Contest &#8211; and is chosen for the grand finale. Almost overnight she becomes the new pop star, loved, much discussed and gossiped about. There is really only one problem. She has not told anyone that she has not written the song, and if that is revealed she risks losing everything she has gotten.<\/p>\n<p><em>Life is a Schlager<\/em>&nbsp;is a funny, touching and bewildering tale about solidarity, about the desire to be something more than the naked eye can see &#8211; and of course the dream of a key raise and a goddamn chorus!<\/p>\n<p>Overall the almost 150 performances were seen by 155 000 guests. Reviewers praised above all, Helen and Peter J\u00f6back for their efforts with praise as \u201csovereign vocal efforts\u201d, \u201camong the most beautiful thing you can hear on a musical scene\u201d and a \u201cstraight through magical Helen Sj\u00f6holm\u201d (Kulturnytt, Dagens Nyheter and nummer.se).<\/p>\n<p><strong>In January 2015<\/strong> the music was released on CD.<\/p>\n<div style=\"width: 393px\" class=\"wp-caption alignnone\"><img loading=\"lazy\" decoding=\"async\" title=\"Foto och \u00a9 Mats B\u00e4cker\" src=\"http:\/\/helensjoholm.nu\/wp-content\/gallery\/biografi\/laes-ned-400.jpg\" alt=\"\" width=\"383\" height=\"400\"><p class=\"wp-caption-text\">Photo and \u00a9 Mats B\u00e4cker<\/p><\/div>\n","protected":false},"excerpt":{"rendered":"<p>From September 11, 2014 to May 30, 2015 Helen played the lead role as hit song crazy Mona Berglund in Life is a Schlager \u00e4r <a class=\"more-link\" href=\"https:\/\/helensjoholm.nu\/_eng\/livet-ar-en-schlager\/\">Read More &#8230;<\/a><\/p>\n","protected":false},"author":1,"featured_media":0,"parent":0,"menu_order":0,"comment_status":"closed","ping_status":"closed","template":"","meta":{"ngg_post_thumbnail":0,"footnotes":""},"class_list":["post-6412","page","type-page","status-publish","hentry"],"aioseo_notices":[],"_links":{"self":[{"href":"https:\/\/helensjoholm.nu\/_eng\/wp-json\/wp\/v2\/pages\/6412","targetHints":{"allow":["GET"]}}],"collection":[{"href":"https:\/\/helensjoholm.nu\/_eng\/wp-json\/wp\/v2\/pages"}],"about":[{"href":"https:\/\/helensjoholm.nu\/_eng\/wp-json\/wp\/v2\/types\/page"}],"author":[{"embeddable":true,"href":"https:\/\/helensjoholm.nu\/_eng\/wp-json\/wp\/v2\/users\/1"}],"replies":[{"embeddable":true,"href":"https:\/\/helensjoholm.nu\/_eng\/wp-json\/wp\/v2\/comments?post=6412"}],"version-history":[{"count":0,"href":"https:\/\/helensjoholm.nu\/_eng\/wp-json\/wp\/v2\/pages\/6412\/revisions"}],"wp:attachment":[{"href":"https:\/\/helensjoholm.nu\/_eng\/wp-json\/wp\/v2\/media?parent=6412"}],"curies":[{"name":"wp","href":"https:\/\/api.w.org\/{rel}","templated":true}]}}