{"id":64,"date":"2013-02-03T21:05:54","date_gmt":"2013-02-03T19:05:54","guid":{"rendered":"http:\/\/helensjoholm.nu\/_eng\/?page_id=64"},"modified":"2022-01-12T20:54:57","modified_gmt":"2022-01-12T18:54:57","slug":"years-2006-2010","status":"publish","type":"page","link":"https:\/\/helensjoholm.nu\/_eng\/years-2006-2010\/","title":{"rendered":"Years 2006-2010"},"content":{"rendered":"<div style=\"width: 279px\" class=\"wp-caption alignleft\"><img loading=\"lazy\" decoding=\"async\" title=\"Photo &amp; \u00a9 Caroline Roosmark\" src=\"https:\/\/helensjoholm.nu\/_eng\/wp-content\/gallery\/biografi\/helen_sjoholm.jpg\" alt=\"Photo &amp; \u00a9 Caroline Roosmark\" width=\"269\" height=\"403\"><p class=\"wp-caption-text\">Photo &amp; \u00a9 Caroline Roosmark<\/p><\/div>\n<p><strong>In the spring of 2006<\/strong> BAO played in the Swedish settlements in the USA. The live album <em>BAO p\u00e5 turn\u00e9<\/em>, recorded in \u00d6rebro and Leksand during the previous year\u2019s tour was released in May. A release gig was held at hotel Rival on May 15.<\/p>\n<p>During the summer Helen, Martin and Jojje did another short tour, and on August 11 Helen was one of the hosts of Swedish Radio P1\u2019s annual summer programme. In the middle of October Helen together with Myrra Malmberg and pianist Peter Nordahl premiered their tour <em>Bit f\u00f6r bit<\/em>, arranged under the auspices of Riksteatern. They had played the show for the first time in 2003, together with Malm\u00f6 Opera Orchestra at the Malm\u00f6 Music Theatre.<br \/>\nIn December Helen and Fredrik Lycke gave a number of sold-out Christmas concerts together with Maria Magdalena Motettk\u00f6r and five muscians, led by Martin \u00d6stergren.<\/p>\n<p><strong>In 2006<\/strong> Helen gave voice to Maggie in the animated movie about Curious George, and in 2007 we could hear her in the Danish Advent Calendar called <em>Jesus &amp; Josefine<\/em>, then dubbed and broadcasted in a Swedish version.<\/p>\n<p><em>Bit f\u00f6r bit<\/em> ended in the beginning of March 2007. After that Helen once again appeared at Stockholm\u2019s City Theatre, where she, Martin \u00d6stergren and other muscians offered the variety show <em>I stunden<\/em> at Klara Soppteater.<\/p>\n<p><strong>In the summer of 2007<\/strong> Helen and husband David\u2019s son Ruben was born, and with the exception of two BAO concerts in the autumn, in Globen and Scandinavium, Helen was on maternity leave until April 2008, when <em>I Stunden<\/em> at Klara Soppteater was resumed.<\/p>\n<p><strong>In the autumn of 2008<\/strong> Helen took on the role of Eliza Doolittle in <a href=\"https:\/\/helensjoholm.nu\/_eng\/my-fair-lady\/\"><em>My Fair Lady<\/em><\/a><a href=\"http:\/\/helensjoholm.nu\/helen2\/html\/ver2\/biografi\/myfairlady_eng.htm\" target=\"cwindow\" rel=\"noopener noreferrer\">,<\/a>&nbsp;which premiered on September 12 at the Oscar Theatre in Stockholm. The show played until December 19, 2009. The part of Eliza earned Helen the second Gold Mask of her career. During the spring she was also awarded the Lund Student Singers Association\u2019s soloist award, motivated with the following: \u201c&#8230;who thanks to her personal warmth and artistic insight into her widely appreciated artistry has won everybody\u2019s hearts.\u201d<\/p>\n<p>In 2008 we could also hear Helen as the earthworm Doris in the animated movie <em>Disco-daggarna<\/em> <a href=\"http:\/\/www.svenskfilmdatabas.se\/sv\/item\/?type=film&amp;itemid=67397\" target=\"_blank\" rel=\"noopener noreferrer\">(<em>Sunshine Barry &amp; the Disco Worms<\/em>)<\/a>&nbsp;and the following year she once more gave voice to Maggie, now in the second movie about <em>Nicke Nyfiken 2: Apa p\u00e5 rymmen!<\/em>&nbsp;<a href=\"http:\/\/www.svenskfilmdatabas.se\/sv\/item\/?type=film&amp;itemid=68257\" target=\"_blank\" rel=\"noopener noreferrer\">(<em>Curious George 2: Follow That Monkey!<\/em>)<\/a><\/p>\n<p><img loading=\"lazy\" decoding=\"async\" class=\"alignright size-full wp-image-65\" src=\"https:\/\/helensjoholm.nu\/_eng\/wp-content\/uploads\/2013\/02\/2006_2010_1.jpg\" alt=\"2006_2010_1\" width=\"170\" height=\"170\" srcset=\"https:\/\/helensjoholm.nu\/_eng\/wp-content\/uploads\/2013\/02\/2006_2010_1.jpg 170w, https:\/\/helensjoholm.nu\/_eng\/wp-content\/uploads\/2013\/02\/2006_2010_1-150x150.jpg 150w, https:\/\/helensjoholm.nu\/_eng\/wp-content\/uploads\/2013\/02\/2006_2010_1-100x100.jpg 100w, https:\/\/helensjoholm.nu\/_eng\/wp-content\/uploads\/2013\/02\/2006_2010_1-40x40.jpg 40w, https:\/\/helensjoholm.nu\/_eng\/wp-content\/uploads\/2013\/02\/2006_2010_1-125x125.jpg 125w, https:\/\/helensjoholm.nu\/_eng\/wp-content\/uploads\/2013\/02\/2006_2010_1-80x80.jpg 80w, https:\/\/helensjoholm.nu\/_eng\/wp-content\/uploads\/2013\/02\/2006_2010_1-90x90.jpg 90w, https:\/\/helensjoholm.nu\/_eng\/wp-content\/uploads\/2013\/02\/2006_2010_1-48x48.jpg 48w\" sizes=\"auto, (max-width: 170px) 100vw, 170px\" \/><strong>2009<\/strong> was a very internationally successful year for Helen. On June 24 the new BAO, now called BAB (Benny Andersson\u2019s Band), album <a title=\"Story Of A Heart\" href=\"https:\/\/helensjoholm.nu\/_eng\/2006-2010\/story-of-a-heart\/\"><em>Story of a heart<\/em><\/a> was released and around the same time BAO kicked off their summer tour. Among other concerts they gave a highly acclaimed performance at Hampstead Heath in London on July 4. The Swedish version of the title track <em>Story of a heart<\/em>; <em>Sommaren du fick<\/em>, was released as a single in early June. Helen also did a few solo concerts later this summer. Helen also did a few concerts with Martin and Jojje later this summer.<\/p>\n<p>On September 23rd and 24th an English concert version of <em>Kristina fr\u00e5n Duvem\u00e5la<\/em><a href=\"http:\/\/helensjoholm.nu\/helen2\/html\/ver2\/biografi\/duvemala_eng.htm\">,<\/a> now called <a href=\"https:\/\/helensjoholm.nu\/_eng\/2006-2010\/kristina-at-carnegie-hall\/\"><em>Kristina At Carnegie Hall<\/em><\/a>, was performed in New York. Helen was the only Swedish artist in the ensemble and she sang her title role with great success. On April 14, 2010 she once again sang the part of Kristina in an English concert version, this time at the Royal Albert Hall in London.<\/p>\n<p><strong>In the spring of 2010<\/strong> Helen shot the movie <em>Simon och ekarna<\/em>&nbsp;<a href=\"http:\/\/www.svenskfilmdatabas.se\/sv\/item\/?type=film&amp;itemid=67124\" target=\"_blank\" rel=\"noopener noreferrer\">(<em>Simon and the Oaks<\/em>),<\/a>&nbsp;based on a novel by Marianne Fredriksson. The movie, where Helen plays Simon\u2019s mother Karin, is directed by Lisa Ohlin and will premiere on December 9 2011. That spring Helen also took part in several concerts dedicated to Stephen Sondheim, who turned 80.<\/p>\n<p>In late May and early June she participated in <em>En touch av Taube<\/em> at the Gothenburg Opera and on June 18 she performed during the Parliamentary gala at the Concert Hall in Stockholm, held in honor of the crown princess wedding.<\/p>\n<p>In the autumn when Stockholm City Theatre celebrated its 50 year annivesary, Helen had the role of the blind Poetissan in the play <a href=\"https:\/\/helensjoholm.nu\/_eng\/more-music-theater\/\"><em>Aniara<\/em><\/a>, directed by Lars Rudolfsson.<\/p>\n<p>November 17 she released her second solo album; <a title=\"Euforia \u2013 Helen Sj\u00f6holm sjunger Billy Joel\" href=\"https:\/\/helensjoholm.nu\/_eng\/2006-2010\/euforia-helen-sjoholm-sjunger-billy-joel\/\"><em>Euforia &#8211; Helen Sj\u00f6holm sjunger Billy Joel<\/em><\/a>.<\/p>\n<p>\u201cAn enjoyable selection, sensitively interpreted by Tomas Andersson Wij &#8230; Interesting hand-picked rarities, but also convincing versions of evergreens Piano man (Barpianisten) and She&#8217;s always a woman (Kvinnan f\u00f6r dig)\u201d<br \/>\n<em>Jens Peterson, Aftonbladet<\/em><\/p>\n<p>\u201cIn several cases her interpretations exceed the originals, she has as previously known a unique talent to make every single word feel credible\u201d<br \/>\n<em>Corren<\/em><\/p>\n<p>\u201cIt\u2019s hard not to be dazzled by Helen Sj\u00f6holm\u2019s crystal clear voice and brilliant vocal technique\u201d<br \/>\n<em>Ralph Bretzer, Norra Sk\u00e5ne<\/em><\/p>\n<p>\u201cHelen Sj\u00f6holm\u2019s wonderful voice and her superb sense of drama lifts her interpretation of Billy Joel\u2019s songs to great heights\u201d<br \/>\n<em>Bj\u00f6rn Stenberg, Uppsala Nya Tidning<\/em><\/p>\n<p>At the end of the year, Helen was awarded the Expressen music prize The Fiddler of 2010.<\/p>\n<p style=\"text-align: center;\"><a href=\"https:\/\/helensjoholm.nu\/_eng\/wp-content\/uploads\/2013\/02\/2006_2010_2.jpg\"><img loading=\"lazy\" decoding=\"async\" class=\"aligncenter size-full wp-image-66\" title=\"Recording of Euforia. Press photo\" src=\"https:\/\/helensjoholm.nu\/_eng\/wp-content\/uploads\/2013\/02\/2006_2010_2.jpg\" alt=\"Recording of Euforia. Press photo\" width=\"548\" height=\"310\" srcset=\"https:\/\/helensjoholm.nu\/_eng\/wp-content\/uploads\/2013\/02\/2006_2010_2.jpg 548w, https:\/\/helensjoholm.nu\/_eng\/wp-content\/uploads\/2013\/02\/2006_2010_2-350x197.jpg 350w, https:\/\/helensjoholm.nu\/_eng\/wp-content\/uploads\/2013\/02\/2006_2010_2-250x141.jpg 250w, https:\/\/helensjoholm.nu\/_eng\/wp-content\/uploads\/2013\/02\/2006_2010_2-125x70.jpg 125w\" sizes=\"auto, (max-width: 548px) 100vw, 548px\" \/><\/a><\/p>\n","protected":false},"excerpt":{"rendered":"<p>In the spring of 2006 BAO played in the Swedish settlements in the USA. The live album BAO p\u00e5 turn\u00e9, recorded in \u00d6rebro and Leksand <a class=\"more-link\" href=\"https:\/\/helensjoholm.nu\/_eng\/years-2006-2010\/\">Read More &#8230;<\/a><\/p>\n","protected":false},"author":1,"featured_media":0,"parent":0,"menu_order":0,"comment_status":"closed","ping_status":"open","template":"","meta":{"ngg_post_thumbnail":0,"footnotes":""},"class_list":["post-64","page","type-page","status-publish","hentry"],"aioseo_notices":[],"_links":{"self":[{"href":"https:\/\/helensjoholm.nu\/_eng\/wp-json\/wp\/v2\/pages\/64","targetHints":{"allow":["GET"]}}],"collection":[{"href":"https:\/\/helensjoholm.nu\/_eng\/wp-json\/wp\/v2\/pages"}],"about":[{"href":"https:\/\/helensjoholm.nu\/_eng\/wp-json\/wp\/v2\/types\/page"}],"author":[{"embeddable":true,"href":"https:\/\/helensjoholm.nu\/_eng\/wp-json\/wp\/v2\/users\/1"}],"replies":[{"embeddable":true,"href":"https:\/\/helensjoholm.nu\/_eng\/wp-json\/wp\/v2\/comments?post=64"}],"version-history":[{"count":0,"href":"https:\/\/helensjoholm.nu\/_eng\/wp-json\/wp\/v2\/pages\/64\/revisions"}],"wp:attachment":[{"href":"https:\/\/helensjoholm.nu\/_eng\/wp-json\/wp\/v2\/media?parent=64"}],"curies":[{"name":"wp","href":"https:\/\/api.w.org\/{rel}","templated":true}]}}