{"id":6109,"date":"2015-08-24T21:07:46","date_gmt":"2015-08-24T19:07:46","guid":{"rendered":"http:\/\/helensjoholm.nu\/_eng\/?page_id=6109"},"modified":"2022-03-15T15:54:57","modified_gmt":"2022-03-15T13:54:57","slug":"singing-is-my-therapy","status":"publish","type":"page","link":"https:\/\/helensjoholm.nu\/_eng\/press-clips\/interviews-2015\/singing-is-my-therapy\/","title":{"rendered":"&#8220;Singing is my therapy&#8221;"},"content":{"rendered":"<p><strong>Dagens Nyheter 150816<\/strong><br \/>\nBy: MATILDA GUSTAVSSON<\/p>\n<p><strong>As Kristina fr\u00e5n Duvem\u00e5la Helen Sj\u00f6holm has made a lot of people live the part of emigrant Swedes\u2019 lives. Today she performs at DN\u2019s big opening concert in the green, in front of the Maritime Museum. In a conversation with Matilda Gustavsson she talks about the popularity, politics &#8211; and about reluctantly bowing to her voice.<\/strong><\/p>\n<p>[&#8230;]<\/p>\n<p>&#8211; My expression was not a dream, not so much of a choice.<\/p>\n<p><strong><em>Like you bowed to your voice?<\/em><\/strong><\/p>\n<p>&#8211; One should never bow to the expectations of others, but partly for the art&#8230; Yes, now I say it: art for art\u2019s sake. I have a strong and kind of storytelling expression, although I have often wished that I could be cooler.<\/p>\n<p>[&#8230;]<\/p>\n<p>She grew up in Sundsvall, in a working class neighborhood, and used to sing in her father\u2019s sheet metal workshop in the evenings.<\/p>\n<p>&#8211; The echo among the plates was powerful and the voice bounced around by itself, almost detached from me. I\u2019ve always quite well enjoyed to be alone, not had best friends or been in the middle of a gang. And I\u2019m sensitive: take in vibes and can have a difficulty defending myself against them &#8211; so I clear myself through music. Singing is my therapy and that was how I handled being fourteen, being fifteen years old.<\/p>\n<p>[&#8230;]<\/p>\n<p>To find the musical\u2019s [Kristina fr\u00e5n Duvem\u00e5la] leads was a huge apparatus and auditions were conducted across the country with thousands of applicants. Helen Sj\u00f6holm proceeded \u2013 on and on.<\/p>\n<p>&#8211; I got a cassette tape with some songs to take home and towards the end I got to see parts of the script, that until the last moment was not complete. I remember so clearly an empty space in the manuscript paper where it just said \u201cKristina doubts God\u201d.<\/p>\n<p><strong><em>Which later became the song &#8220;Du m\u00e5ste finnas\u201d?<\/em><\/strong><\/p>\n<p>&#8211; Yes, that song. For me, for my voice, Kristina was a heavenly timing, such a lucky star.<\/p>\n<p>[&#8230;]<\/p>\n<p>Preparing for the role, when she tried to understand who Kristina was, she brought a lot of inspiration from her own grandmother Elsa.<\/p>\n<p>&#8211; She was from a village in the north in the old peasant society, unlike my father\u2019s mother who was a city girl. My maternal grandmother lived in the village until she died and her existence occurred in a small place. I used her motivations; the love of the earth where she was born, the natural confidence. For Kristina it was about God, my grandmother founded it in where she came from. But it was the same pride and it made her so strong, even if it also could express itself ugly. Stingy.<\/p>\n<p><strong>Just like with Kristina.<\/strong><\/p>\n<p>&#8211; Absolutely. In that strong identity is also the condemnation and fear against those who violate the norm. Like how Ulrika in V\u00e4sterg\u00f6l is seen as pariah. And in Kristina is the subservience of being poor. I remember how my proud grandmother could suddenly back away. She became apologetic and self-effacing when someone from the town appeared, someone \u201cclassier\u201d.<\/p>\n<p>[&#8230;]<\/p>\n<p><strong><em>How did you feel when Kristina was over?<\/em><\/strong><\/p>\n<p>&#8211; Awful. A feeling that everything was over. How could I go on after this? At the same time I found my way back to my earlier position that it wasn\u2019t the end of the world. I\u2019m not an artist to my fingertips, only when I\u2019m on stage. Otherwise I\u2019m a mother &#8211; but I would not be a good mother if I didn\u2019t work as well.<\/p>\n<p>[&#8230;]<\/p>\n<p>The film [S\u00e5 som i himmelen] was seen by over a million Swedes at the cinema and \u201cGabriellas s\u00e5ng\u201d was on the Swedish charts for sixtyeight weeks.<\/p>\n<p>&#8211; I love that song, I mean it every time. It\u2019s carried by the collective being able to strengthen the individual person, that you can gain the strength to break patterns. \u201cGabriellas s\u00e5ng\u201d means different things to different people. Some have said that it was important to get out of a depression, or made them dare to change jobs.<\/p>\n<p>[&#8230;]<\/p>\n<p><strong><em>Isn\u2019t there something political beneath the surface of all of your major roles?<\/em><\/strong><\/p>\n<p>&#8211; Well, in a way. In Kristina, of course. And throughout the spring I have every night been singing the chorus \u201cAlone is not strong, alone is so weak &#8211; so if not you, then not me\u201d, she says about the musical \u201cLivet \u00e4r en schlager\u201d which played to sold-out houses.<\/p>\n<p>&#8211; That, if something, is political, and my deepest belief. That line is important, and I can recognize the feeling from when I sang Wiehe at the ABF-meetings as a fourteen year old. There is probably a connection there.<\/p>\n<p>[&#8230;]<\/p>\n<p><em>(Due to copyright reasons the entire interview cannot be reproduced)<\/em><\/p>\n<p><a href=\"https:\/\/helensjoholm.nu\/_eng\/interviews-2015\/\">Back<\/a><\/p>\n","protected":false},"excerpt":{"rendered":"<p>Dagens Nyheter 150816 By: MATILDA GUSTAVSSON As Kristina fr\u00e5n Duvem\u00e5la Helen Sj\u00f6holm has made a lot of people live the part of emigrant Swedes\u2019 lives. <a class=\"more-link\" href=\"https:\/\/helensjoholm.nu\/_eng\/press-clips\/interviews-2015\/singing-is-my-therapy\/\">Read More &#8230;<\/a><\/p>\n","protected":false},"author":1,"featured_media":0,"parent":5863,"menu_order":0,"comment_status":"closed","ping_status":"closed","template":"","meta":{"ngg_post_thumbnail":0,"footnotes":""},"class_list":["post-6109","page","type-page","status-publish","hentry"],"aioseo_notices":[],"_links":{"self":[{"href":"https:\/\/helensjoholm.nu\/_eng\/wp-json\/wp\/v2\/pages\/6109","targetHints":{"allow":["GET"]}}],"collection":[{"href":"https:\/\/helensjoholm.nu\/_eng\/wp-json\/wp\/v2\/pages"}],"about":[{"href":"https:\/\/helensjoholm.nu\/_eng\/wp-json\/wp\/v2\/types\/page"}],"author":[{"embeddable":true,"href":"https:\/\/helensjoholm.nu\/_eng\/wp-json\/wp\/v2\/users\/1"}],"replies":[{"embeddable":true,"href":"https:\/\/helensjoholm.nu\/_eng\/wp-json\/wp\/v2\/comments?post=6109"}],"version-history":[{"count":0,"href":"https:\/\/helensjoholm.nu\/_eng\/wp-json\/wp\/v2\/pages\/6109\/revisions"}],"up":[{"embeddable":true,"href":"https:\/\/helensjoholm.nu\/_eng\/wp-json\/wp\/v2\/pages\/5863"}],"wp:attachment":[{"href":"https:\/\/helensjoholm.nu\/_eng\/wp-json\/wp\/v2\/media?parent=6109"}],"curies":[{"name":"wp","href":"https:\/\/api.w.org\/{rel}","templated":true}]}}