{"id":5747,"date":"2015-01-30T19:25:04","date_gmt":"2015-01-30T17:25:04","guid":{"rendered":"http:\/\/helensjoholm.nu\/_eng\/?page_id=5747"},"modified":"2025-02-02T11:28:50","modified_gmt":"2025-02-02T09:28:50","slug":"musikalen-livet-ar-en-schlager","status":"publish","type":"page","link":"https:\/\/helensjoholm.nu\/_eng\/2011-2015\/musikalen-livet-ar-en-schlager\/","title":{"rendered":"Musikalen Livet \u00e4r en schlager"},"content":{"rendered":"<table border=\"0\" align=\"left\">\n<tbody>\n<tr>\n<td><img loading=\"lazy\" decoding=\"async\" class=\"alignnone\" title=\"The musical &quot;Livet \u00e4r en schlager&quot; (2015)\" src=\"http:\/\/helensjoholm.nu\/wp-content\/gallery\/diskografi\/cd-laes-2015.jpg\" alt=\"The musical &quot;Livet \u00e4r en schlager&quot; (2015)\" width=\"100\" height=\"100\"><\/td>\n<td><strong>MUSIKALEN LIVET \u00c4R EN SCHLAGER<\/strong><br \/>\nUniversal (2015)<\/td>\n<\/tr>\n<\/tbody>\n<\/table>\n<table style=\"width: 1374px;\" border=\"0\" align=\"left\">\n<tbody>\n<tr>\n<td style=\"width: 1374px;\"><strong>Music:<\/strong>&nbsp;Fredrik Kempe<br \/>\n<strong>Lyrics:<\/strong>&nbsp;Jonas Gardell<strong><br \/>\n<\/strong><\/td>\n<\/tr>\n<tr>\n<td style=\"width: 1374px;\">Note that it\u00b4s against the law to publish lyrics, or translations of lyrics,<br \/>\nwithout permission from the author! With the help of Google Translator<br \/>\nyou can, however, translate the lyrics for your own use.<\/td>\n<\/tr>\n<tr>\n<td style=\"width: 1374px;\"><strong>1. Skarpn\u00e4ck (Livet \u00e4r en schlager) &#8211; Helen Sj\u00f6holm<\/strong> <a title=\"Stj\u00e4rnorna som tindra \u00f6ver Skarpn\u00e4ck\" href=\"https:\/\/helensjoholm.nu\/_eng\/2011-2015\/musikalen-livet-ar-en-schlager\/stjarnorna-som-tindra-over-skarpnack-lyrics\/\">(lyrics)<\/a><\/td>\n<\/tr>\n<tr valign=\"top\">\n<td style=\"width: 1374px;\"><strong>2. <\/strong>Samhallsvals &#8211; Katarina Ewerl\u00f6f<\/td>\n<\/tr>\n<tr valign=\"top\">\n<td style=\"width: 1374px;\"><strong>3. <\/strong>Mil efter mil &#8211; Peter J\u00f6back<\/td>\n<\/tr>\n<tr valign=\"top\">\n<td style=\"width: 1374px;\"><strong>4. Hur g\u00f6r man dr\u00f6mmen sann? &#8211; Helen Sj\u00f6holm, Peter J\u00f6back, Johan Glans<\/strong> <a title=\"Hur g\u00f6r man dr\u00f6mmen sann?\" href=\"https:\/\/helensjoholm.nu\/_eng\/2011-2015\/musikalen-livet-ar-en-schlager\/hur-gor-man-drommen-sann-lyrics\/\">(lyrics)<\/a><\/td>\n<\/tr>\n<tr valign=\"top\">\n<td style=\"width: 1374px;\"><strong>5. <\/strong>V.I.P. &#8211; Oscar Pierrou Lind\u00e9n<\/td>\n<\/tr>\n<tr valign=\"top\">\n<td style=\"width: 1374px;\"><strong>6. <\/strong>Ingen \u00e4r d\u00e4r &#8211; Peter J\u00f6back<\/td>\n<\/tr>\n<tr valign=\"top\">\n<td style=\"width: 1374px;\"><strong>7. <\/strong>Nu \u00e4r det min tur &#8211; Frida Westerdahl<\/td>\n<\/tr>\n<tr valign=\"top\">\n<td style=\"width: 1374px;\"><strong>8. <\/strong>S\u00f6ta du &#8211; M\u00e5ns M\u00f6ller, Anette Belander<\/td>\n<\/tr>\n<tr valign=\"top\">\n<td style=\"width: 1374px;\"><strong>9. <\/strong>Annars vore jag inte jag &#8211; Peter J\u00f6back<\/td>\n<\/tr>\n<tr valign=\"top\">\n<td style=\"width: 1374px;\"><strong>10. N\u00e4r jag faller &#8211; Helen Sj\u00f6holm, Peter J\u00f6back<\/strong> <a title=\"N\u00e4r jag faller\" href=\"https:\/\/helensjoholm.nu\/_eng\/2011-2015\/musikalen-livet-ar-en-schlager\/nar-jag-faller-lyrics\/\">(lyrics)<\/a><\/td>\n<\/tr>\n<tr valign=\"top\">\n<td style=\"width: 1374px;\"><strong>11. <\/strong>Tre minuter &#8211; My Holmsten<\/td>\n<\/tr>\n<tr valign=\"top\">\n<td style=\"width: 1374px;\"><strong>12. Om inte du &#8211; Helen Sj\u00f6holm<\/strong> <a title=\"Om inte du\" href=\"https:\/\/helensjoholm.nu\/_eng\/2011-2015\/musikalen-livet-ar-en-schlager\/om-inte-du-lyrics\/\">(lyrics)<\/a><\/td>\n<\/tr>\n<tr valign=\"top\">\n<td style=\"width: 1374px;\"><strong>13. Aldrig ska jag sluta \u00e4lska dig &#8211; Helen Sj\u00f6holm<\/strong> <a title=\"Aldrig ska jag sluta \u00e4lska dig\" href=\"https:\/\/helensjoholm.nu\/_eng\/2011-2015\/musikalen-livet-ar-en-schlager\/aldrig-ska-jag-sluta-alska-dig-lyrics\/\">(lyrics)<\/a><\/td>\n<\/tr>\n<tr valign=\"top\">\n<td style=\"width: 1374px;\"><strong>14. Som skapta f\u00f6r varann &#8211; Helen Sj\u00f6holm, Peter J\u00f6back<\/strong> <a title=\"Som skapta f\u00f6r varann\" href=\"https:\/\/helensjoholm.nu\/_eng\/2011-2015\/musikalen-livet-ar-en-schlager\/som-skapta-for-varann-lyrics\/\">(lyrics)<\/a><\/td>\n<\/tr>\n<tr valign=\"top\">\n<td style=\"width: 1374px;\"><strong>15. <\/strong>Som en vindil (Bonus track) &#8211; Peter J\u00f6back<\/td>\n<\/tr>\n<\/tbody>\n<\/table>\n<table border=\"0\" align=\"left\">\n<tbody>\n<tr>\n<td><img loading=\"lazy\" decoding=\"async\" class=\"alignnone\" title=\"Single: N\u00e4r jag faller (2014)\" src=\"https:\/\/helensjoholm.nu\/_eng\/wp-content\/gallery\/diskografi-2011-2015\/single-nar-jag-faller-2014.png\" alt=\"Single: N\u00e4r jag faller (2014)\" width=\"100\" height=\"100\"><\/td>\n<td><strong>SINGLE<\/strong><br \/>\n<strong>N\u00c4R JAG FALLER<\/strong><br \/>\nUniversal Music AB (2014)<\/td>\n<\/tr>\n<\/tbody>\n<\/table>\n<h5>Listen!<\/h5>\n<hr>\n<p><iframe title=\"Spotify Embed: Musikalen - Livet \u00e4r en schlager\" style=\"border-radius: 12px\" width=\"100%\" height=\"352\" frameborder=\"0\" allowfullscreen allow=\"autoplay; clipboard-write; encrypted-media; fullscreen; picture-in-picture\" loading=\"lazy\" src=\"https:\/\/open.spotify.com\/embed\/album\/4e3zWxWAdhDxNqFZYkxW6E?utm_source=oembed\"><\/iframe><\/p>\n<p><a href=\"https:\/\/helensjoholm.nu\/_eng\/2011-2015\/\">Back<\/a><\/p>\n","protected":false},"excerpt":{"rendered":"<p>MUSIKALEN LIVET \u00c4R EN SCHLAGER Universal (2015) Music:&nbsp;Fredrik Kempe Lyrics:&nbsp;Jonas Gardell Note that it\u00b4s against the law to publish lyrics, or translations of lyrics, without <a class=\"more-link\" href=\"https:\/\/helensjoholm.nu\/_eng\/2011-2015\/musikalen-livet-ar-en-schlager\/\">Read More &#8230;<\/a><\/p>\n","protected":false},"author":1,"featured_media":0,"parent":182,"menu_order":0,"comment_status":"closed","ping_status":"open","template":"","meta":{"ngg_post_thumbnail":0,"footnotes":""},"class_list":["post-5747","page","type-page","status-publish","hentry"],"aioseo_notices":[],"_links":{"self":[{"href":"https:\/\/helensjoholm.nu\/_eng\/wp-json\/wp\/v2\/pages\/5747","targetHints":{"allow":["GET"]}}],"collection":[{"href":"https:\/\/helensjoholm.nu\/_eng\/wp-json\/wp\/v2\/pages"}],"about":[{"href":"https:\/\/helensjoholm.nu\/_eng\/wp-json\/wp\/v2\/types\/page"}],"author":[{"embeddable":true,"href":"https:\/\/helensjoholm.nu\/_eng\/wp-json\/wp\/v2\/users\/1"}],"replies":[{"embeddable":true,"href":"https:\/\/helensjoholm.nu\/_eng\/wp-json\/wp\/v2\/comments?post=5747"}],"version-history":[{"count":11,"href":"https:\/\/helensjoholm.nu\/_eng\/wp-json\/wp\/v2\/pages\/5747\/revisions"}],"predecessor-version":[{"id":14861,"href":"https:\/\/helensjoholm.nu\/_eng\/wp-json\/wp\/v2\/pages\/5747\/revisions\/14861"}],"up":[{"embeddable":true,"href":"https:\/\/helensjoholm.nu\/_eng\/wp-json\/wp\/v2\/pages\/182"}],"wp:attachment":[{"href":"https:\/\/helensjoholm.nu\/_eng\/wp-json\/wp\/v2\/media?parent=5747"}],"curies":[{"name":"wp","href":"https:\/\/api.w.org\/{rel}","templated":true}]}}