{"id":5611,"date":"2014-10-07T00:07:38","date_gmt":"2014-10-06T22:07:38","guid":{"rendered":"http:\/\/helensjoholm.nu\/_eng\/?page_id=5611"},"modified":"2022-03-15T15:43:44","modified_gmt":"2022-03-15T13:43:44","slug":"sjoholm-sets-the-schalger-tone","status":"publish","type":"page","link":"https:\/\/helensjoholm.nu\/_eng\/press-clips\/reviews-2014\/sjoholm-sets-the-schalger-tone\/","title":{"rendered":"Sj\u00f6holm sets the schlager tone"},"content":{"rendered":"<p><strong>Corren 140912<\/strong><br \/>\nBy: CHRISTER SANDBERG<\/p>\n<p><strong>Musical<\/strong> <strong>CCCC<\/strong><strong> Livet \u00e4r en schlager, <\/strong><strong>Cirkus,<\/strong> <strong>Stockholm<\/strong><br \/>\n<strong>Script, direction and lyrics: Jonas Gardell<\/strong><br \/>\n<strong> Music: Fredrik Kempe<\/strong><br \/>\n<strong> Starring: Helen Sj\u00f6holm, Peter J\u00f6back, Johan Glans, Jonas Helgesson, M\u00e5ns M\u00f6ller, Katarina Ewerl\u00f6f, Frida Westerdahl and My Holmsten. <\/strong><br \/>\n<strong> Set design: Anna Asp<\/strong><br \/>\n<strong> Costume: Christer Lindarw<\/strong><br \/>\n<strong> Conductor: Martin \u00d6stergren. <\/strong><br \/>\n<strong> Played until December 21, 2014<\/strong><\/p>\n<p>It&#8217;s extra of everything when Jonas Gardell takes his blockbuster Livet \u00e4r en schlager to Cirkus. Helen Sj\u00f6holm and Peter J\u00f6back in the main roles (&#8230;)<\/p>\n<p>The movie, directed by Susanne Bier in 2000, became a success, but now Jonas Gardell asks us forget it. He has rewritten the story of the pop crazy Mona (Helen Sj\u00f6holm) who submits a song for the Swedish Eurovision Song Contest which is actually written by cerebral palsy guy David (Jonas Helgesson) whom she is a personal assistant for (&#8230;)<\/p>\n<p>Helen Sj\u00f6holm is outstanding in her demanding role where&nbsp;she is on stage virtually the whole time. She not only has to nail the high tunes, but also act in long spoken sections. Not surprisingly she manages everything superbly. The same applies to Peter J\u00f6back in the role of transvestite Candy Darling, there is presence in every scene. Johan Glans is perfect as Mona&#8217;s unemployed Bosse (&#8230;)<\/p>\n<p>Livet \u00e4r en schlager is also a josh with celebrity obsession. Therefore the experience becomes a little strange when the celebrities who&nbsp;are&nbsp;joked about on stage &#8211; are sitting in the salon, especially invited. Not many people in the front rows had paid their tickets at the premiere. Many thousands will, however, do just that until December 21 &#8211; quite the right thing to do.<\/p>\n<p><em>Due to copyright reasons the whole review cannot be translated<\/em><\/p>\n<p><strong>Original review:<\/strong><br \/>\n<a href=\"http:\/\/www.corren.se\/kultur\/teater\/sjoholm-satter-schlagertonen-7325201.aspx\">Corren \u2013 Sj\u00f6holm s\u00e4tter schlagertonen<\/a><\/p>\n<p><a href=\"https:\/\/helensjoholm.nu\/_eng\/reviews-2014\/\">Back<\/a><\/p>\n","protected":false},"excerpt":{"rendered":"<p>Corren 140912 By: CHRISTER SANDBERG Musical CCCC Livet \u00e4r en schlager, Cirkus, Stockholm Script, direction and lyrics: Jonas Gardell Music: Fredrik Kempe Starring: Helen Sj\u00f6holm, <a class=\"more-link\" href=\"https:\/\/helensjoholm.nu\/_eng\/press-clips\/reviews-2014\/sjoholm-sets-the-schalger-tone\/\">Read More &#8230;<\/a><\/p>\n","protected":false},"author":1,"featured_media":0,"parent":5119,"menu_order":0,"comment_status":"closed","ping_status":"closed","template":"","meta":{"ngg_post_thumbnail":0,"footnotes":""},"class_list":["post-5611","page","type-page","status-publish","hentry"],"aioseo_notices":[],"_links":{"self":[{"href":"https:\/\/helensjoholm.nu\/_eng\/wp-json\/wp\/v2\/pages\/5611","targetHints":{"allow":["GET"]}}],"collection":[{"href":"https:\/\/helensjoholm.nu\/_eng\/wp-json\/wp\/v2\/pages"}],"about":[{"href":"https:\/\/helensjoholm.nu\/_eng\/wp-json\/wp\/v2\/types\/page"}],"author":[{"embeddable":true,"href":"https:\/\/helensjoholm.nu\/_eng\/wp-json\/wp\/v2\/users\/1"}],"replies":[{"embeddable":true,"href":"https:\/\/helensjoholm.nu\/_eng\/wp-json\/wp\/v2\/comments?post=5611"}],"version-history":[{"count":0,"href":"https:\/\/helensjoholm.nu\/_eng\/wp-json\/wp\/v2\/pages\/5611\/revisions"}],"up":[{"embeddable":true,"href":"https:\/\/helensjoholm.nu\/_eng\/wp-json\/wp\/v2\/pages\/5119"}],"wp:attachment":[{"href":"https:\/\/helensjoholm.nu\/_eng\/wp-json\/wp\/v2\/media?parent=5611"}],"curies":[{"name":"wp","href":"https:\/\/api.w.org\/{rel}","templated":true}]}}