{"id":5608,"date":"2014-10-06T23:48:17","date_gmt":"2014-10-06T21:48:17","guid":{"rendered":"http:\/\/helensjoholm.nu\/_eng\/?page_id=5608"},"modified":"2022-03-15T15:43:54","modified_gmt":"2022-03-15T13:43:54","slug":"touching-new-musical","status":"publish","type":"page","link":"https:\/\/helensjoholm.nu\/_eng\/press-clips\/reviews-2014\/touching-new-musical\/","title":{"rendered":"Touching new musical"},"content":{"rendered":"<p><strong>Uppsala Nya Tidning 140912<\/strong><br \/>\nBy: BJ\u00d6RN. G. STENBERG<\/p>\n<p><strong>Review.<\/strong> <strong>Bj\u00f6rn G<\/strong> <strong>Stenberg<\/strong><strong> was <\/strong><strong>entertained<\/strong> <strong>and touched by<\/strong> <strong>Jonas<\/strong> <strong>Gardell&#8217;s<\/strong> <strong>&amp;<\/strong> <strong>Fredrik<\/strong> <strong>Kempe&#8217;s<\/strong> <strong>musical.<\/strong><\/p>\n<p>(&#8230;)<\/p>\n<p>The combination of Jonas Gardell&#8217;s empathetic and humorous twists and pop king Fredrik Kempe&#8217;s music has become an amusing and often poignant performance (&#8230;)<\/p>\n<p>The story of the &#8220;common&#8221; suburban mother Mona and her ardent schlager interest has, of course,&nbsp;many components that become good on a stage, from the initial home interior with children, an unemployed husband and everyday stress to the magnificent conclusion in typical bombastic Eurovision stage design (&#8230;)<\/p>\n<p>The show wouldn&#8217;t lift as high as it does if they hadn&#8217;t cast it so well. Just to recite the obvious first: Helen Sj\u00f6holm and Peter J\u00f6back. Both do it fantasticly, Sj\u00f6holm as the simple Mona who at first is blinded by the breeze but then grows with the challenges, Peter J\u00f6back as the transvestite Candy Darling, aka Sven-\u00c5ke, an impressive role interpretation that once again shows his versatility.<\/p>\n<p>Johan Glans fits well as a the slightly silly husband Bosse, eagerly throwing out puns when he gets stressed. The comedian and lecturer Jonas Helgesson is of course perfect as cerebral palsy David, a role which adds that little extra. The opposite of small&nbsp;is the interpretation of the faded pop queen Sabina, where Frida Westerdahl excels as a diva with huge plastics. How funny!<\/p>\n<p>Add an accomplished orchestra, dancers and a scenery that obediently can be shaped to what is required.<\/p>\n<p><em>Due to copyright reasons the whole review cannot be translated<\/em><\/p>\n<p><a href=\"https:\/\/helensjoholm.nu\/_eng\/reviews-2014\/\">Back<\/a><\/p>\n","protected":false},"excerpt":{"rendered":"<p>Uppsala Nya Tidning 140912 By: BJ\u00d6RN. G. STENBERG Review. Bj\u00f6rn G Stenberg was entertained and touched by Jonas Gardell&#8217;s &amp; Fredrik Kempe&#8217;s musical. (&#8230;) The <a class=\"more-link\" href=\"https:\/\/helensjoholm.nu\/_eng\/press-clips\/reviews-2014\/touching-new-musical\/\">Read More &#8230;<\/a><\/p>\n","protected":false},"author":1,"featured_media":0,"parent":5119,"menu_order":0,"comment_status":"closed","ping_status":"closed","template":"","meta":{"ngg_post_thumbnail":0,"footnotes":""},"class_list":["post-5608","page","type-page","status-publish","hentry"],"aioseo_notices":[],"_links":{"self":[{"href":"https:\/\/helensjoholm.nu\/_eng\/wp-json\/wp\/v2\/pages\/5608","targetHints":{"allow":["GET"]}}],"collection":[{"href":"https:\/\/helensjoholm.nu\/_eng\/wp-json\/wp\/v2\/pages"}],"about":[{"href":"https:\/\/helensjoholm.nu\/_eng\/wp-json\/wp\/v2\/types\/page"}],"author":[{"embeddable":true,"href":"https:\/\/helensjoholm.nu\/_eng\/wp-json\/wp\/v2\/users\/1"}],"replies":[{"embeddable":true,"href":"https:\/\/helensjoholm.nu\/_eng\/wp-json\/wp\/v2\/comments?post=5608"}],"version-history":[{"count":0,"href":"https:\/\/helensjoholm.nu\/_eng\/wp-json\/wp\/v2\/pages\/5608\/revisions"}],"up":[{"embeddable":true,"href":"https:\/\/helensjoholm.nu\/_eng\/wp-json\/wp\/v2\/pages\/5119"}],"wp:attachment":[{"href":"https:\/\/helensjoholm.nu\/_eng\/wp-json\/wp\/v2\/media?parent=5608"}],"curies":[{"name":"wp","href":"https:\/\/api.w.org\/{rel}","templated":true}]}}