{"id":5605,"date":"2014-10-06T23:34:09","date_gmt":"2014-10-06T21:34:09","guid":{"rendered":"http:\/\/helensjoholm.nu\/_eng\/?page_id=5605"},"modified":"2022-03-15T15:44:17","modified_gmt":"2022-03-15T13:44:17","slug":"brilliant-joback","status":"publish","type":"page","link":"https:\/\/helensjoholm.nu\/_eng\/press-clips\/reviews-2014\/brilliant-joback\/","title":{"rendered":"Brilliant, J\u00f6back!"},"content":{"rendered":"<p><strong>QX<\/strong> <strong>140912<\/strong><strong>&nbsp;<\/strong><br \/>\nBy: RONNY LARSSON<br \/>\nQX QX QX QX<\/p>\n<p><strong>When<\/strong> <strong>Jonas<\/strong> <strong>Gardell&#8217;s<\/strong><strong> &#8220;Livet \u00e4r en schlager&#8221; <\/strong><strong>becomes<\/strong><strong> a <\/strong><strong>musical<\/strong><strong> the a<\/strong><strong>udience is treated to<\/strong> <strong>candy<\/strong><strong> for both<\/strong><strong> eyes and ears<\/strong><strong>. The best <\/strong><strong>candy in the whole bag<\/strong> <strong>is<\/strong> <strong>Peter J\u00f6back<\/strong> <strong>as<\/strong><strong> the <\/strong><strong>transexual<\/strong> <strong>person<\/strong> <strong>Candy<\/strong> <strong>Darling<\/strong><strong>.<\/strong><\/p>\n<p><strong>Peter J\u00f6back<\/strong> is absolutely phenomenal in the role of Candy. As soon as J\u00f6back comes on stage things heat up. He is the show&#8217;s big star and fulfills the heavy expectations with verve. In the movie, <strong>Bj\u00f6rn Kjellman&#8217;s<\/strong> Candy was a funny person with much blackness, and that blackness&nbsp;J\u00f6back makes the most of, although Candy&#8217;s story is different from the movie, and here his&nbsp;life is spared. J\u00f6back&#8217;s big number &#8220;Annars vore jag inte jag&#8221; is something of the most goosebumps inducing&nbsp;I&#8217;ve seen on a stage. If you don&#8217;t tremble or shed a tear here, then you&nbsp;must be&nbsp;made \u200b\u200bof stone. Peter J\u00f6back&#8217;s delivery is of Broadway-class. Furthermore, he&#8217;s handsome as hell and moves foxily feminine in high heels&#8230;<\/p>\n<p>Beside J\u00f6back it&#8217;s the songs that make me give the rating of four. <strong>Fredrik Kempe<\/strong> has&nbsp;managed many melodic aces with Gardell&#8217;s lyrics: Before mentioned &#8220;Annars vore jag inte jag&#8221;, the initial pop pearl &#8220;Livet \u00e4r en schlager&#8221;, the wistful Mona &amp; Candy-duet &#8220;N\u00e4r jag faller&#8221;, and, above all, the closing &#8220;Som skapta f\u00f6r varann&#8221; which is a song that every musical in the world should end with. Magically good!<br \/>\nUnfortunately, I have to inform all pop fans who in the movie loved the pop song &#8220;K\u00e4rleksikonen&#8221;,&nbsp;written by <strong>Lena Ph<\/strong> and performed by <strong>Regina Lund<\/strong>, there\u2019s not at all a new song of that kind here. New &#8220;Nu \u00e4r det min tur&#8221; is anonymous and not the hit song I had hoped. But I can see before me how&nbsp;Kempe has tried to write this song, and repeatedly put the results in the folder marked &#8220;Swedish Eurovison Song Contest&#8221;. They must simply have become too good&#8230;<\/p>\n<p>Otherwise everything is fine. <strong>Helen Sj\u00f6holm<\/strong> is even very good, but the role of Mona&#8217;s a bit ungrateful for Sj\u00f6holm who doesn&#8217;t really get the opportunity to shine until the end. But then, on the other hand, she shows that she is perhaps Sweden&#8217;s best singer.<br \/>\n<strong>Johan Glans<\/strong> is the show&#8217;s most laugh-inducing figure as&nbsp;Mona&#8217;s unemployed, pun-loving husband. He makes the audience roar with laughter several times and additionally lightens up heavier scenes with finesse and warmth. Another one who brings out laughter is <strong>Frida Westerdahl<\/strong> who plays Regina Lund&#8217;s role, Sabina. The audience at the premiere loved her crazy star with mega hubris and insane facial expressions.<\/p>\n<p><strong>Jonas Helgesson<\/strong>, who has cerebral palsy also offstage, also makes a nice role as songwriter David and receives well-earned applause when he leads the audience rebellion at the end.<\/p>\n<p>Overall it&#8217;s a bold and stylish production. The scenery by <strong>Anna Asp<\/strong> is smart, imaginative and funny. Add to this luxuriously delicious <strong>Lindarwsk<\/strong> costume (Mona&#8217;s final dress is schlagertastic), and a strong multi-faceted ensemble.<\/p>\n<p>My objection is in fact the&nbsp;basic story, which is quite pale: Schlager crazy woman steals her cerebral palsy friend&#8217;s song and is accepted for&nbsp;the Swedish Eurovision Song Contest.&nbsp;All other ingredients are topnotch, so when I pick the show apart there are really no objections in addition to the basic plot, which&nbsp;is so-so and should have been rewritten even more than what has been done compared to the movie version. And I wish they would have trimmed the whole caboodle to get an even better flow. Skilled veterans <strong>Katarina Ewerl\u00f6f<\/strong> and <strong>My Holmsten&#8217;s<\/strong> efforts had in my opinion unfortunately been deleted for a better flow, since they don&#8217;t add very much and also have quite pointless musical numbers.<\/p>\n<p>But having that said: &#8220;Livet \u00e4r en schlager&#8221; is a luxurious and crisp musical with brilliant new songs, a must-see-J\u00f6back, a lovely <strong>Helen Sj\u00f6holm<\/strong>, plus a bunch of good and funny acting efforts, which should definitely be seen. It&#8217;s a show with a nice message of everyone having a value and can fulfill their dreams what ever shape they come in. Plus, you are guaranteed to leave with a smile on your face after THAT finale. The finish is like one long fabulous key raise.&nbsp;12 points to that one. Straight up.<\/p>\n<p>Ps. It&#8217;s clever that Candy, in the beginning, tells us that this is a fairy tale, so us pop geeks don&#8217;t go: &#8220;Hey, they don&#8217;t do it like that in&nbsp;the Swedish Eurovision Song Contest&#8221;, because&nbsp;the story is not written for how the contest is nowadays, which&nbsp;they even make&nbsp;a smart remark of in the show.<\/p>\n<p><strong>Original<\/strong> <strong>Review<\/strong><strong>:<\/strong><br \/>\n<a href=\"http:\/\/www.qx.se\/noje\/27358\/briljant-joback\">QX &#8211; Brilliant, J\u00f6back<\/a><\/p>\n<p><a href=\"https:\/\/helensjoholm.nu\/_eng\/reviews-2014\/\">Back<\/a><\/p>\n","protected":false},"excerpt":{"rendered":"<p>QX 140912&nbsp; By: RONNY LARSSON QX QX QX QX When Jonas Gardell&#8217;s &#8220;Livet \u00e4r en schlager&#8221; becomes a musical the audience is treated to candy <a class=\"more-link\" href=\"https:\/\/helensjoholm.nu\/_eng\/press-clips\/reviews-2014\/brilliant-joback\/\">Read More &#8230;<\/a><\/p>\n","protected":false},"author":1,"featured_media":0,"parent":5119,"menu_order":0,"comment_status":"closed","ping_status":"closed","template":"","meta":{"ngg_post_thumbnail":0,"footnotes":""},"class_list":["post-5605","page","type-page","status-publish","hentry"],"aioseo_notices":[],"_links":{"self":[{"href":"https:\/\/helensjoholm.nu\/_eng\/wp-json\/wp\/v2\/pages\/5605","targetHints":{"allow":["GET"]}}],"collection":[{"href":"https:\/\/helensjoholm.nu\/_eng\/wp-json\/wp\/v2\/pages"}],"about":[{"href":"https:\/\/helensjoholm.nu\/_eng\/wp-json\/wp\/v2\/types\/page"}],"author":[{"embeddable":true,"href":"https:\/\/helensjoholm.nu\/_eng\/wp-json\/wp\/v2\/users\/1"}],"replies":[{"embeddable":true,"href":"https:\/\/helensjoholm.nu\/_eng\/wp-json\/wp\/v2\/comments?post=5605"}],"version-history":[{"count":0,"href":"https:\/\/helensjoholm.nu\/_eng\/wp-json\/wp\/v2\/pages\/5605\/revisions"}],"up":[{"embeddable":true,"href":"https:\/\/helensjoholm.nu\/_eng\/wp-json\/wp\/v2\/pages\/5119"}],"wp:attachment":[{"href":"https:\/\/helensjoholm.nu\/_eng\/wp-json\/wp\/v2\/media?parent=5605"}],"curies":[{"name":"wp","href":"https:\/\/api.w.org\/{rel}","templated":true}]}}