{"id":5358,"date":"2014-04-27T10:42:18","date_gmt":"2014-04-27T08:42:18","guid":{"rendered":"http:\/\/helensjoholm.nu\/_eng\/?page_id=5358"},"modified":"2022-03-15T15:28:52","modified_gmt":"2022-03-15T13:28:52","slug":"i-never-listen-to-musicals","status":"publish","type":"page","link":"https:\/\/helensjoholm.nu\/_eng\/press-clips\/interviews-2014\/i-never-listen-to-musicals\/","title":{"rendered":"I never listen to musicals"},"content":{"rendered":"<p><strong>Uppsalatidningen 140410<\/strong><\/p>\n<p>By: MATTIAS SJ\u00d6BERG<\/p>\n<p><strong>She became a shining star after the musical Kristina fr\u00e5n Duvem\u00e5la. Her God-given voice has been raised to the skies. But Helen Sj\u00f6holm herself is not very interested in music and rather searches silence. In April, she is a current topic in Jacke Sj\u00f6din\u2019s Top Lunch at Katalin.<\/strong><\/p>\n<p>The tables in the old freight shed at Uppsala Travel Center are packed when Jacke Sj\u00f6din, Andreas Nilsson and Helen Sj\u00f6holm bawlingly parade in between the&nbsp;rows of seats and onto the stage. Most visitors have had time to finish the fish soup that is served for the lunch show when the trio takes the first tune.<br \/>\n(&#8230;)<\/p>\n<p>Then a moderately fast mix of monologues, songs, skits and comic poems follow. (&#8230;)<\/p>\n<p>&#8211; It\u2019s great fun to work with Jacke Sj\u00f6din who is a lovely person, and a stunning text-person. We haven\u2019t had that much time to rehearse, but it\u2019s been intense and fun, Helen Sj\u00f6holm says.<\/p>\n<p>(&#8230;) She has done similar appearances at Klara Soup Theater in Stockholm and therefore the musical star has discovered the difference between a sober lunch crowd and a party-focused evening crowd.<br \/>\n&#8211; Yes, surely we adapt the content a little to the type of audience. I was actually quite taken aback the first times the lunch guests here at Katalin cheered and laughed out loud to what we did on stage. So really there isn\u2019t that big a difference.<\/p>\n<p>With these lunch performances she has become one of all those train commuters. But Helen Sj\u00f6holm has not yet experienced annoying delays and happily cycles from her home in Nacka to Stockholm Central Station, and back again.<\/p>\n<p>She doesn\u2019t know Uppsala city very well.&nbsp;But her husband David Granditsky grew up here, played in punk bands and has taken her on a sightseeing tour around town.<br \/>\n&#8211; He moved away already at 15-16 years of age so he mostly associates the town with his punk time here. It still seems to be a pretty big difference between Uppsala and my childhood town Sundsvall, which&nbsp;is a distinct workers\u2019 town.<\/p>\n<p>It is often said that Helen Sj\u00f6holm came from nowhere and made a heavy break through&nbsp;in Kristina fr\u00e5n Duvem\u00e5la in 1995. That\u2019s not entirely true, (&#8230;) But for the general public, she is the Musical superstar with the big M.<br \/>\n&#8211; I have also sung ballads, jazz, folk music&nbsp;and rock. But for obvious reasons I\u2019m associated with musicals since I\u2019ve done Duvem\u00e5la, My Fair Lady, Chess and this autumn \u201dLivet \u00e4r en schlager\u201d. I have a narrative voice that fits that format. But personally I\u2019m not a big musical fan and never listen to it myself. Though I have no problem with&nbsp;being placed in that box.<\/p>\n<p>Helen Sj\u00f6holm neither has any problem with being associated as a bit all-good and homey.<br \/>\n&#8211; No, absolutely not. There are worse judgements to get. I probably am a good girl too, although I, like all other people, also have other sides, she says.<\/p>\n<p>Right now there is not much music that sounds in the Sj\u00f6holm home.<br \/>\n&#8211; I have three young children who take a lot of time and if I get a spare moment I just want silence. May sound strange but I\u2019m pretty uninterested in music, in keeping up with the supply and industry.<\/p>\n<p>In the autumn one of her life\u2019s greatest roles awaits. Then she\u2019ll play Mona in Jonas Gardell\u2019s Livet \u00e4r en schlager.<br \/>\n&#8211; I really look forward to that. Extra fun is for once playing a character who you don\u2019t pity but who helps herself and acts pretty selfish. A quite multilayered person and it\u2019s a giant production that will be insanely fun to be involved in, Helen Sj\u00f6holm says.<\/p>\n<hr>\n<p><strong>HELEN SJ\u00d6HOLM <\/strong><br \/>\n<strong>Current:<\/strong> Takes part in Top Lunch at Katalin in April<br \/>\n(&#8230;)<br \/>\n<strong>Interests:<\/strong> Haha! I have no time for interests. To sleep maybe?<br \/>\n<strong>Latest movie:<\/strong> Monica Z<\/p>\n<hr>\n<p><strong>HELEN\u2019S HIGHLIGHTS<\/strong><br \/>\n<strong>1. Kristina fr\u00e5n Duvem\u00e5la<\/strong><br \/>\n\u201dYou cannot get away from mentioning that musical. Merely to be involved in such a large project &#8211; see it be born and develop into the great worldwide success it later became\u201d.<br \/>\n<strong>2.&nbsp;Aniara<\/strong><br \/>\n\u201dA great creative challenge to dramaturgically portray the poetic work. Andreas Kleerup who composed the poem is a musical genius\u201d.<br \/>\n<strong>3.&nbsp;Simon and the Oaks<\/strong><br \/>\n\u201dIncredibly fun to do a big role in such a good movie. But it\u2019s hard to pick out specific highlights. If you ask me tomorrow I might mention three others\u201d.<\/p>\n<hr>\n<p><strong>HOW IT WAS&#8230;<\/strong><br \/>\n(&#8230;) There are many things demanding attention during our fragmented interview. Sometimes I wonder if Helen Sj\u00f6holm is answering to&nbsp;me or any of the others around the table at Katalin. (&#8230;)<\/p>\n<hr>\n<p><em>(Due to copyright reasons the entire interview cannot be reproduced)<\/em><\/p>\n<p><a href=\"https:\/\/helensjoholm.nu\/_eng\/interviews-2014\/\">Back<\/a><\/p>\n","protected":false},"excerpt":{"rendered":"<p>Uppsalatidningen 140410 By: MATTIAS SJ\u00d6BERG She became a shining star after the musical Kristina fr\u00e5n Duvem\u00e5la. Her God-given voice has been raised to the skies. <a class=\"more-link\" href=\"https:\/\/helensjoholm.nu\/_eng\/press-clips\/interviews-2014\/i-never-listen-to-musicals\/\">Read More &#8230;<\/a><\/p>\n","protected":false},"author":1,"featured_media":0,"parent":5121,"menu_order":0,"comment_status":"closed","ping_status":"closed","template":"","meta":{"ngg_post_thumbnail":0,"footnotes":""},"class_list":["post-5358","page","type-page","status-publish","hentry"],"aioseo_notices":[],"_links":{"self":[{"href":"https:\/\/helensjoholm.nu\/_eng\/wp-json\/wp\/v2\/pages\/5358","targetHints":{"allow":["GET"]}}],"collection":[{"href":"https:\/\/helensjoholm.nu\/_eng\/wp-json\/wp\/v2\/pages"}],"about":[{"href":"https:\/\/helensjoholm.nu\/_eng\/wp-json\/wp\/v2\/types\/page"}],"author":[{"embeddable":true,"href":"https:\/\/helensjoholm.nu\/_eng\/wp-json\/wp\/v2\/users\/1"}],"replies":[{"embeddable":true,"href":"https:\/\/helensjoholm.nu\/_eng\/wp-json\/wp\/v2\/comments?post=5358"}],"version-history":[{"count":0,"href":"https:\/\/helensjoholm.nu\/_eng\/wp-json\/wp\/v2\/pages\/5358\/revisions"}],"up":[{"embeddable":true,"href":"https:\/\/helensjoholm.nu\/_eng\/wp-json\/wp\/v2\/pages\/5121"}],"wp:attachment":[{"href":"https:\/\/helensjoholm.nu\/_eng\/wp-json\/wp\/v2\/media?parent=5358"}],"curies":[{"name":"wp","href":"https:\/\/api.w.org\/{rel}","templated":true}]}}