{"id":5344,"date":"2014-04-21T09:57:16","date_gmt":"2014-04-21T07:57:16","guid":{"rendered":"http:\/\/helensjoholm.nu\/_eng\/?page_id=5344"},"modified":"2022-03-15T15:44:31","modified_gmt":"2022-03-15T13:44:31","slug":"grand-star-visited-sunnersta-peoples-house","status":"publish","type":"page","link":"https:\/\/helensjoholm.nu\/_eng\/press-clips\/reviews-2014\/grand-star-visited-sunnersta-peoples-house\/","title":{"rendered":"Grand star visited Sunnersta People&#8217;s House"},"content":{"rendered":"<p><strong>Nordsverige 140417<\/strong><\/p>\n<p>By: JENNY STAAF<\/p>\n<p><strong>Sunnersta. A real great star&nbsp;visited Sunnersta People&#8217;s House&nbsp;this weekend. Helen Sj\u00f6holm, well known from among other things &#8220;Kristina fr\u00e5n Duvem\u00e5la&#8221; and &#8220;Chess&#8221;, entered the stage with her cousin Maria Lundberg and an extra big Holmsten Trio. The premises was crowded &#8211; not least on the road outside, where a hundred cars were tightly parked and it barely was possible to get through.<\/strong><\/p>\n<p>The contact that led to the unique concert was taken at the Skule Festival last year. There Mikael Holmsten met&nbsp;Helen, and told her about his idea of \u200b\u200borganizing a support gala in favor of the Blue Ribbon. That the&nbsp;proceeds would go to cancer research was the most important reason that Helen said yes, she explains.<br \/>\n&#8211; But there were many good reasons to pop up here, of course.<br \/>\n&#8211; The music, the audience, and not least to meet and sing with my cousin Maria, Helen continues.<\/p>\n<p>Helen grew up in Sundsvall and Maria is from Sollefte\u00e5, but the cousins \u200b\u200bspent many childhood summers with their grandmother in N\u00e4s\u00e5ker. Very much came to be about singing and music, and Helen outspokenly told the audience how much she looked up to her cousin who was so knowledgeable and urbane.<br \/>\n&#8211; Maria was always two years older and always did everything two years earlier, Helen says with a laugh.<\/p>\n<p>Maria could take three chords on the guitar, which laid the foundation for a wide range of songs that the cousins \u200b\u200blearned, and&nbsp;then performed with to their grandmother&#8217;s friends and acquaintances.<br \/>\n&#8211; It&#8217;s amazing how many songs you can take out from three chords, Helen says impressed.<br \/>\nIt was in N\u00e4s\u00e5ker&nbsp;the foundation was set&nbsp;for what was to become Helen&#8217;s musical career, which she constantly returns to with great gratitude.<\/p>\n<p>Helen Sj\u00f6holm is today a well known name who has appeared on big stages around the country and around the world, both on the musical stage and with, among others, Benny Andersson Band. But despite the big venues, it&#8217;s her longing to her childhood&#8217;s N\u00e4s\u00e5ker that recurs again and again during the evening in Sunnersta.<br \/>\n&#8211; I hope by God that we one day will play at the venue in N\u00e4s\u00e5ker, and I&#8217;ve really lobbied for that, Helen says and gets resounding applause. That the audience appreciate Helen cannot be mistaken. It&#8217;s an almost devout atmosphere in the hall, and during the break discussions can be heard from all sides about what an amazing voice and what charisma she has.<\/p>\n<p>One of the most satisfied in the audience is Hervor Sj\u00f6din from Sollefte\u00e5 who listens to&nbsp;Helen Sj\u00f6holm for the fourth time this week.<br \/>\n&#8211; She does a lunch show in Uppsala with my son Jacke Sj\u00f6din, and I&#8217;ve been there this week, Hervor tells us, and a little apologetically assures that she usually doesn&#8217;t attend this many concerts during the same week.<\/p>\n<p><a href=\"https:\/\/helensjoholm.nu\/_eng\/reviews-2014\/\">Back<\/a><\/p>\n","protected":false},"excerpt":{"rendered":"<p>Nordsverige 140417 By: JENNY STAAF Sunnersta. A real great star&nbsp;visited Sunnersta People&#8217;s House&nbsp;this weekend. Helen Sj\u00f6holm, well known from among other things &#8220;Kristina fr\u00e5n Duvem\u00e5la&#8221; <a class=\"more-link\" href=\"https:\/\/helensjoholm.nu\/_eng\/press-clips\/reviews-2014\/grand-star-visited-sunnersta-peoples-house\/\">Read More &#8230;<\/a><\/p>\n","protected":false},"author":1,"featured_media":0,"parent":5119,"menu_order":0,"comment_status":"closed","ping_status":"closed","template":"","meta":{"ngg_post_thumbnail":0,"footnotes":""},"class_list":["post-5344","page","type-page","status-publish","hentry"],"aioseo_notices":[],"_links":{"self":[{"href":"https:\/\/helensjoholm.nu\/_eng\/wp-json\/wp\/v2\/pages\/5344","targetHints":{"allow":["GET"]}}],"collection":[{"href":"https:\/\/helensjoholm.nu\/_eng\/wp-json\/wp\/v2\/pages"}],"about":[{"href":"https:\/\/helensjoholm.nu\/_eng\/wp-json\/wp\/v2\/types\/page"}],"author":[{"embeddable":true,"href":"https:\/\/helensjoholm.nu\/_eng\/wp-json\/wp\/v2\/users\/1"}],"replies":[{"embeddable":true,"href":"https:\/\/helensjoholm.nu\/_eng\/wp-json\/wp\/v2\/comments?post=5344"}],"version-history":[{"count":0,"href":"https:\/\/helensjoholm.nu\/_eng\/wp-json\/wp\/v2\/pages\/5344\/revisions"}],"up":[{"embeddable":true,"href":"https:\/\/helensjoholm.nu\/_eng\/wp-json\/wp\/v2\/pages\/5119"}],"wp:attachment":[{"href":"https:\/\/helensjoholm.nu\/_eng\/wp-json\/wp\/v2\/media?parent=5344"}],"curies":[{"name":"wp","href":"https:\/\/api.w.org\/{rel}","templated":true}]}}