{"id":5321,"date":"2014-04-16T19:59:46","date_gmt":"2014-04-16T17:59:46","guid":{"rendered":"http:\/\/helensjoholm.nu\/_eng\/?page_id=5321"},"modified":"2022-03-15T15:28:42","modified_gmt":"2022-03-15T13:28:42","slug":"sjoholm-returns-to-her-childhood-years","status":"publish","type":"page","link":"https:\/\/helensjoholm.nu\/_eng\/press-clips\/interviews-2014\/sjoholm-returns-to-her-childhood-years\/","title":{"rendered":"Sj\u00f6holm returns to her childhood years"},"content":{"rendered":"<p>By: PETER CARLSSON<\/p>\n<p><strong>Helen Sj\u00f6holm did assuredly grow up in Sundsvall, but a lot of time during her childhood she spent with her grandmother in N\u00e4s\u00e5ker and with relatives in Sollefte\u00e5.<br \/>\nNow she returns to childhood and sings in Sunnersta.<br \/>\n&#8211; It will be fun to come home to my childhood area,&nbsp;Helen Sj\u00f6holm says.<\/strong><\/p>\n<p>In December 2011&nbsp;Helen Sj\u00f6holm&nbsp;gave birth to twins Samuel and Johanna. After that she took quite a lot of maternity leave, but a year ago she returned to the stages and performed among other places at&nbsp;The Skule Festival. Last autumn she even did a tour with Jojje Wadenius and right now she works with Jacke Sj\u00f6din.<\/p>\n<p>&#8211; I currently commute to Uppsala to take part in a lunch revue together with Jacke Sj\u00f6din. We are playing this revue during April&nbsp;and it\u2019s fun to work with Jacke, Helen Sj\u00f6holm says.<\/p>\n<p>That Sj\u00f6holm works with Jacke Sj\u00f6din is not exactly a coincidence, considering the links between N\u00e4s\u00e5ker and Sollefte\u00e5. Sj\u00f6holm still has good contact with her cousin Maria Lundberg, who lives in Sollefte\u00e5.<\/p>\n<p>&#8211; I spent many childhood summers in N\u00e4s\u00e5ker with&nbsp;my grandmother and I often got to go to Sollefte\u00e5 to visit relatives. They were a musical family, and already then&nbsp;me and my cousin Maria started to&nbsp;sing together, along with her father Christer Sj\u00f6din, Sj\u00f6holm says and continues:<\/p>\n<p>&#8211; That\u2019s when I came in contact with Nicke Sj\u00f6din\u2019s works for the first time. I remember when I was in the audience, watching Cabaret Kommunbr\u00e4nsle that Nicke had written. Maria was in it, singing. I was so jealous of her.<\/p>\n<p>Sj\u00f6holm is now one of the country\u2019s most famous singers, probably the best in the musical genre. She has done unforgettable roles in the musicals \u201dKristina fr\u00e5n Duvem\u00e5la\u201d and \u201dChess\u201d, but also in the movie \u201dAs it is in Heaven\u201d. On Saturday, however, she appears on a much smaller stage &#8211; at Sunnersta People\u2019s House outside Sollefte\u00e5.<\/p>\n<p>&#8211; No place is too small for me, but of course it might be a smaller venue than I usually&nbsp;perform at. But it will be both cozy and fun to return to my childhood areas and perform in Sunnersta. I\u2019ve actually been in Sunnersta before, together with Lars T. Johansson and Erling Eliasson.<\/p>\n<p>The basis for the concert in Sunnersta was laid already at last year\u2019s Skule Festival.<br \/>\n&#8211; I met Micke Holmsten at the Skule Festival last summer. Then he told me about his project and his support gala in Sunnersta in favor of the prostate association Blue Ribbon. I do quite a lot of support galas, and especially cancer research is close to my heart, so I was immediately interested and wanted to take part.<\/p>\n<p>The concert at Sunnersta People\u2019s House accommodates only 150 guests and the urge for tickets was big when they were released. In eight minutes the concert was sold out.<\/p>\n<p>&#8211; I\u2019m looking forward to the concert and to&nbsp;sing with Maria. Maria and I will do a&nbsp;few songs together and some separately. There will be some songs from our childhood, such as a Tomas Ledin song.<\/p>\n<p>Soon there will be new challenges for Sj\u00f6holm. In May she starts work with the musical \u201dLife is a hit song\u201d,&nbsp;directed by Jonas Gardell. In that musical Sj\u00f6holm plays&nbsp;one of the main characters, but also Johan Glans, Peter J\u00f6back and M\u00e5ns M\u00f6ller&nbsp;are in&nbsp;the cast.<\/p>\n<p>&#8211; A funny show with many famous names. It will be especially nice to once again be working with Peter J\u00f6back, who I haven\u2019t done very much with since \u201dKristina fr\u00e5n Duvem\u00e5la\u201d.<\/p>\n<p><strong>Facts &#8211; Helen Sj\u00f6holm<\/strong><br \/>\n<strong>\u2022 Born:<\/strong> 1970 in Sundsvall.<br \/>\n<strong>\u2022 Family:<\/strong> Husband David Granditsky. Children Ruben, Samuel and Johanna.<br \/>\n<strong>\u2022 Roles:<\/strong> \u201dKristina fr\u00e5n Duvem\u00e5la\u201d, \u201dChess\u201d, \u201dD\u00e4r regnb\u00e5gen slutar\u201d,&nbsp;\u201dAs it is in Heaven\u201d, \u201d Simon and the Oaks\u201d, \u201dMy Fair Lady\u201d, \u201dAniara\u201d.<br \/>\n<strong>\u2022 Current:<\/strong> Sings at Sunnersta People\u2019s House on Saturday evening.<\/p>\n<p><a href=\"https:\/\/helensjoholm.nu\/_eng\/interviews-2014\/\">Back<\/a><\/p>\n","protected":false},"excerpt":{"rendered":"<p>By: PETER CARLSSON Helen Sj\u00f6holm did assuredly grow up in Sundsvall, but a lot of time during her childhood she spent with her grandmother in <a class=\"more-link\" href=\"https:\/\/helensjoholm.nu\/_eng\/press-clips\/interviews-2014\/sjoholm-returns-to-her-childhood-years\/\">Read More &#8230;<\/a><\/p>\n","protected":false},"author":1,"featured_media":0,"parent":5121,"menu_order":0,"comment_status":"closed","ping_status":"closed","template":"","meta":{"ngg_post_thumbnail":0,"footnotes":""},"class_list":["post-5321","page","type-page","status-publish","hentry"],"aioseo_notices":[],"_links":{"self":[{"href":"https:\/\/helensjoholm.nu\/_eng\/wp-json\/wp\/v2\/pages\/5321","targetHints":{"allow":["GET"]}}],"collection":[{"href":"https:\/\/helensjoholm.nu\/_eng\/wp-json\/wp\/v2\/pages"}],"about":[{"href":"https:\/\/helensjoholm.nu\/_eng\/wp-json\/wp\/v2\/types\/page"}],"author":[{"embeddable":true,"href":"https:\/\/helensjoholm.nu\/_eng\/wp-json\/wp\/v2\/users\/1"}],"replies":[{"embeddable":true,"href":"https:\/\/helensjoholm.nu\/_eng\/wp-json\/wp\/v2\/comments?post=5321"}],"version-history":[{"count":0,"href":"https:\/\/helensjoholm.nu\/_eng\/wp-json\/wp\/v2\/pages\/5321\/revisions"}],"up":[{"embeddable":true,"href":"https:\/\/helensjoholm.nu\/_eng\/wp-json\/wp\/v2\/pages\/5121"}],"wp:attachment":[{"href":"https:\/\/helensjoholm.nu\/_eng\/wp-json\/wp\/v2\/media?parent=5321"}],"curies":[{"name":"wp","href":"https:\/\/api.w.org\/{rel}","templated":true}]}}