{"id":5271,"date":"2014-04-02T22:03:55","date_gmt":"2014-04-02T20:03:55","guid":{"rendered":"http:\/\/helensjoholm.nu\/_eng\/?page_id=5271"},"modified":"2022-03-15T15:45:51","modified_gmt":"2022-03-15T13:45:51","slug":"crowded-premiere-for-top-lunch","status":"publish","type":"page","link":"https:\/\/helensjoholm.nu\/_eng\/press-clips\/reviews-2014\/crowded-premiere-for-top-lunch\/","title":{"rendered":"Crowded premiere for \u201cTop lunch\u201d"},"content":{"rendered":"<p><strong>Uppsala Nya Tidning 140401<\/strong><\/p>\n<p>By: BJ\u00d6RN G. STENBERG<\/p>\n<p>Show<br \/>\nTop lunch<br \/>\nJacke Sj\u00f6din, Helen Sj\u00f6holm, Andreas Nilsson and Mikael Skoglund.<br \/>\nKatalin, played during April<\/p>\n<p><strong> With a number of illustrious co-workers Jacke Sj\u00f6din and his \u201cTop lunch\u201d compete with&nbsp;the Cathedral, the Concert Hall and the Palace abouth which of them has the&nbsp;best perspective. The outcome is given, Bj\u00f6rn G Stenberg thinks.<\/strong><\/p>\n<p>It\u2019s no big secret that Jacke Sj\u00f6din is Uppsala\u2019s greatest rhymer since&nbsp;the days of Owe Th\u00f6rnqvist. Anyone who didn\u2019t know gets to know already in the initial act of Katalin\u2019s lunch performance, when he immediately&nbsp;breaks the&nbsp;world record in rhyming to the word \u201cspring\u201d. Impressive as usual (&#8230;)<\/p>\n<p>But if the spring feeling&nbsp;came to life in that number, it&nbsp;disappeared very quickly when impressive Helen Sj\u00f6holm in a half-sung monologue brought up the summer stress. How will we keep up with everything, experience everything, and in the right way?<\/p>\n<p>More world records were also served when the world history from Big Bang to the present day was showed in four minutes and fifty-three seconds. (&#8230;)<\/p>\n<p>I won\u2019t tell you more about the show. See it for yourselves. Or actually,&nbsp;I\u2019ll tell you one more&nbsp;thing. Have you ever heard Donald Duck singing a duet with Dolly Parton? Nope. Now you have the chance. Andreas Nilsson is all I\u2019m saying.<\/p>\n<p>Lunch performances are a rewarding form of a show. The audience\u2019s hunger is satisfied (here&nbsp;they even sang the recipe), and satiety brings comfort, just to reinforce. Though not that simple. Here the conditions are the best, with such a professional ensemble. (&#8230;)<\/p>\n<p>Jacke Sj\u00f6din has been rhyming in Uppsala for so long now that you forget that he originally is from Sollefte\u00e5. He is so skilled that he immediately puts several jokes and stanzas from a person in the audience (&#8230;)<\/p>\n<p>More Norrland gilded. Sundsvall native Helen Sj\u00f6holm no longer needs any kind of presentation, but I had forgotten how versatile she is. And what a stage presence. Can never get too much of her. She plays bass guitar too.<\/p>\n<p>Andreas Nilsson turned out to be a voice equilibrist of God\u2019s grace. There is not one dialect he can\u2019t imitate. A funny person also otherwise. Add Mikael Skoglund\u2019s precise piano accompaniment to&nbsp;most parts, he could very well have been given a little bit more space.<\/p>\n<p>The chemistry between the participants also contributes greatly to the good atmosphere. Saturate to both body and soul the premiere audience seemed fully satisfied when they left, even though the ensemble as last number sang \u201cStay\u201d in Swedish translation, \u201cStanna\u201d.<b><br \/>\n<\/b><\/p>\n<p><em>(Due to copyright reasons the entire review cannot be reproduced)<\/em><\/p>\n<p><a href=\"https:\/\/helensjoholm.nu\/_eng\/reviews-2014\/\">Back<\/a><\/p>\n","protected":false},"excerpt":{"rendered":"<p>Uppsala Nya Tidning 140401 By: BJ\u00d6RN G. STENBERG Show Top lunch Jacke Sj\u00f6din, Helen Sj\u00f6holm, Andreas Nilsson and Mikael Skoglund. Katalin, played during April With <a class=\"more-link\" href=\"https:\/\/helensjoholm.nu\/_eng\/press-clips\/reviews-2014\/crowded-premiere-for-top-lunch\/\">Read More &#8230;<\/a><\/p>\n","protected":false},"author":1,"featured_media":0,"parent":5119,"menu_order":0,"comment_status":"closed","ping_status":"closed","template":"","meta":{"ngg_post_thumbnail":0,"footnotes":""},"class_list":["post-5271","page","type-page","status-publish","hentry"],"aioseo_notices":[],"_links":{"self":[{"href":"https:\/\/helensjoholm.nu\/_eng\/wp-json\/wp\/v2\/pages\/5271","targetHints":{"allow":["GET"]}}],"collection":[{"href":"https:\/\/helensjoholm.nu\/_eng\/wp-json\/wp\/v2\/pages"}],"about":[{"href":"https:\/\/helensjoholm.nu\/_eng\/wp-json\/wp\/v2\/types\/page"}],"author":[{"embeddable":true,"href":"https:\/\/helensjoholm.nu\/_eng\/wp-json\/wp\/v2\/users\/1"}],"replies":[{"embeddable":true,"href":"https:\/\/helensjoholm.nu\/_eng\/wp-json\/wp\/v2\/comments?post=5271"}],"version-history":[{"count":0,"href":"https:\/\/helensjoholm.nu\/_eng\/wp-json\/wp\/v2\/pages\/5271\/revisions"}],"up":[{"embeddable":true,"href":"https:\/\/helensjoholm.nu\/_eng\/wp-json\/wp\/v2\/pages\/5119"}],"wp:attachment":[{"href":"https:\/\/helensjoholm.nu\/_eng\/wp-json\/wp\/v2\/media?parent=5271"}],"curies":[{"name":"wp","href":"https:\/\/api.w.org\/{rel}","templated":true}]}}