{"id":5195,"date":"2014-03-01T18:51:44","date_gmt":"2014-03-01T16:51:44","guid":{"rendered":"http:\/\/helensjoholm.nu\/_eng\/?page_id=5195"},"modified":"2022-03-15T15:40:53","modified_gmt":"2022-03-15T13:40:53","slug":"smashingly-delivered-with-musical-class","status":"publish","type":"page","link":"https:\/\/helensjoholm.nu\/_eng\/press-clips\/reviews-2014\/smashingly-delivered-with-musical-class\/","title":{"rendered":"Smashingly delivered with musical class"},"content":{"rendered":"<p><strong>J\u00f6nk\u00f6pings-Posten 140301<\/strong><\/p>\n<p>By: HANS&nbsp;J\u00c4REBY<\/p>\n<p>Concert<br \/>\nHelen Sj\u00f6holm<br \/>\nWhere: Spira\/concert hall<br \/>\nMusicians: Jojje Wadenius, guitar, Martin \u00d6stergren, piano, Ulric Johansson, bass, Tomas Bergquist, percussion<\/p>\n<p>*****<\/p>\n<p>An&nbsp;unprecedented Friday evening at Spira that made all hairs stand on end and eyes fill with tears. It was Helen Sj\u00f6holm who achieved this in yours truly, and it&#8217;s Helen&#8217;s amazing voice that is the cause. A voice with a big range where the voice is clear as a bell in the entire registry and which she treats with both authority and delicacy.<\/p>\n<p>But it&#8217;s not just the voice, but the way in which she takes the stage and faces her audience. She is full of energy and you see how she enjoys every breath, every note and word that flows out between her lips. Helen Sj\u00f6holm possesses a great musical range and tonight&#8217;s audience&nbsp;really gets to enjoy that. No musical genre is alien to her, whether it includes ballads, musical tunes, or a classic tune written in the 1700s. We are also offered songs by Joni Mitchell, Billy Joel and Elvis Costello and the all too soon deceased Judee Sill, but also a potpourri of old Swedish songs.<\/p>\n<p>Helen sings &#8220;V\u00e5rvindar friska&#8221;&nbsp;(which you have heard since childhood) in a way I&#8217;ve never heard it&nbsp;performed before. The song starts with Ulrik Johansson on bass,&nbsp;and then Helen interprets it&nbsp;with such emotion that you almost feel what happens in nature, you feel both the spring winds and the fresh spring fragrance. Exquisitely interpreted and followed by more songs from the Swedish song treasure including &#8220;H\u00e4r \u00e4r gudagott att vara&#8221;.<\/p>\n<p>It&#8217;s not only Helen who shines. The quartet that&nbsp;accompanies her are no nestlings, they&#8217;ve grown up with the music and tell us in what way,&nbsp;and show us what they can do. Jojje Wadenius impresses with his song &#8220;K\u00e4rleksmorgon&#8221; and \u00d6stergren shines on the piano with his piece from the musical Peter Pan.<\/p>\n<p>Helen also provides a taste of the musical &#8220;Livet \u00e4r en schlager&#8221; based on Jonas Gardell&#8217;s movie of the same name but now with&nbsp;a new script, to premiere in the autumn and starring among others Helen Sj\u00f6holm.<\/p>\n<p>Tonight&#8217;s all samples offer all genres and nothing is foreign. She possesses that unique ability to take a sprawling and varied material and mold it to her own personal interpretation full of joy. Cat Stevens&#8217; &#8220;Moonshadow&#8221; or Laleh&#8217;s &#8220;V\u00e5rens f\u00f6rsta dag&#8221;, the artist Sj\u00f6holm offers an entire show with smalltalk, gambit and beautiful singing with edge with her unique voice, which sometimes discerns an ounce of suitable melancholy.<\/p>\n<p>The evening&#8217;s last song is &#8220;Gabriellas s\u00e5ng&#8221;, but the audience is not satisfied&nbsp;yet. &#8220;Du \u00e4r min man&#8221;, which has been played on the radio so much that you&#8217;ve become fed up with it, turns out to be something completely different live, it&#8217;s a gem in its kind, but the final is &#8220;V\u00e5r sista dans&#8221; and to&nbsp;standing ovations several times over. This really beats after work this Friday. Imagine that you would be leaving with &#8220;Du \u00e4r min man&#8221; ringing in your head this evening.<\/p>\n<p><a href=\"https:\/\/helensjoholm.nu\/_eng\/reviews-2014\/\">Back<\/a><\/p>\n","protected":false},"excerpt":{"rendered":"<p>J\u00f6nk\u00f6pings-Posten 140301 By: HANS&nbsp;J\u00c4REBY Concert Helen Sj\u00f6holm Where: Spira\/concert hall Musicians: Jojje Wadenius, guitar, Martin \u00d6stergren, piano, Ulric Johansson, bass, Tomas Bergquist, percussion ***** An&nbsp;unprecedented <a class=\"more-link\" href=\"https:\/\/helensjoholm.nu\/_eng\/press-clips\/reviews-2014\/smashingly-delivered-with-musical-class\/\">Read More &#8230;<\/a><\/p>\n","protected":false},"author":1,"featured_media":0,"parent":5119,"menu_order":0,"comment_status":"closed","ping_status":"closed","template":"","meta":{"ngg_post_thumbnail":0,"footnotes":""},"class_list":["post-5195","page","type-page","status-publish","hentry"],"aioseo_notices":[],"_links":{"self":[{"href":"https:\/\/helensjoholm.nu\/_eng\/wp-json\/wp\/v2\/pages\/5195","targetHints":{"allow":["GET"]}}],"collection":[{"href":"https:\/\/helensjoholm.nu\/_eng\/wp-json\/wp\/v2\/pages"}],"about":[{"href":"https:\/\/helensjoholm.nu\/_eng\/wp-json\/wp\/v2\/types\/page"}],"author":[{"embeddable":true,"href":"https:\/\/helensjoholm.nu\/_eng\/wp-json\/wp\/v2\/users\/1"}],"replies":[{"embeddable":true,"href":"https:\/\/helensjoholm.nu\/_eng\/wp-json\/wp\/v2\/comments?post=5195"}],"version-history":[{"count":0,"href":"https:\/\/helensjoholm.nu\/_eng\/wp-json\/wp\/v2\/pages\/5195\/revisions"}],"up":[{"embeddable":true,"href":"https:\/\/helensjoholm.nu\/_eng\/wp-json\/wp\/v2\/pages\/5119"}],"wp:attachment":[{"href":"https:\/\/helensjoholm.nu\/_eng\/wp-json\/wp\/v2\/media?parent=5195"}],"curies":[{"name":"wp","href":"https:\/\/api.w.org\/{rel}","templated":true}]}}