{"id":5173,"date":"2014-02-23T12:49:16","date_gmt":"2014-02-23T10:49:16","guid":{"rendered":"http:\/\/helensjoholm.nu\/_eng\/?page_id=5173"},"modified":"2022-03-15T15:37:26","modified_gmt":"2022-03-15T13:37:26","slug":"treasure-well-worth-listening-to","status":"publish","type":"page","link":"https:\/\/helensjoholm.nu\/_eng\/press-clips\/reviews-2014\/treasure-well-worth-listening-to\/","title":{"rendered":"Treasure well worth listening to"},"content":{"rendered":"<p><span id=\"yui_3_13_0_ym1_1_1393151631838_4003\" style=\"font-family: Verdana;\"><strong id=\"yui_3_13_0_ym1_1_1393151631838_4034\">Corren 140221<\/strong><\/span><\/p>\n<p>By: HELENA LUNDBERG<\/p>\n<p><strong id=\"yui_3_13_0_ym1_1_1393151631838_4031\">Concert<br \/>\n<\/strong><strong id=\"yui_3_13_0_ym1_1_1393151631838_4029\">CCCC<br \/>\n<\/strong><strong id=\"yui_3_13_0_ym1_1_1393151631838_4001\">Starring: Helen Sj\u00f6holm, vocals, Martin \u00d6stergren, piano; Tomas Bergquist, percussion; Ulric Johanson, bass; Jojje Wadenius guitar<br \/>\n<\/strong><strong id=\"yui_3_13_0_ym1_1_1393151631838_4027\">Crusell Hall, Link\u00f6ping, 21\/2<br \/>\n<\/strong><br \/>\n(&#8230;)<\/p>\n<div id=\"yui_3_13_0_ym1_1_1393151631838_4005\" dir=\"ltr\">After Wadenius&#8217; initial maneuver Helen Sj\u00f6holm enters the stage and gives us a Swedish version of Joni Mitchell&#8217;s &#8220;Both sides now&#8221; followed closely by Eva Dahlgren&#8217;s &#8220;Glad och lycklig&#8221;. Then we get to tonight&#8217;s only rhymed smalltalk, where both Berg and Mantorp are mentioned. The local winsk are popular with the audience and the performers for the evening have us all in their palm.<br \/>\nHelen Sj\u00f6holm and her backing band move effortlessly among genres. Here&#8217;s musical repertoire, songs of Billy Joel and Elvis Costello and the all too soon deceased Judee Sill but also a potpourri of old Swedish songs. Of course we get to hear &#8220;Du m\u00e5ste finnas&#8221; from Bj\u00f6rn and Benny&#8217;s &#8220;Kristina fr\u00e5n Duvem\u00e5la&#8221;. But also &#8220;Bortom sol och m\u00e5ne&#8221; from the musical &#8220;Hj\u00e4lp&nbsp;s\u00f6kes&#8221; which was played at the Orion Theatre just a year ago.The treasure that Helen Sj\u00f6holm&#8217;s unearthed in the Swedish song archive&nbsp;are well worth listening to. (&#8230;)<\/p>\n<div dir=\"ltr\">\n<p>Helen Sj\u00f6holm stands out among our popular singers because she doesn&#8217;t write songs herself. She interprets other people&#8217;s songs with both heart and soul and her voice seems to have no range limits at all. It sounds playfully simple and the unpretentiousness and naturalness recur in the smalltalk between songs. It&#8217;s friendly and inviting, both to her fellow musicians and to us in the audience. You simply sit and enjoy a perfect start of the weekend.<\/p>\n<div dir=\"ltr\">\n<p><em>(Due to copyright reasons the entire review cannot be reproduced)<\/em><\/p>\n<div dir=\"ltr\"><a href=\"https:\/\/helensjoholm.nu\/_eng\/reviews-2014\/\">Back<\/a><\/div>\n<\/div>\n<\/div>\n<\/div>\n","protected":false},"excerpt":{"rendered":"<p>Corren 140221 By: HELENA LUNDBERG Concert CCCC Starring: Helen Sj\u00f6holm, vocals, Martin \u00d6stergren, piano; Tomas Bergquist, percussion; Ulric Johanson, bass; Jojje Wadenius guitar Crusell Hall, <a class=\"more-link\" href=\"https:\/\/helensjoholm.nu\/_eng\/press-clips\/reviews-2014\/treasure-well-worth-listening-to\/\">Read More &#8230;<\/a><\/p>\n","protected":false},"author":1,"featured_media":0,"parent":5119,"menu_order":0,"comment_status":"closed","ping_status":"closed","template":"","meta":{"ngg_post_thumbnail":0,"footnotes":""},"class_list":["post-5173","page","type-page","status-publish","hentry"],"aioseo_notices":[],"_links":{"self":[{"href":"https:\/\/helensjoholm.nu\/_eng\/wp-json\/wp\/v2\/pages\/5173","targetHints":{"allow":["GET"]}}],"collection":[{"href":"https:\/\/helensjoholm.nu\/_eng\/wp-json\/wp\/v2\/pages"}],"about":[{"href":"https:\/\/helensjoholm.nu\/_eng\/wp-json\/wp\/v2\/types\/page"}],"author":[{"embeddable":true,"href":"https:\/\/helensjoholm.nu\/_eng\/wp-json\/wp\/v2\/users\/1"}],"replies":[{"embeddable":true,"href":"https:\/\/helensjoholm.nu\/_eng\/wp-json\/wp\/v2\/comments?post=5173"}],"version-history":[{"count":0,"href":"https:\/\/helensjoholm.nu\/_eng\/wp-json\/wp\/v2\/pages\/5173\/revisions"}],"up":[{"embeddable":true,"href":"https:\/\/helensjoholm.nu\/_eng\/wp-json\/wp\/v2\/pages\/5119"}],"wp:attachment":[{"href":"https:\/\/helensjoholm.nu\/_eng\/wp-json\/wp\/v2\/media?parent=5173"}],"curies":[{"name":"wp","href":"https:\/\/api.w.org\/{rel}","templated":true}]}}