{"id":5168,"date":"2014-02-23T11:53:39","date_gmt":"2014-02-23T09:53:39","guid":{"rendered":"http:\/\/helensjoholm.nu\/_eng\/?page_id=5168"},"modified":"2022-03-15T15:37:20","modified_gmt":"2022-03-15T13:37:20","slug":"standing-ovations-resounded-in-the-concert-hall","status":"publish","type":"page","link":"https:\/\/helensjoholm.nu\/_eng\/press-clips\/reviews-2014\/standing-ovations-resounded-in-the-concert-hall\/","title":{"rendered":"Standing ovations resounded in the Concert Hall"},"content":{"rendered":"<p><strong>Arbetarbladet 140222<\/strong><br \/>\n&nbsp;<br \/>\nBy: LISA PERSSON<\/p>\n<p>Ballads, pop and musical, everything is offered during the evening and that&#8217;s pretty much what can be expected of a woman who finds it difficult to limit herself to a particular genre.<\/p>\n<p>In 1995 Helen made her breakthrough as Kristina in the musical Kristina fr\u00e5n Duvem\u00e5la. After that there have been more musicals but also records with for example Jojje Wadenius and Anders Widmark, a tour with Bj\u00f6rn Skifs and involvement in S\u00e5 ska det l\u00e5ta, Rhapsody in Rock and Alls\u00e5ng p\u00e5 Skansen. She has her biggest hit together with Benny Andersson Band (BAO), &#8220;Du \u00e4r min man&#8221; was on the Swedish charts for 278 weeks.<\/p>\n<p>With her on the stage are Jojje Wadenius, Martin \u00d6stergren, Ulric Johansson and Tomas Bergquist, who all of them are incredibly talented with their instruments. There are many anecdotes told in a humorous tone when the songs are presented, including when she fell and broke her knee and had to go to the gym, in the presentation of the song Moonshadow she tells us that Cat Stevens is Sissela Kyle&#8217;s cousin and when Martin \u00d6stergren is about to play the song Hanna flyger from the stage play Peter Pan, he jokes that Jojje didn&#8217;t want to wear a dress and be hoisted up to the ceiling in the way Hanna was. They also talk about how it is that they got into the music business, and play small pieces of the songs that inspired them as children &#8211; songs that they misinterpreted in a very funny way.<\/p>\n<p>Helen&#8217;s voice is strong and clear and for each song she sings she impresses more and more, even if the final is very nice with the songs Du \u00e4r min man and Gabriella&#8217;s s\u00e5ng, the highlight without a doubt is when she sings Laleh&#8217;s song &#8220;V\u00e5rens f\u00f6rsta dag&#8221;. Smashing!<\/p>\n<p>Source: <a href=\"http:\/\/arbetarbladet.se\/noje\/recensioner\/pascen\/1.6883070-staende-ovationer-ljod-i-konserthuset\">Arbetarbladet<\/a><\/p>\n<p><a href=\"https:\/\/helensjoholm.nu\/_eng\/reviews-2014\/\">Back<\/a><\/p>\n","protected":false},"excerpt":{"rendered":"<p>Arbetarbladet 140222 &nbsp; By: LISA PERSSON Ballads, pop and musical, everything is offered during the evening and that&#8217;s pretty much what can be expected of <a class=\"more-link\" href=\"https:\/\/helensjoholm.nu\/_eng\/press-clips\/reviews-2014\/standing-ovations-resounded-in-the-concert-hall\/\">Read More &#8230;<\/a><\/p>\n","protected":false},"author":1,"featured_media":0,"parent":5119,"menu_order":0,"comment_status":"closed","ping_status":"closed","template":"","meta":{"ngg_post_thumbnail":0,"footnotes":""},"class_list":["post-5168","page","type-page","status-publish","hentry"],"aioseo_notices":[],"_links":{"self":[{"href":"https:\/\/helensjoholm.nu\/_eng\/wp-json\/wp\/v2\/pages\/5168","targetHints":{"allow":["GET"]}}],"collection":[{"href":"https:\/\/helensjoholm.nu\/_eng\/wp-json\/wp\/v2\/pages"}],"about":[{"href":"https:\/\/helensjoholm.nu\/_eng\/wp-json\/wp\/v2\/types\/page"}],"author":[{"embeddable":true,"href":"https:\/\/helensjoholm.nu\/_eng\/wp-json\/wp\/v2\/users\/1"}],"replies":[{"embeddable":true,"href":"https:\/\/helensjoholm.nu\/_eng\/wp-json\/wp\/v2\/comments?post=5168"}],"version-history":[{"count":0,"href":"https:\/\/helensjoholm.nu\/_eng\/wp-json\/wp\/v2\/pages\/5168\/revisions"}],"up":[{"embeddable":true,"href":"https:\/\/helensjoholm.nu\/_eng\/wp-json\/wp\/v2\/pages\/5119"}],"wp:attachment":[{"href":"https:\/\/helensjoholm.nu\/_eng\/wp-json\/wp\/v2\/media?parent=5168"}],"curies":[{"name":"wp","href":"https:\/\/api.w.org\/{rel}","templated":true}]}}