{"id":5148,"date":"2014-02-19T00:07:01","date_gmt":"2014-02-18T22:07:01","guid":{"rendered":"http:\/\/helensjoholm.nu\/_eng\/?page_id=5148"},"modified":"2022-03-15T15:37:33","modified_gmt":"2022-03-15T13:37:33","slug":"brilliant-sjoholm-showed-her-tremendous-versatility","status":"publish","type":"page","link":"https:\/\/helensjoholm.nu\/_eng\/press-clips\/reviews-2014\/brilliant-sjoholm-showed-her-tremendous-versatility\/","title":{"rendered":"Brilliant Sj\u00f6holm showed her tremendous versatility"},"content":{"rendered":"<p><strong>V\u00e4sterbottens Folkblad 140217<\/strong><\/p>\n<p>By: HENRY L\u00c5NG<\/p>\n<p><strong>One of the country&#8217;s best singers visited Ume\u00e5 <\/strong><strong>\u2022 Treated us to several grains of gold<\/strong><\/p>\n<p><strong>MUSIC<br \/>\n<\/strong><strong>HELEN SJ\u00d6HOLM<br \/>\n<\/strong><strong>Idun Theatre, UME\u00c5<br \/>\n<\/strong><strong>\u2605 \u2605 \u2605 \u2605<br \/>\n<\/strong><strong>Audience: Sold out<br \/>\n<\/strong><strong>Best: &#8220;The kiss&#8221; .<br \/>\n<\/strong><strong>Worst: &#8220;Glad och lycklig&#8221;.<br \/>\n<\/strong><strong>Feels like a trifle <\/strong><strong>in this context.<\/strong><\/p>\n<p>She says it herself: a sprawling&nbsp;mixture of genres is on the program. Very few&nbsp;in the packed auditorium should have been surprised by that announcement. Helen Sj\u00f6holm is notorious and appreciated for her ability to jump between different styles. Indeed it also becomes a varied show: she and the four boldly backing musicians meritoriously tackle traditional ballads, vocal jazz, musical tunes, instrumental pieces and elegantly arranged rock, interspersed with monologues that sometimes are bouncy, but usually provide a context to the songs performed.<\/p>\n<p>That we are talking about one of the country&#8217;s foremost singers hardly needs to be added; Sj\u00f6holm&#8217;s clear diction and timbre rich voice fit both ballads and pop. And it&#8217;s awe-inspiring with an artist who naturally can tie together Kristina fr\u00e5n Duvem\u00e5la&#8217;s parade number &#8220;Du m\u00e5ste finnas&#8221; with Depeche Mode&#8217;s dark &#8220;Heaven&#8221; (nicely stretched by Jojje Wadenius&#8217; guitar solo), and kick life into Staffan Hellstrand&#8217;s &#8220;Fanfar&#8221; and make Olof von Dalin&#8217;s acid 1700s morality &#8220;Ombytlighet &#8211; v\u00e5r tids Gudinna&#8221; seem relevant.<\/p>\n<p>And despite the width of expression it&#8217;s possible to find a common denominator for the evening&#8217;s most memorable covers: dramatic intensity, combined with beautiful harmonies. It&#8217;s evident in the Swedish-language version by Joni Mitchell&#8217;s &#8220;Both sides now&#8221;, as well as in &#8220;\u00c4rlighet&#8221;&nbsp;&#8211; Tomas Andersson Wij&#8217;s fine print translation of Billy Joel&#8217;s &#8220;Honesty&#8221;. The real highlight, however, is the empathetic version of Judee Sill&#8217;s &#8220;The kiss&#8221;. You can hear it is a song that Helen Sj\u00f6holm neither can nor want to shake off. I fully understand her.<\/p>\n<p><strong>Source:<\/strong> <a title=\"V\u00e4sterbottens Folkblad\" href=\"http:\/\/www.folkbladet.nu\/\" target=\"_blank\" rel=\"noopener\">V\u00e4sterbottens Folkblad<\/a><\/p>\n<p><a href=\"https:\/\/helensjoholm.nu\/_eng\/reviews-2014\/\">Back<\/a><\/p>\n","protected":false},"excerpt":{"rendered":"<p>V\u00e4sterbottens Folkblad 140217 By: HENRY L\u00c5NG One of the country&#8217;s best singers visited Ume\u00e5 \u2022 Treated us to several grains of gold MUSIC HELEN SJ\u00d6HOLM <a class=\"more-link\" href=\"https:\/\/helensjoholm.nu\/_eng\/press-clips\/reviews-2014\/brilliant-sjoholm-showed-her-tremendous-versatility\/\">Read More &#8230;<\/a><\/p>\n","protected":false},"author":1,"featured_media":0,"parent":5119,"menu_order":0,"comment_status":"closed","ping_status":"closed","template":"","meta":{"ngg_post_thumbnail":0,"footnotes":""},"class_list":["post-5148","page","type-page","status-publish","hentry"],"aioseo_notices":[],"_links":{"self":[{"href":"https:\/\/helensjoholm.nu\/_eng\/wp-json\/wp\/v2\/pages\/5148","targetHints":{"allow":["GET"]}}],"collection":[{"href":"https:\/\/helensjoholm.nu\/_eng\/wp-json\/wp\/v2\/pages"}],"about":[{"href":"https:\/\/helensjoholm.nu\/_eng\/wp-json\/wp\/v2\/types\/page"}],"author":[{"embeddable":true,"href":"https:\/\/helensjoholm.nu\/_eng\/wp-json\/wp\/v2\/users\/1"}],"replies":[{"embeddable":true,"href":"https:\/\/helensjoholm.nu\/_eng\/wp-json\/wp\/v2\/comments?post=5148"}],"version-history":[{"count":0,"href":"https:\/\/helensjoholm.nu\/_eng\/wp-json\/wp\/v2\/pages\/5148\/revisions"}],"up":[{"embeddable":true,"href":"https:\/\/helensjoholm.nu\/_eng\/wp-json\/wp\/v2\/pages\/5119"}],"wp:attachment":[{"href":"https:\/\/helensjoholm.nu\/_eng\/wp-json\/wp\/v2\/media?parent=5148"}],"curies":[{"name":"wp","href":"https:\/\/api.w.org\/{rel}","templated":true}]}}