{"id":5113,"date":"2014-02-15T10:20:56","date_gmt":"2014-02-15T08:20:56","guid":{"rendered":"http:\/\/helensjoholm.nu\/_eng\/?page_id=5113"},"modified":"2022-03-15T15:29:06","modified_gmt":"2022-03-15T13:29:06","slug":"helen-sings-with-joy","status":"publish","type":"page","link":"https:\/\/helensjoholm.nu\/_eng\/press-clips\/interviews-2014\/helen-sings-with-joy\/","title":{"rendered":"Helen sings with joy"},"content":{"rendered":"<p><strong>V\u00e4sterbottens-Kuriren 140211<\/strong><\/p>\n<p>By: EVELINA BURSTR\u00d6M<\/p>\n<p><strong>Always nervous. She&#8217;s not a musical lover, and schlager is not her cup of tea. On Friday Helen Sj\u00f6holm performs at a sold out Idun, and she promises to be extra loving.<\/strong><\/p>\n<p>Helen Sj\u00f6holm has been on stage since the age of 17 when she sang in choir and was involved in musicals in her hometown Sundsvall. To stand on a stage may seem terrifying for most people; but Helen Sj\u00f6holm has still been drawn to it.<br \/>\n&#8211; Sometimes I ask myself that before premieres: Why do I go into this? But if you have the prerequisites I&#8217;ve had, with a mighty joy of singing, a voice that&#8217;s strong and a need to express yourself, it feels very joyful. I have a great need to sing and act, she tells VK.<br \/>\nThough Helen Sj\u00f6holm is still nervous before her performances.<br \/>\n&#8211; Yes, always. But I&#8217;ve discovered there&#8217;s a lot of energy in that too, which you really can use when you perform. I think you have to be a bit tense and nervous. It requires such a concentration and being in the moment to perform that there must be a tension.<\/p>\n<p><strong><em>Maybe you&#8217;re best known for your musical roles. What is it about the musical format that you like?<\/em><\/strong><br \/>\n&#8211; I think that the format likes me more than I like the format, to be honest. I&#8217;m not a musical fan. It&#8217;s not a genre I usually listen to, but I like nice productions. I simply think that I&#8217;m suited for it; I&#8217;m a fairly adroit actress with a dramatic voice.<\/p>\n<p>On Friday Helen Sj\u00f6holm comes to Ume\u00e5 for a completely sold out concert at Idun Theatre. In the concert she collects previous musical collaborations &#8211; as a ballad album with Jojje Wadenius and, of course, as a singer in Benny Andersson Band &#8211; with musical tunes and some personal gems. Billy Joel, Joni Mitchell, Elvis Costello and Staffan Hellstrand for example.<br \/>\n&#8211; There&#8217;s a vast mixture, but everything is mixed in a music form that suits me and my band, Helen Sj\u00f6holm says.<\/p>\n<p>After this tour, which ends in March, Helen Sj\u00f6holm starts repeating Livet \u00e4r en schlager (Life is a hit song), the musical by Jonas Gardell&#8217;s movie of the same name, which premieres in September.<br \/>\nAlthough Helen Sj\u00f6holm has been asked many times to participate in the Swedish Eurovision Song Contest, it&#8217;s not for her.<br \/>\n&#8211; I sit glued in front of the TV now with my 6 year old son, and it can be entertaining. I&#8217;m impressed by people who nail a song in three minutes, just like that. But it&#8217;s really not my thing to go in there and compete and do something in such a short context. I love musical contexts where you have more time and can build atmospheres, she says.<\/p>\n<p><strong><em>When you perform in Ume\u00e5 on Friday it&#8217;s Valentine&#8217;s Day&#8230;<\/em><\/strong><br \/>\n&#8211; Oh God, how cute! I have actually not thought of that. That feels very nice, especially when Ume\u00e5 is the cultural capital of the year. That feels great. It&#8217;s been a long time since I sang in Ume\u00e5 so it&#8217;ll be fun. Then I will be extra loving.<\/p>\n<hr>\n<p><strong>Has three children<\/strong><\/p>\n<p><strong>Name:<\/strong> Marie Helen Sj\u00f6holm.<br \/>\n<strong>Age:<\/strong> 43 years old.<br \/>\n<strong>Born:<\/strong> Sk\u00f6ns parish, Sundsvall.<br \/>\n<strong>Lives:<\/strong> Nacka, Stockholm.<br \/>\n<strong>Family:<\/strong> Husband David Granditsky, sound engineer. Children Ruben, (6 years old) and twins Samuel and Johanna (2 years).<br \/>\n<strong>Background:<\/strong> Roles in musicals like Kristina from Duvem\u00e5la, Chess and My Fair Lady. Has performed in tours with Bj\u00f6rn Skifs and Rhapsody in Rock, TV shows like S\u00e5 ska det l\u00e5ta and Alls\u00e5ng p\u00e5 Skansen and stagings Fiddler on the Roof, Les Miserables and Aniara. Has toured and released the CD &#8220;Visor&#8221; with Jojje Wadenius, and released the album Genom varje andetag with Anders Widmark. Sings in Benny Andersson Band. Film roles in D\u00e4r regnb\u00e5gen slutar and S\u00e5 som i himmelen.<br \/>\n<strong>Currently:<\/strong> Performs at Idunteatern in Ume\u00e5 on Friday.<\/p>\n<hr>\n<p><a href=\"https:\/\/helensjoholm.nu\/_eng\/interviews-2014\/\">Back<\/a><\/p>\n","protected":false},"excerpt":{"rendered":"<p>V\u00e4sterbottens-Kuriren 140211 By: EVELINA BURSTR\u00d6M Always nervous. She&#8217;s not a musical lover, and schlager is not her cup of tea. On Friday Helen Sj\u00f6holm performs <a class=\"more-link\" href=\"https:\/\/helensjoholm.nu\/_eng\/press-clips\/interviews-2014\/helen-sings-with-joy\/\">Read More &#8230;<\/a><\/p>\n","protected":false},"author":1,"featured_media":0,"parent":5121,"menu_order":0,"comment_status":"closed","ping_status":"closed","template":"","meta":{"ngg_post_thumbnail":0,"footnotes":""},"class_list":["post-5113","page","type-page","status-publish","hentry"],"aioseo_notices":[],"_links":{"self":[{"href":"https:\/\/helensjoholm.nu\/_eng\/wp-json\/wp\/v2\/pages\/5113","targetHints":{"allow":["GET"]}}],"collection":[{"href":"https:\/\/helensjoholm.nu\/_eng\/wp-json\/wp\/v2\/pages"}],"about":[{"href":"https:\/\/helensjoholm.nu\/_eng\/wp-json\/wp\/v2\/types\/page"}],"author":[{"embeddable":true,"href":"https:\/\/helensjoholm.nu\/_eng\/wp-json\/wp\/v2\/users\/1"}],"replies":[{"embeddable":true,"href":"https:\/\/helensjoholm.nu\/_eng\/wp-json\/wp\/v2\/comments?post=5113"}],"version-history":[{"count":0,"href":"https:\/\/helensjoholm.nu\/_eng\/wp-json\/wp\/v2\/pages\/5113\/revisions"}],"up":[{"embeddable":true,"href":"https:\/\/helensjoholm.nu\/_eng\/wp-json\/wp\/v2\/pages\/5121"}],"wp:attachment":[{"href":"https:\/\/helensjoholm.nu\/_eng\/wp-json\/wp\/v2\/media?parent=5113"}],"curies":[{"name":"wp","href":"https:\/\/api.w.org\/{rel}","templated":true}]}}