{"id":4875,"date":"2013-10-22T13:07:54","date_gmt":"2013-10-22T11:07:54","guid":{"rendered":"http:\/\/helensjoholm.nu\/_eng\/?page_id=4875"},"modified":"2022-03-15T15:25:10","modified_gmt":"2022-03-15T13:25:10","slug":"sjoholm-charmed-the-malmo-audience","status":"publish","type":"page","link":"https:\/\/helensjoholm.nu\/_eng\/press-clips\/reviews-2013\/sjoholm-charmed-the-malmo-audience\/","title":{"rendered":"Sj\u00f6holm charmed the Malm\u00f6 audience"},"content":{"rendered":"<p><strong>Sk\u00e5nska Dagbladet 131021<\/strong><br \/>\nBy: Jan Olsson<\/p>\n<p><strong>Concert<br \/>\nThe Tramway\u2019s autumn concert 2013<\/strong><br \/>\n<em>The Tramway Band with Helen Sj\u00f6holm, Margareta Nilsson, Diana Nu\u00f1es &amp; &#8211; partly<em> &#8211;<\/em> Marianne M\u00f6rck<br \/>\nConductor: Conny M\u00e5nsson<br \/>\nMalm\u00f6 Concert House, October 20<\/em><\/p>\n<p>For years, the Tramway Band unsuccessfully have tried to entice Helen Sj\u00f6holm to its traditional autumn concert. But this time it finally worked, with the result that the tickets since long were sold out. And no one who had managed to get hold of a ticket could have been disappointed. The always nice Helen gave everything &#8211; and then some, it seemed. With her fine connection with the audience, her wonderful charisma and, not least, her amazing voice, she cheerfully and efficiently lay the audience at her feet.<br \/>\nNaturally the Swedish top chart successes poured out one after the other. &#8220;Du \u00e4r min man,&#8221; &#8220;Gabriellas s\u00e5ng&#8221; from the film As it is in Heaven, and &#8220;Den sista dansen&#8221;, which was used as a popular encore, had the numerous audience cheer with joy. &#8220;I know him so well&#8221; from Bj\u00f6rn &amp; Benny&#8217;s musical Chess in Helen&#8217;s version is also something you will remember for a long time.<\/p>\n<p>(&#8230;)<\/p>\n<p><em>(Only the part of the review concerning Helen is reproduced)<\/em><\/p>\n<p><a href=\"https:\/\/helensjoholm.nu\/_eng\/press-clips\/reviews-2013\/\">Back<\/a><\/p>\n","protected":false},"excerpt":{"rendered":"<p>Sk\u00e5nska Dagbladet 131021 By: Jan Olsson Concert The Tramway\u2019s autumn concert 2013 The Tramway Band with Helen Sj\u00f6holm, Margareta Nilsson, Diana Nu\u00f1es &amp; &#8211; partly <a class=\"more-link\" href=\"https:\/\/helensjoholm.nu\/_eng\/press-clips\/reviews-2013\/sjoholm-charmed-the-malmo-audience\/\">Read More &#8230;<\/a><\/p>\n","protected":false},"author":1,"featured_media":0,"parent":780,"menu_order":0,"comment_status":"closed","ping_status":"closed","template":"","meta":{"ngg_post_thumbnail":0,"footnotes":""},"class_list":["post-4875","page","type-page","status-publish","hentry"],"aioseo_notices":[],"_links":{"self":[{"href":"https:\/\/helensjoholm.nu\/_eng\/wp-json\/wp\/v2\/pages\/4875","targetHints":{"allow":["GET"]}}],"collection":[{"href":"https:\/\/helensjoholm.nu\/_eng\/wp-json\/wp\/v2\/pages"}],"about":[{"href":"https:\/\/helensjoholm.nu\/_eng\/wp-json\/wp\/v2\/types\/page"}],"author":[{"embeddable":true,"href":"https:\/\/helensjoholm.nu\/_eng\/wp-json\/wp\/v2\/users\/1"}],"replies":[{"embeddable":true,"href":"https:\/\/helensjoholm.nu\/_eng\/wp-json\/wp\/v2\/comments?post=4875"}],"version-history":[{"count":0,"href":"https:\/\/helensjoholm.nu\/_eng\/wp-json\/wp\/v2\/pages\/4875\/revisions"}],"up":[{"embeddable":true,"href":"https:\/\/helensjoholm.nu\/_eng\/wp-json\/wp\/v2\/pages\/780"}],"wp:attachment":[{"href":"https:\/\/helensjoholm.nu\/_eng\/wp-json\/wp\/v2\/media?parent=4875"}],"curies":[{"name":"wp","href":"https:\/\/api.w.org\/{rel}","templated":true}]}}