{"id":4872,"date":"2013-10-22T13:02:57","date_gmt":"2013-10-22T11:02:57","guid":{"rendered":"http:\/\/helensjoholm.nu\/_eng\/?page_id=4872"},"modified":"2022-03-15T15:25:04","modified_gmt":"2022-03-15T13:25:04","slug":"big-star-with-a-talented-voice","status":"publish","type":"page","link":"https:\/\/helensjoholm.nu\/_eng\/press-clips\/reviews-2013\/big-star-with-a-talented-voice\/","title":{"rendered":"Big star with a talented voice"},"content":{"rendered":"<p><strong>S\u00f6lvesborgs-Tidningen 131021<\/strong><br \/>\nBy: Henrik Svensson<\/p>\n<p><strong>Concert<\/strong><br \/>\n<em>Helen Sj\u00f6holm on autumn tour<\/em><i><br \/>\n<em>Concert Hall Theatre, Karlskrona<\/em><br \/>\n<em>Sold out<\/em><\/i><\/p>\n<p>Nearly two decades into her career,&nbsp;a whole 18 years since her break through in Bj\u00f6rn Ulvaeus and Benny Andersson&#8217;s <i>Kristina fr\u00e5n Duvem\u00e5la<\/i>, Helen Sj\u00f6holm continues to constantly surprise her audience. The appearance at the Concert Hall Theatre was no exception.<br \/>\nHelen Sj\u00f6holm&#8217;s performance together with H\u00e5kan Hellstrom this summer, during the latter&#8217;s own section of <i>Alls\u00e5ng p\u00e5 Skansen<\/i> once again showed that Sj\u00f6holm&nbsp;can manage most genres.<\/p>\n<p><strong>The voice with large V<\/strong><br \/>\nDuring the autumn tour the musical artist, who is at home both in&nbsp;folk music as well as on the big screen, lets pure pop&nbsp;music take a more defined role. It&#8217;s easy to be amazed by the fingertip feeling that has found&nbsp;Saturday evening&#8217;s selection of pop songs, mainly thinking of rare number as the British folk singer Judee Sill&#8217;s The Kiss and Veronica, written by Elvis Costello and Paul McCartney.<br \/>\nIt is not only a delight for hardcore pop fans. Helen Sj\u00f6holm makes both those and her own hits her own, with the same near-surgical song precision we have gotten used to.&nbsp;Because with Helen Sj\u00f6holm it is indeed possible to speak about the voice with a large V. The most important aspect of a good singing voice is actually not at all the ability to reach the highest notes, but rather to get the audience to completely lose ourselves in the music and the stories it tells.<br \/>\nHelen Sj\u00f6holm has always possessed this ability. Jojje Wadenius, for the evening acting as comp musician, shines more than once and especially during the band&#8217;s interpretations of classical Swedish folk songs.<\/p>\n<p><strong>High class of the music<\/strong><br \/>\nAlso pianist Martin \u00d6stergren demonstrates his skill when the music to the&nbsp;play <i>Peter Pan and Wendy<\/i> (performed last winter at Stockholm City Theatre) is presented. It&#8217;s also at these occasions that it&#8217;s possible to remark that the jumps between genres sometimes&nbsp;becomes a little bit too eccentric, that it becomes difficult to find a thread from pop explosions to folk song interpretations and instrumental musical numbers.<\/p>\n<p>At the same time each single number is of such high class that Helen Sj\u00f6holm and her co-musicians may be forgiven for that. Quality should always rank highest.<\/p>\n<p><a href=\"https:\/\/helensjoholm.nu\/_eng\/press-clips\/reviews-2013\/\">Back<\/a><\/p>\n","protected":false},"excerpt":{"rendered":"<p>S\u00f6lvesborgs-Tidningen 131021 By: Henrik Svensson Concert Helen Sj\u00f6holm on autumn tour Concert Hall Theatre, Karlskrona Sold out Nearly two decades into her career,&nbsp;a whole 18 <a class=\"more-link\" href=\"https:\/\/helensjoholm.nu\/_eng\/press-clips\/reviews-2013\/big-star-with-a-talented-voice\/\">Read More &#8230;<\/a><\/p>\n","protected":false},"author":1,"featured_media":0,"parent":780,"menu_order":0,"comment_status":"closed","ping_status":"closed","template":"","meta":{"ngg_post_thumbnail":0,"footnotes":""},"class_list":["post-4872","page","type-page","status-publish","hentry"],"aioseo_notices":[],"_links":{"self":[{"href":"https:\/\/helensjoholm.nu\/_eng\/wp-json\/wp\/v2\/pages\/4872","targetHints":{"allow":["GET"]}}],"collection":[{"href":"https:\/\/helensjoholm.nu\/_eng\/wp-json\/wp\/v2\/pages"}],"about":[{"href":"https:\/\/helensjoholm.nu\/_eng\/wp-json\/wp\/v2\/types\/page"}],"author":[{"embeddable":true,"href":"https:\/\/helensjoholm.nu\/_eng\/wp-json\/wp\/v2\/users\/1"}],"replies":[{"embeddable":true,"href":"https:\/\/helensjoholm.nu\/_eng\/wp-json\/wp\/v2\/comments?post=4872"}],"version-history":[{"count":0,"href":"https:\/\/helensjoholm.nu\/_eng\/wp-json\/wp\/v2\/pages\/4872\/revisions"}],"up":[{"embeddable":true,"href":"https:\/\/helensjoholm.nu\/_eng\/wp-json\/wp\/v2\/pages\/780"}],"wp:attachment":[{"href":"https:\/\/helensjoholm.nu\/_eng\/wp-json\/wp\/v2\/media?parent=4872"}],"curies":[{"name":"wp","href":"https:\/\/api.w.org\/{rel}","templated":true}]}}