{"id":4816,"date":"2013-10-17T20:19:26","date_gmt":"2013-10-17T18:19:26","guid":{"rendered":"http:\/\/helensjoholm.nu\/_eng\/?page_id=4816"},"modified":"2022-03-15T15:24:55","modified_gmt":"2022-03-15T13:24:55","slug":"helen-sjoholm-sang-to-a-packed-hall","status":"publish","type":"page","link":"https:\/\/helensjoholm.nu\/_eng\/press-clips\/reviews-2013\/helen-sjoholm-sang-to-a-packed-hall\/","title":{"rendered":"Helen Sj\u00f6holm sang to a packed hall"},"content":{"rendered":"<p><strong>VLT 131014<\/strong><br \/>\nBy: Ann Lystedt<\/p>\n<p><em>Helen Sj\u00f6holm with band.<\/em><br \/>\n<em> V\u00e4ster\u00e5s Concert House, last Saturday.<\/em><\/p>\n<p><strong>Great singer Helen Sj\u00f6holm didn&#8217;t want to choose a main genre for her autumn tour and why would she do that? The wild mixture has become her specialty.<\/strong><\/p>\n<p>(&#8230;) To many, she is of course the musical- and film music star, through the outstanding successes as Kristina and the downtrodden wife who rises in the &#8220;As it is in Heaven,&#8221; in the mighty Gabriellas s\u00e5ng. But then there is also the dance band songs in BAO and the ballads, the long runner on the Swedish charts, blues and the occasional rock classic. And Billy Joel&#8217;s juicy pieces of course, that in the packed concert on Saturday got a lot of space in Tomas Andersson Wij&#8217;s lyrical interpretations.<\/p>\n<p>Sj\u00f6holm doesn&#8217;t just move effortlessly between genres, she also interprets the wide dilemmas of the landscape of life through the lyrics of love and betrayal, faith and doubt (&#8230;)<\/p>\n<p>Even the stage fathoms wide, through stable musicians Jojje Wadenius, Martin \u00d6stergren, Tomas Bergquist and Ulric Johansson (&#8230;) Unexpectedly rough versions of Swedish ballad classics are interspersed with glimpses from &#8220;Livet \u00e4r en schlager&#8221; and beautiful &#8220;The Kiss&#8221; by Judee Sill. Jojje Wadenius&#8217; electric guitar adds the much needed hardness at times and when Depeche Mode&#8217;s rock heavy &#8220;Heaven&#8221; cuts off right after Sj\u00f6holm&#8217;s moving Du m\u00e5ste finnas the span is complete.<\/p>\n<p><em>(Full article is not reproduced for copyright reasons)<\/em><\/p>\n<p><a href=\"https:\/\/helensjoholm.nu\/_eng\/press-clips\/reviews-2013\/\">Back<\/a><\/p>\n","protected":false},"excerpt":{"rendered":"<p>VLT 131014 By: Ann Lystedt Helen Sj\u00f6holm with band. V\u00e4ster\u00e5s Concert House, last Saturday. Great singer Helen Sj\u00f6holm didn&#8217;t want to choose a main genre <a class=\"more-link\" href=\"https:\/\/helensjoholm.nu\/_eng\/press-clips\/reviews-2013\/helen-sjoholm-sang-to-a-packed-hall\/\">Read More &#8230;<\/a><\/p>\n","protected":false},"author":1,"featured_media":0,"parent":780,"menu_order":0,"comment_status":"closed","ping_status":"closed","template":"","meta":{"ngg_post_thumbnail":0,"footnotes":""},"class_list":["post-4816","page","type-page","status-publish","hentry"],"aioseo_notices":[],"_links":{"self":[{"href":"https:\/\/helensjoholm.nu\/_eng\/wp-json\/wp\/v2\/pages\/4816","targetHints":{"allow":["GET"]}}],"collection":[{"href":"https:\/\/helensjoholm.nu\/_eng\/wp-json\/wp\/v2\/pages"}],"about":[{"href":"https:\/\/helensjoholm.nu\/_eng\/wp-json\/wp\/v2\/types\/page"}],"author":[{"embeddable":true,"href":"https:\/\/helensjoholm.nu\/_eng\/wp-json\/wp\/v2\/users\/1"}],"replies":[{"embeddable":true,"href":"https:\/\/helensjoholm.nu\/_eng\/wp-json\/wp\/v2\/comments?post=4816"}],"version-history":[{"count":0,"href":"https:\/\/helensjoholm.nu\/_eng\/wp-json\/wp\/v2\/pages\/4816\/revisions"}],"up":[{"embeddable":true,"href":"https:\/\/helensjoholm.nu\/_eng\/wp-json\/wp\/v2\/pages\/780"}],"wp:attachment":[{"href":"https:\/\/helensjoholm.nu\/_eng\/wp-json\/wp\/v2\/media?parent=4816"}],"curies":[{"name":"wp","href":"https:\/\/api.w.org\/{rel}","templated":true}]}}