{"id":4637,"date":"2013-09-15T15:24:39","date_gmt":"2013-09-15T13:24:39","guid":{"rendered":"http:\/\/helensjoholm.nu\/_eng\/?page_id=4637"},"modified":"2022-06-26T06:52:18","modified_gmt":"2022-06-26T04:52:18","slug":"rosornas-gud","status":"publish","type":"page","link":"https:\/\/helensjoholm.nu\/_eng\/2011-2015\/aniara\/rosornas-gud\/","title":{"rendered":"Rosornas Gud"},"content":{"rendered":"<p>Kommer en rosornas gud<br \/>\nTy rosornas dagar \u00e4r komna<br \/>\nLiljans gudinna \u00e4r h\u00e4r<br \/>\nHur lyckligt n\u00e4r m\u00e4nskorna somna<br \/>\nSe m\u00e4rkliga feer g\u00e5 fram<br \/>\nTill sist d\u00e5 n\u00e4r f\u00e4rgerna blandas<br \/>\nNu \u00f6nskar violguden f\u00e4rg<br \/>\nViolernas dagar ska randas<br \/>\nVi sjunker i gudarnas lund<br \/>\nI mylla, pistiller och str\u00e5lar<br \/>\nOch p\u00e5 v\u00e5r f\u00f6rruttnelses grund<br \/>\nSe gudarna blommorna m\u00e5lar<br \/>\nJu mer vi f\u00f6rsvinna och d\u00f6<br \/>\nJu mindre ska gudarna s\u00f6rja<br \/>\nV\u00e5rt liv sm\u00e4lter bort s\u00e5 som sn\u00f6<br \/>\nN\u00e4r gudarnas somrar b\u00f6rjar<\/p>\n<p><a title=\"Aniara\" href=\"https:\/\/helensjoholm.nu\/_eng\/2011-and-forward-2\/aniara\/\">Back<\/a><\/p>\n","protected":false},"excerpt":{"rendered":"<p>Kommer en rosornas gud Ty rosornas dagar \u00e4r komna Liljans gudinna \u00e4r h\u00e4r Hur lyckligt n\u00e4r m\u00e4nskorna somna Se m\u00e4rkliga feer g\u00e5 fram Till sist <a class=\"more-link\" href=\"https:\/\/helensjoholm.nu\/_eng\/2011-2015\/aniara\/rosornas-gud\/\">Read More &#8230;<\/a><\/p>\n","protected":false},"author":1,"featured_media":0,"parent":2128,"menu_order":0,"comment_status":"closed","ping_status":"closed","template":"","meta":{"ngg_post_thumbnail":0,"footnotes":""},"class_list":["post-4637","page","type-page","status-publish","hentry"],"aioseo_notices":[],"_links":{"self":[{"href":"https:\/\/helensjoholm.nu\/_eng\/wp-json\/wp\/v2\/pages\/4637","targetHints":{"allow":["GET"]}}],"collection":[{"href":"https:\/\/helensjoholm.nu\/_eng\/wp-json\/wp\/v2\/pages"}],"about":[{"href":"https:\/\/helensjoholm.nu\/_eng\/wp-json\/wp\/v2\/types\/page"}],"author":[{"embeddable":true,"href":"https:\/\/helensjoholm.nu\/_eng\/wp-json\/wp\/v2\/users\/1"}],"replies":[{"embeddable":true,"href":"https:\/\/helensjoholm.nu\/_eng\/wp-json\/wp\/v2\/comments?post=4637"}],"version-history":[{"count":0,"href":"https:\/\/helensjoholm.nu\/_eng\/wp-json\/wp\/v2\/pages\/4637\/revisions"}],"up":[{"embeddable":true,"href":"https:\/\/helensjoholm.nu\/_eng\/wp-json\/wp\/v2\/pages\/2128"}],"wp:attachment":[{"href":"https:\/\/helensjoholm.nu\/_eng\/wp-json\/wp\/v2\/media?parent=4637"}],"curies":[{"name":"wp","href":"https:\/\/api.w.org\/{rel}","templated":true}]}}