{"id":4630,"date":"2013-09-15T15:06:39","date_gmt":"2013-09-15T13:06:39","guid":{"rendered":"http:\/\/helensjoholm.nu\/_eng\/?page_id=4630"},"modified":"2022-06-26T06:53:35","modified_gmt":"2022-06-26T04:53:35","slug":"hur-svart-att-tro","status":"publish","type":"page","link":"https:\/\/helensjoholm.nu\/_eng\/2011-2015\/aniara\/hur-svart-att-tro\/","title":{"rendered":"Hur sv\u00e5rt att tro"},"content":{"rendered":"<p>Hur sv\u00e5rt att tro p\u00e5 livet efter detta<br \/>\nLiv efter detta<br \/>\nHur r\u00e4tt att \u00f6nska livet efter detta<br \/>\nLiv efter detta<br \/>\nHur r\u00e4tt att till dess sk\u00f6nhet \u00e5terv\u00e4nda<br \/>\nAtt \u00e5terv\u00e4nda<br \/>\nOch inte bara d\u00f6 som strandens sl\u00e4nda<br \/>\nSom strandens sl\u00e4nda<br \/>\nHur r\u00e4tt att livet f\u00f6re d\u00f6dens hetta<br \/>\nHur l\u00e4tt att tro p\u00e5 livet efter detta<br \/>\nLiv efter detta<\/p>\n<p><a title=\"Aniara\" href=\"https:\/\/helensjoholm.nu\/_eng\/2011-and-forward-2\/aniara\/\">Back<\/a><\/p>\n","protected":false},"excerpt":{"rendered":"<p>Hur sv\u00e5rt att tro p\u00e5 livet efter detta Liv efter detta Hur r\u00e4tt att \u00f6nska livet efter detta Liv efter detta Hur r\u00e4tt att till <a class=\"more-link\" href=\"https:\/\/helensjoholm.nu\/_eng\/2011-2015\/aniara\/hur-svart-att-tro\/\">Read More &#8230;<\/a><\/p>\n","protected":false},"author":1,"featured_media":0,"parent":2128,"menu_order":0,"comment_status":"closed","ping_status":"closed","template":"","meta":{"ngg_post_thumbnail":0,"footnotes":""},"class_list":["post-4630","page","type-page","status-publish","hentry"],"aioseo_notices":[],"_links":{"self":[{"href":"https:\/\/helensjoholm.nu\/_eng\/wp-json\/wp\/v2\/pages\/4630","targetHints":{"allow":["GET"]}}],"collection":[{"href":"https:\/\/helensjoholm.nu\/_eng\/wp-json\/wp\/v2\/pages"}],"about":[{"href":"https:\/\/helensjoholm.nu\/_eng\/wp-json\/wp\/v2\/types\/page"}],"author":[{"embeddable":true,"href":"https:\/\/helensjoholm.nu\/_eng\/wp-json\/wp\/v2\/users\/1"}],"replies":[{"embeddable":true,"href":"https:\/\/helensjoholm.nu\/_eng\/wp-json\/wp\/v2\/comments?post=4630"}],"version-history":[{"count":0,"href":"https:\/\/helensjoholm.nu\/_eng\/wp-json\/wp\/v2\/pages\/4630\/revisions"}],"up":[{"embeddable":true,"href":"https:\/\/helensjoholm.nu\/_eng\/wp-json\/wp\/v2\/pages\/2128"}],"wp:attachment":[{"href":"https:\/\/helensjoholm.nu\/_eng\/wp-json\/wp\/v2\/media?parent=4630"}],"curies":[{"name":"wp","href":"https:\/\/api.w.org\/{rel}","templated":true}]}}